{"id":1406,"date":"2021-03-25T23:30:03","date_gmt":"2021-03-25T22:30:03","guid":{"rendered":"https:\/\/www.topnatechnika.com\/?page_id=1406"},"modified":"2021-04-03T12:21:38","modified_gmt":"2021-04-03T11:21:38","slug":"vitejte","status":"publish","type":"page","link":"https:\/\/www.topnatechnika.com\/","title":{"rendered":"\u00davod"},"content":{"rendered":"\n<p>V\u00edt\u00e1me V\u00e1s na str\u00e1nk\u00e1ch topnatechnika.com. <\/p>\n\n\n<div data-block-name=\"woocommerce\/product-new\" class=\"wc-block-grid wp-block-product-new wp-block-woocommerce-product-new wc-block-product-new has-3-columns has-multiple-rows\"><ul class=\"wc-block-grid__products\"><li class=\"wc-block-grid__product\">\n\t\t\t\t<a href=\"https:\/\/www.topnatechnika.com\/?product=benekov-izolace-vrchniho-poklopu-velka-c17-c27\" class=\"wc-block-grid__product-link\">\n\t\t\t\t\t\n\t\t\t\t\t<div class=\"wc-block-grid__product-image\"><img loading=\"lazy\" decoding=\"async\" width=\"320\" height=\"320\" src=\"https:\/\/www.topnatechnika.com\/wp-content\/uploads\/2026\/04\/Benekov-izolace-velka-320x320.jpg\" class=\"attachment-woocommerce_thumbnail size-woocommerce_thumbnail\" alt=\"Benekov izolace vrchn\u00edho poklopu velk\u00e1 C17, C27\" srcset=\"https:\/\/www.topnatechnika.com\/wp-content\/uploads\/2026\/04\/Benekov-izolace-velka-320x320.jpg 320w, https:\/\/www.topnatechnika.com\/wp-content\/uploads\/2026\/04\/Benekov-izolace-velka-100x100.jpg 100w\" sizes=\"auto, (max-width: 320px) 100vw, 320px\" \/><\/div>\n\t\t\t\t\t<div class=\"wc-block-grid__product-title\">Benekov izolace vrchn\u00edho poklopu velk\u00e1 C17, C27<\/div>\n\t\t\t\t<\/a>\n\t\t\t\t<div class=\"wc-block-grid__product-price price\"><span class=\"woocommerce-Price-amount amount\">330&nbsp;<span class=\"woocommerce-Price-currencySymbol\">&#075;&#269;<\/span><\/span> <small class=\"woocommerce-price-suffix\">\u201ev\u010detn\u011b DPH\u201c<\/small><\/div>\n\t\t\t\t\n\t\t\t\t<div class=\"wp-block-button wc-block-grid__product-add-to-cart\"><a href=\"?add-to-cart=5491\" aria-label=\"P\u0159idat do ko\u0161\u00edku: &ldquo;Benekov izolace vrchn\u00edho poklopu velk\u00e1 C17, C27&rdquo;\" data-quantity=\"1\" data-product_id=\"5491\" data-product_sku=\"3001906\" data-price=\"330\" rel=\"nofollow\" class=\"wp-block-button__link  add_to_cart_button ajax_add_to_cart\">P\u0159idat do ko\u0161\u00edku<\/a><\/div>\n\t\t\t<\/li><li class=\"wc-block-grid__product\">\n\t\t\t\t<a href=\"https:\/\/www.topnatechnika.com\/?product=benekov-izolace-vrchniho-poklopu-c17-c27\" class=\"wc-block-grid__product-link\">\n\t\t\t\t\t\n\t\t\t\t\t<div class=\"wc-block-grid__product-image\"><img loading=\"lazy\" decoding=\"async\" width=\"320\" height=\"320\" src=\"https:\/\/www.topnatechnika.com\/wp-content\/uploads\/2026\/04\/Benekov-izolace-mala-320x320.jpg\" class=\"attachment-woocommerce_thumbnail size-woocommerce_thumbnail\" alt=\"Benekov izolace vrchn\u00edho poklopu mal\u00e1 C17,C27.\" srcset=\"https:\/\/www.topnatechnika.com\/wp-content\/uploads\/2026\/04\/Benekov-izolace-mala-320x320.jpg 320w, https:\/\/www.topnatechnika.com\/wp-content\/uploads\/2026\/04\/Benekov-izolace-mala-100x100.jpg 100w\" sizes=\"auto, (max-width: 320px) 100vw, 320px\" \/><\/div>\n\t\t\t\t\t<div class=\"wc-block-grid__product-title\">Benekov izolace vrchn\u00edho poklopu mal\u00e1 C17, C27<\/div>\n\t\t\t\t<\/a>\n\t\t\t\t<div class=\"wc-block-grid__product-price price\"><span class=\"woocommerce-Price-amount amount\">160&nbsp;<span class=\"woocommerce-Price-currencySymbol\">&#075;&#269;<\/span><\/span> <small class=\"woocommerce-price-suffix\">\u201ev\u010detn\u011b DPH\u201c<\/small><\/div>\n\t\t\t\t\n\t\t\t\t<div class=\"wp-block-button wc-block-grid__product-add-to-cart\"><a href=\"?add-to-cart=5489\" aria-label=\"P\u0159idat do ko\u0161\u00edku: &ldquo;Benekov izolace vrchn\u00edho poklopu mal\u00e1 C17, C27&rdquo;\" data-quantity=\"1\" data-product_id=\"5489\" data-product_sku=\"3001905\" data-price=\"160\" rel=\"nofollow\" class=\"wp-block-button__link  add_to_cart_button ajax_add_to_cart\">P\u0159idat do ko\u0161\u00edku<\/a><\/div>\n\t\t\t<\/li><li class=\"wc-block-grid__product\">\n\t\t\t\t<a href=\"https:\/\/www.topnatechnika.com\/?product=benekov-snekova-hridel\" class=\"wc-block-grid__product-link\">\n\t\t\t\t\t\n\t\t\t\t\t<div class=\"wc-block-grid__product-image\"><img loading=\"lazy\" decoding=\"async\" width=\"320\" height=\"184\" src=\"https:\/\/www.topnatechnika.com\/wp-content\/uploads\/2026\/04\/snekova-hridel-100-320x184.png\" class=\"attachment-woocommerce_thumbnail size-woocommerce_thumbnail\" alt=\"Lze pou\u017e\u00edt tak\u00e9 do kotl\u016f C77, C107, R100, R76, R101\" \/><\/div>\n\t\t\t\t\t<div class=\"wc-block-grid__product-title\">Benekov \u0161nekov\u00e1 h\u0159\u00eddel C 100<\/div>\n\t\t\t\t<\/a>\n\t\t\t\t<div class=\"wc-block-grid__product-price price\"><span class=\"woocommerce-Price-amount amount\">7.260&nbsp;<span class=\"woocommerce-Price-currencySymbol\">&#075;&#269;<\/span><\/span> <small class=\"woocommerce-price-suffix\">\u201ev\u010detn\u011b DPH\u201c<\/small><\/div>\n\t\t\t\t\n\t\t\t\t<div class=\"wp-block-button wc-block-grid__product-add-to-cart\"><a href=\"?add-to-cart=5473\" aria-label=\"P\u0159idat do ko\u0161\u00edku: &ldquo;Benekov \u0161nekov\u00e1 h\u0159\u00eddel C 100&rdquo;\" data-quantity=\"1\" data-product_id=\"5473\" data-product_sku=\"1121390300\" data-price=\"7260\" rel=\"nofollow\" class=\"wp-block-button__link  add_to_cart_button ajax_add_to_cart\">P\u0159idat do ko\u0161\u00edku<\/a><\/div>\n\t\t\t<\/li><li class=\"wc-block-grid__product\">\n\t\t\t\t<a href=\"https:\/\/www.topnatechnika.com\/?product=benekov-box-odpopelnovace-r26-40l-uplny\" class=\"wc-block-grid__product-link\">\n\t\t\t\t\t\n\t\t\t\t\t<div class=\"wc-block-grid__product-image\"><img loading=\"lazy\" decoding=\"async\" width=\"320\" height=\"320\" src=\"https:\/\/www.topnatechnika.com\/wp-content\/uploads\/2025\/10\/odpopelnovac-320x320.png\" class=\"attachment-woocommerce_thumbnail size-woocommerce_thumbnail\" alt=\"Box odpopel\u0148ova\u010de\" srcset=\"https:\/\/www.topnatechnika.com\/wp-content\/uploads\/2025\/10\/odpopelnovac-320x320.png 320w, https:\/\/www.topnatechnika.com\/wp-content\/uploads\/2025\/10\/odpopelnovac-100x100.png 100w\" sizes=\"auto, (max-width: 320px) 100vw, 320px\" \/><\/div>\n\t\t\t\t\t<div class=\"wc-block-grid__product-title\">Benekov box odpopel\u0148ova\u010de R26 40L \u00fapln\u00fd<\/div>\n\t\t\t\t<\/a>\n\t\t\t\t<div class=\"wc-block-grid__product-price price\"><span class=\"woocommerce-Price-amount amount\">3.485&nbsp;<span class=\"woocommerce-Price-currencySymbol\">&#075;&#269;<\/span><\/span> <small class=\"woocommerce-price-suffix\">\u201ev\u010detn\u011b DPH\u201c<\/small><\/div>\n\t\t\t\t\n\t\t\t\t<div class=\"wp-block-button wc-block-grid__product-add-to-cart\"><a href=\"?add-to-cart=5107\" aria-label=\"P\u0159idat do ko\u0161\u00edku: &ldquo;Benekov box odpopel\u0148ova\u010de R26 40L \u00fapln\u00fd&rdquo;\" data-quantity=\"1\" data-product_id=\"5107\" data-product_sku=\"1310439600\" data-price=\"3485\" rel=\"nofollow\" class=\"wp-block-button__link  add_to_cart_button ajax_add_to_cart\">P\u0159idat do ko\u0161\u00edku<\/a><\/div>\n\t\t\t<\/li><li class=\"wc-block-grid__product\">\n\t\t\t\t<a href=\"https:\/\/www.topnatechnika.com\/?product=benekov-rost-b-14-uhli\" class=\"wc-block-grid__product-link\">\n\t\t\t\t\t\n\t\t\t\t\t<div class=\"wc-block-grid__product-image\"><img loading=\"lazy\" decoding=\"async\" width=\"320\" height=\"320\" src=\"https:\/\/www.topnatechnika.com\/wp-content\/uploads\/2025\/10\/rost-B14-uhli-320x320.jpg\" class=\"attachment-woocommerce_thumbnail size-woocommerce_thumbnail\" alt=\"Benekov ro\u0161t B14 uhl\u00ed.\" srcset=\"https:\/\/www.topnatechnika.com\/wp-content\/uploads\/2025\/10\/rost-B14-uhli-320x320.jpg 320w, https:\/\/www.topnatechnika.com\/wp-content\/uploads\/2025\/10\/rost-B14-uhli-100x100.jpg 100w\" sizes=\"auto, (max-width: 320px) 100vw, 320px\" \/><\/div>\n\t\t\t\t\t<div class=\"wc-block-grid__product-title\">Benekov ro\u0161t uhl\u00ed B 14<\/div>\n\t\t\t\t<\/a>\n\t\t\t\t<div class=\"wc-block-grid__product-price price\"><span class=\"woocommerce-Price-amount amount\">2.905&nbsp;<span class=\"woocommerce-Price-currencySymbol\">&#075;&#269;<\/span><\/span> <small class=\"woocommerce-price-suffix\">\u201ev\u010detn\u011b DPH\u201c<\/small><\/div>\n\t\t\t\t\n\t\t\t\t<div class=\"wp-block-button wc-block-grid__product-add-to-cart\"><a href=\"?add-to-cart=5059\" aria-label=\"P\u0159idat do ko\u0161\u00edku: &ldquo;Benekov ro\u0161t uhl\u00ed B 14&rdquo;\" data-quantity=\"1\" data-product_id=\"5059\" data-product_sku=\"3000144\" data-price=\"2905\" rel=\"nofollow\" class=\"wp-block-button__link  add_to_cart_button ajax_add_to_cart\">P\u0159idat do ko\u0161\u00edku<\/a><\/div>\n\t\t\t<\/li><li class=\"wc-block-grid__product\">\n\t\t\t\t<a href=\"https:\/\/www.topnatechnika.com\/?product=benekov-izolace-dvirek-c-50\" class=\"wc-block-grid__product-link\">\n\t\t\t\t\t\n\t\t\t\t\t<div class=\"wc-block-grid__product-image\"><img loading=\"lazy\" decoding=\"async\" width=\"189\" height=\"320\" src=\"https:\/\/www.topnatechnika.com\/wp-content\/uploads\/2025\/09\/izolace-vnejsich-dvirek-C-50-189x320.png\" class=\"attachment-woocommerce_thumbnail size-woocommerce_thumbnail\" alt=\"Benekov izolace vn\u011bj\u0161\u00edch dv\u00ed\u0159ek C 50\" \/><\/div>\n\t\t\t\t\t<div class=\"wc-block-grid__product-title\">Benekov izolace dv\u00ed\u0159ek C50<\/div>\n\t\t\t\t<\/a>\n\t\t\t\t<div class=\"wc-block-grid__product-price price\"><span class=\"woocommerce-Price-amount amount\">1.565&nbsp;<span class=\"woocommerce-Price-currencySymbol\">&#075;&#269;<\/span><\/span> <small class=\"woocommerce-price-suffix\">\u201ev\u010detn\u011b DPH\u201c<\/small><\/div>\n\t\t\t\t\n\t\t\t\t<div class=\"wp-block-button wc-block-grid__product-add-to-cart\"><a href=\"?add-to-cart=4980\" aria-label=\"P\u0159idat do ko\u0161\u00edku: &ldquo;Benekov izolace dv\u00ed\u0159ek C50&rdquo;\" data-quantity=\"1\" data-product_id=\"4980\" data-product_sku=\"112031502\" data-price=\"1565\" rel=\"nofollow\" class=\"wp-block-button__link  add_to_cart_button ajax_add_to_cart\">P\u0159idat do ko\u0161\u00edku<\/a><\/div>\n\t\t\t<\/li><li class=\"wc-block-grid__product\">\n\t\t\t\t<a href=\"https:\/\/www.topnatechnika.com\/?product=benekov-izolace-mala-c50\" class=\"wc-block-grid__product-link\">\n\t\t\t\t\t\n\t\t\t\t\t<div class=\"wc-block-grid__product-image\"><img loading=\"lazy\" decoding=\"async\" width=\"201\" height=\"320\" src=\"https:\/\/www.topnatechnika.com\/wp-content\/uploads\/2025\/09\/izolace-mala-C50-201x320.png\" class=\"attachment-woocommerce_thumbnail size-woocommerce_thumbnail\" alt=\"Izolace C 50\" \/><\/div>\n\t\t\t\t\t<div class=\"wc-block-grid__product-title\">Benekov izolace mal\u00e1 C50<\/div>\n\t\t\t\t<\/a>\n\t\t\t\t<div class=\"wc-block-grid__product-price price\"><span class=\"woocommerce-Price-amount amount\">726&nbsp;<span class=\"woocommerce-Price-currencySymbol\">&#075;&#269;<\/span><\/span> <small class=\"woocommerce-price-suffix\">\u201ev\u010detn\u011b DPH\u201c<\/small><\/div>\n\t\t\t\t\n\t\t\t\t<div class=\"wp-block-button wc-block-grid__product-add-to-cart\"><a href=\"?add-to-cart=4978\" aria-label=\"P\u0159idat do ko\u0161\u00edku: &ldquo;Benekov izolace mal\u00e1 C50&rdquo;\" data-quantity=\"1\" data-product_id=\"4978\" data-product_sku=\"1120315202\" data-price=\"726\" rel=\"nofollow\" class=\"wp-block-button__link  add_to_cart_button ajax_add_to_cart\">P\u0159idat do ko\u0161\u00edku<\/a><\/div>\n\t\t\t<\/li><li class=\"wc-block-grid__product\">\n\t\t\t\t<a href=\"https:\/\/www.topnatechnika.com\/?product=benekov-reflektor-c5777107\" class=\"wc-block-grid__product-link\">\n\t\t\t\t\t\n\t\t\t\t\t<div class=\"wc-block-grid__product-image\"><img loading=\"lazy\" decoding=\"async\" width=\"320\" height=\"277\" src=\"https:\/\/www.topnatechnika.com\/wp-content\/uploads\/2025\/09\/reflektor-C57-320x277.jpg\" class=\"attachment-woocommerce_thumbnail size-woocommerce_thumbnail\" alt=\"reflektor C57, C77, C107\" \/><\/div>\n\t\t\t\t\t<div class=\"wc-block-grid__product-title\">Benekov reflektor C57,77,107<\/div>\n\t\t\t\t<\/a>\n\t\t\t\t<div class=\"wc-block-grid__product-price price\"><span class=\"woocommerce-Price-amount amount\">1.292&nbsp;<span class=\"woocommerce-Price-currencySymbol\">&#075;&#269;<\/span><\/span> <small class=\"woocommerce-price-suffix\">\u201ev\u010detn\u011b DPH\u201c<\/small><\/div>\n\t\t\t\t\n\t\t\t\t<div class=\"wp-block-button wc-block-grid__product-add-to-cart\"><a href=\"?add-to-cart=4935\" aria-label=\"P\u0159idat do ko\u0161\u00edku: &ldquo;Benekov reflektor C57,77,107&rdquo;\" data-quantity=\"1\" data-product_id=\"4935\" data-product_sku=\"3000521\" data-price=\"1292\" rel=\"nofollow\" class=\"wp-block-button__link  add_to_cart_button ajax_add_to_cart\">P\u0159idat do ko\u0161\u00edku<\/a><\/div>\n\t\t\t<\/li><li class=\"wc-block-grid__product\">\n\t\t\t\t<a href=\"https:\/\/www.topnatechnika.com\/?product=viadrus-cidlo-2\" class=\"wc-block-grid__product-link\">\n\t\t\t\t\t\n\t\t\t\t\t<div class=\"wc-block-grid__product-image\"><img loading=\"lazy\" decoding=\"async\" width=\"320\" height=\"320\" src=\"https:\/\/www.topnatechnika.com\/wp-content\/uploads\/2025\/07\/cidlo-Viadrus-320x320.png\" class=\"attachment-woocommerce_thumbnail size-woocommerce_thumbnail\" alt=\"Viadrus \u010didlo\" srcset=\"https:\/\/www.topnatechnika.com\/wp-content\/uploads\/2025\/07\/cidlo-Viadrus-320x320.png 320w, https:\/\/www.topnatechnika.com\/wp-content\/uploads\/2025\/07\/cidlo-Viadrus-100x100.png 100w\" sizes=\"auto, (max-width: 320px) 100vw, 320px\" \/><\/div>\n\t\t\t\t\t<div class=\"wc-block-grid__product-title\">Viadrus \u010didlo<\/div>\n\t\t\t\t<\/a>\n\t\t\t\t<div class=\"wc-block-grid__product-price price\"><span class=\"woocommerce-Price-amount amount\">720&nbsp;<span class=\"woocommerce-Price-currencySymbol\">&#075;&#269;<\/span><\/span> <small class=\"woocommerce-price-suffix\">\u201ev\u010detn\u011b DPH\u201c<\/small><\/div>\n\t\t\t\t\n\t\t\t\t<div class=\"wp-block-button wc-block-grid__product-add-to-cart\"><a href=\"?add-to-cart=4848\" aria-label=\"P\u0159idat do ko\u0161\u00edku: &ldquo;Viadrus \u010didlo&rdquo;\" data-quantity=\"1\" data-product_id=\"4848\" data-product_sku=\"12015987\" data-price=\"720\" rel=\"nofollow\" class=\"wp-block-button__link  add_to_cart_button ajax_add_to_cart\">P\u0159idat do ko\u0161\u00edku<\/a><\/div>\n\t\t\t<\/li><\/ul><\/div>","protected":false},"excerpt":{"rendered":"<p>V\u00edt\u00e1me V\u00e1s na str\u00e1nk\u00e1ch topnatechnika.com.<\/p>\n","protected":false},"author":1,"featured_media":0,"parent":0,"menu_order":0,"comment_status":"closed","ping_status":"closed","template":"","meta":{"footnotes":""},"class_list":["post-1406","page","type-page","status-publish","hentry","thunk-woo-product-list","opn-qv-enable","top-store-woo-hover-","top-store-single-product-tab-horizontal","top-store-shadow-","top-store-shadow-hover-"],"_links":{"self":[{"href":"https:\/\/www.topnatechnika.com\/index.php?rest_route=\/wp\/v2\/pages\/1406","targetHints":{"allow":["GET"]}}],"collection":[{"href":"https:\/\/www.topnatechnika.com\/index.php?rest_route=\/wp\/v2\/pages"}],"about":[{"href":"https:\/\/www.topnatechnika.com\/index.php?rest_route=\/wp\/v2\/types\/page"}],"author":[{"embeddable":true,"href":"https:\/\/www.topnatechnika.com\/index.php?rest_route=\/wp\/v2\/users\/1"}],"replies":[{"embeddable":true,"href":"https:\/\/www.topnatechnika.com\/index.php?rest_route=%2Fwp%2Fv2%2Fcomments&post=1406"}],"version-history":[{"count":7,"href":"https:\/\/www.topnatechnika.com\/index.php?rest_route=\/wp\/v2\/pages\/1406\/revisions"}],"predecessor-version":[{"id":1661,"href":"https:\/\/www.topnatechnika.com\/index.php?rest_route=\/wp\/v2\/pages\/1406\/revisions\/1661"}],"wp:attachment":[{"href":"https:\/\/www.topnatechnika.com\/index.php?rest_route=%2Fwp%2Fv2%2Fmedia&parent=1406"}],"curies":[{"name":"wp","href":"https:\/\/api.w.org\/{rel}","templated":true}]}}