{"id":8,"date":"2020-11-30T00:00:00","date_gmt":"2020-11-29T23:00:00","guid":{"rendered":"http:\/\/localhost\/wordpress\/?page_id=8"},"modified":"2021-03-15T00:00:02","modified_gmt":"2021-03-14T23:00:02","slug":"my-account","status":"publish","type":"page","link":"https:\/\/www.topnatechnika.com\/?page_id=8","title":{"rendered":"M\u016fj \u00fa\u010det"},"content":{"rendered":"<div class=\"woocommerce\"><div class=\"woocommerce-notices-wrapper\"><\/div>\n\n<div class=\"u-columns col2-set\" id=\"customer_login\">\n\n\t<div class=\"u-column1 col-1\">\n\n\n\t\t<h2>P\u0159ihl\u00e1\u0161en\u00ed<\/h2>\n\n\t\t<form class=\"woocommerce-form woocommerce-form-login login\" method=\"post\" novalidate>\n\n\t\t\t\n\t\t\t<p class=\"woocommerce-form-row woocommerce-form-row--wide form-row form-row-wide\">\n\t\t\t\t<label for=\"username\">U\u017eivatelsk\u00e9 jm\u00e9no nebo e-mail&nbsp;<span class=\"required\" aria-hidden=\"true\">*<\/span><span class=\"screen-reader-text\">Povinn\u00e9<\/span><\/label>\n\t\t\t\t<input type=\"text\" class=\"woocommerce-Input woocommerce-Input--text input-text\" name=\"username\" id=\"username\" autocomplete=\"username\" value=\"\" required aria-required=\"true\" \/>\t\t\t<\/p>\n\t\t\t<p class=\"woocommerce-form-row woocommerce-form-row--wide form-row form-row-wide\">\n\t\t\t\t<label for=\"password\">Heslo&nbsp;<span class=\"required\" aria-hidden=\"true\">*<\/span><span class=\"screen-reader-text\">Povinn\u00e9<\/span><\/label>\n\t\t\t\t<input class=\"woocommerce-Input woocommerce-Input--text input-text\" type=\"password\" name=\"password\" id=\"password\" autocomplete=\"current-password\" required aria-required=\"true\" \/>\n\t\t\t<\/p>\n\n\t\t\t\n\t\t\t<p class=\"form-row\">\n\t\t\t\t<label class=\"woocommerce-form__label woocommerce-form__label-for-checkbox woocommerce-form-login__rememberme\">\n\t\t\t\t\t<input class=\"woocommerce-form__input woocommerce-form__input-checkbox\" name=\"rememberme\" type=\"checkbox\" id=\"rememberme\" value=\"forever\" \/> <span>Zapamatujte si m\u011b<\/span>\n\t\t\t\t<\/label>\n\t\t\t\t<input type=\"hidden\" id=\"woocommerce-login-nonce\" name=\"woocommerce-login-nonce\" value=\"360a4061af\" \/><input type=\"hidden\" name=\"_wp_http_referer\" value=\"\/index.php?rest_route=%2Fwp%2Fv2%2Fpages%2F8\" \/>\t\t\t\t<button type=\"submit\" class=\"woocommerce-button button woocommerce-form-login__submit\" name=\"login\" value=\"P\u0159ihl\u00e1sit se\">P\u0159ihl\u00e1sit se<\/button>\n\t\t\t<\/p>\n\t\t\t<p class=\"woocommerce-LostPassword lost_password\">\n\t\t\t\t<a href=\"https:\/\/www.topnatechnika.com\/?page_id=8&#038;zapomenute-heslo\">Zapomn\u011bli jste heslo?<\/a>\n\t\t\t<\/p>\n\n\t\t\t\n\t\t<\/form>\n\n\n\t<\/div>\n\n\t<div class=\"u-column2 col-2\">\n\n\t\t<h2>Registrovat se<\/h2>\n\n\t\t<form method=\"post\" class=\"woocommerce-form woocommerce-form-register register\"  >\n\n\t\t\t\n\t\t\t\n\t\t\t<p class=\"woocommerce-form-row woocommerce-form-row--wide form-row form-row-wide\">\n\t\t\t\t<label for=\"reg_email\">E-mailov\u00e1 adresa&nbsp;<span class=\"required\" aria-hidden=\"true\">*<\/span><span class=\"screen-reader-text\">Povinn\u00e9<\/span><\/label>\n\t\t\t\t<input type=\"email\" class=\"woocommerce-Input woocommerce-Input--text input-text\" name=\"email\" id=\"reg_email\" autocomplete=\"email\" value=\"\" required aria-required=\"true\" \/>\t\t\t<\/p>\n\n\t\t\t\n\t\t\t\t<p>Na v\u00e1\u0161 e-mail bude zasl\u00e1n odkaz pro nastaven\u00ed nov\u00e9ho hesla.<\/p>\n\n\t\t\t\n\t\t\t<wc-order-attribution-inputs><\/wc-order-attribution-inputs><div class=\"woocommerce-privacy-policy-text\"><p>OCHRANA OSOBN\u00cdCH \u00daDAJ\u016e<br \/>\nOchrana osobn\u00edch \u00fadaj\u016f kupuj\u00edc\u00edho, kter\u00fd je fyzickou osobou, je poskytov\u00e1na z\u00e1konem \u010d. 101\/2000 Sb., o ochran\u011b osobn\u00edch \u00fadaj\u016f, ve zn\u011bn\u00ed pozd\u011bj\u0161\u00edch p\u0159edpis\u016f.<br \/>\nKupuj\u00edc\u00ed souhlas\u00ed se zpracov\u00e1n\u00edm t\u011bchto sv\u00fdch osobn\u00edch \u00fadaj\u016f: jm\u00e9no a p\u0159\u00edjmen\u00ed, adresa bydli\u0161t\u011b, identifika\u010dn\u00ed \u010d\u00edslo, da\u0148ov\u00e9 identifika\u010dn\u00ed \u010d\u00edslo, adresa elektronick\u00e9 po\u0161ty, telefonn\u00ed \u010d\u00edslo a (d\u00e1le spole\u010dn\u011b v\u0161e jen jako \u201eosobn\u00ed \u00fadaje\u201c). Kupuj\u00edc\u00ed souhlas\u00ed se zpracov\u00e1n\u00edm osobn\u00edch \u00fadaj\u016f prod\u00e1vaj\u00edc\u00edm, a to pro \u00fa\u010dely realizace pr\u00e1v a povinnost\u00ed z kupn\u00ed smlouvy a pro \u00fa\u010dely veden\u00ed u\u017eivatelsk\u00e9ho \u00fa\u010dtu. Nezvol\u00ed-li kupuj\u00edc\u00ed jinou mo\u017enost, souhlas\u00ed se zpracov\u00e1n\u00edm osobn\u00edch \u00fadaj\u016f prod\u00e1vaj\u00edc\u00edm tak\u00e9 pro \u00fa\u010dely zas\u00edl\u00e1n\u00ed informac\u00ed a obchodn\u00edch sd\u011blen\u00ed kupuj\u00edc\u00edmu. Souhlas se zpracov\u00e1n\u00edm osobn\u00edch \u00fadaj\u016f v cel\u00e9m rozsahu dle tohoto \u010dl\u00e1nku nen\u00ed podm\u00ednkou, kter\u00e1 by sama o sob\u011b znemo\u017e\u0148ovala uzav\u0159en\u00ed kupn\u00ed smlouvy.<br \/>\nKupuj\u00edc\u00ed bere na v\u011bdom\u00ed, \u017ee je povinen sv\u00e9 osobn\u00ed \u00fadaje (p\u0159i registraci, ve sv\u00e9m u\u017eivatelsk\u00e9m \u00fa\u010dtu, p\u0159i objedn\u00e1vce proveden\u00e9 z webov\u00e9ho rozhran\u00ed obchodu) uv\u00e1d\u011bt spr\u00e1vn\u011b a pravdiv\u011b a \u017ee je povinen bez zbyte\u010dn\u00e9ho odkladu informovat prod\u00e1vaj\u00edc\u00edho o zm\u011bn\u011b ve sv\u00fdch osobn\u00edch \u00fadaj\u00edch.<br \/>\nZpracov\u00e1n\u00edm osobn\u00edch \u00fadaj\u016f kupuj\u00edc\u00edho m\u016f\u017ee prod\u00e1vaj\u00edc\u00ed pov\u011b\u0159it t\u0159et\u00ed osobu, jako\u017eto zpracovatele. Krom\u011b osob dopravuj\u00edc\u00edch zbo\u017e\u00ed nebudou osobn\u00ed \u00fadaje prod\u00e1vaj\u00edc\u00edm bez p\u0159edchoz\u00edho souhlasu kupuj\u00edc\u00edho p\u0159ed\u00e1v\u00e1ny t\u0159et\u00edm osob\u00e1m. Osobn\u00ed \u00fadaje budou zpracov\u00e1v\u00e1ny po dobu neur\u010ditou. Osobn\u00ed \u00fadaje budou zpracov\u00e1v\u00e1ny v elektronick\u00e9 podob\u011b automatizovan\u00fdm zp\u016fsobem nebo v ti\u0161t\u011bn\u00e9 podob\u011b neautomatizovan\u00fdm zp\u016fsobem. Kupuj\u00edc\u00ed potvrzuje, \u017ee poskytnut\u00e9 osobn\u00ed \u00fadaje jsou p\u0159esn\u00e9 a \u017ee byl pou\u010den o tom, \u017ee se jedn\u00e1 o dobrovoln\u00e9 poskytnut\u00ed osobn\u00edch \u00fadaj\u016f. V p\u0159\u00edpad\u011b, \u017ee by se kupuj\u00edc\u00ed domn\u00edval, \u017ee prod\u00e1vaj\u00edc\u00ed nebo zpracovatel (\u010dl. 8.5) prov\u00e1d\u00ed zpracov\u00e1n\u00ed jeho osobn\u00edch \u00fadaj\u016f, kter\u00e9 je v rozporu s ochranou soukrom\u00e9ho a osobn\u00edho \u017eivota kupuj\u00edc\u00edho nebo v rozporu se z\u00e1konem, zejm\u00e9na jsou-li osobn\u00ed \u00fadaje nep\u0159esn\u00e9 s ohledem na \u00fa\u010del jejich zpracov\u00e1n\u00ed, m\u016f\u017ee:<br \/>\npo\u017e\u00e1dat prod\u00e1vaj\u00edc\u00edho nebo zpracovatele o vysv\u011btlen\u00ed,<br \/>\npo\u017eadovat, aby prod\u00e1vaj\u00edc\u00ed nebo zpracovatel odstranil takto vznikl\u00fd stav.<br \/>\nPo\u017e\u00e1d\u00e1-li kupuj\u00edc\u00ed o informaci o zpracov\u00e1n\u00ed sv\u00fdch osobn\u00edch \u00fadaj\u016f, je mu prod\u00e1vaj\u00edc\u00ed povinen tuto informaci p\u0159edat. Prod\u00e1vaj\u00edc\u00ed m\u00e1 pr\u00e1vo za poskytnut\u00ed informace podle p\u0159edchoz\u00ed v\u011bty po\u017eadovat p\u0159im\u011b\u0159enou \u00fahradu nep\u0159evy\u0161uj\u00edc\u00ed n\u00e1klady nezbytn\u00e9 na poskytnut\u00ed informace.<\/p>\n<\/div>\n\t\t\t<p class=\"woocommerce-form-row form-row\">\n\t\t\t\t<input type=\"hidden\" id=\"woocommerce-register-nonce\" name=\"woocommerce-register-nonce\" value=\"bccd424d45\" \/><input type=\"hidden\" name=\"_wp_http_referer\" value=\"\/index.php?rest_route=%2Fwp%2Fv2%2Fpages%2F8\" \/>\t\t\t\t<button type=\"submit\" class=\"woocommerce-Button woocommerce-button button woocommerce-form-register__submit\" name=\"register\" value=\"Registrovat se\">Registrovat se<\/button>\n\t\t\t<\/p>\n\n\t\t\t\n\t\t<\/form>\n\n\t<\/div>\n\n<\/div>\n\n<\/div>\n","protected":false},"excerpt":{"rendered":"","protected":false},"author":1,"featured_media":0,"parent":0,"menu_order":60,"comment_status":"closed","ping_status":"closed","template":"","meta":{"footnotes":""},"class_list":["post-8","page","type-page","status-publish","hentry","thunk-woo-product-list","opn-qv-enable","top-store-woo-hover-","top-store-single-product-tab-horizontal","top-store-shadow-","top-store-shadow-hover-"],"_links":{"self":[{"href":"https:\/\/www.topnatechnika.com\/index.php?rest_route=\/wp\/v2\/pages\/8","targetHints":{"allow":["GET"]}}],"collection":[{"href":"https:\/\/www.topnatechnika.com\/index.php?rest_route=\/wp\/v2\/pages"}],"about":[{"href":"https:\/\/www.topnatechnika.com\/index.php?rest_route=\/wp\/v2\/types\/page"}],"author":[{"embeddable":true,"href":"https:\/\/www.topnatechnika.com\/index.php?rest_route=\/wp\/v2\/users\/1"}],"replies":[{"embeddable":true,"href":"https:\/\/www.topnatechnika.com\/index.php?rest_route=%2Fwp%2Fv2%2Fcomments&post=8"}],"version-history":[{"count":1,"href":"https:\/\/www.topnatechnika.com\/index.php?rest_route=\/wp\/v2\/pages\/8\/revisions"}],"predecessor-version":[{"id":1166,"href":"https:\/\/www.topnatechnika.com\/index.php?rest_route=\/wp\/v2\/pages\/8\/revisions\/1166"}],"wp:attachment":[{"href":"https:\/\/www.topnatechnika.com\/index.php?rest_route=%2Fwp%2Fv2%2Fmedia&parent=8"}],"curies":[{"name":"wp","href":"https:\/\/api.w.org\/{rel}","templated":true}]}}