{"id":100,"date":"2021-03-12T00:04:37","date_gmt":"2021-03-11T23:04:37","guid":{"rendered":"http:\/\/www.topnatechnika.com\/?product=rost-na-obili-zrno-3"},"modified":"2023-01-09T11:05:58","modified_gmt":"2023-01-09T10:05:58","slug":"rost-na-obili-zrno-3","status":"publish","type":"product","link":"https:\/\/www.topnatechnika.com\/?product=rost-na-obili-zrno-3","title":{"rendered":"Benekov ro\u0161t na obil\u00ed  (zrno 3)."},"content":{"rendered":"<p>Pro kotle Ling 50, Ling 25, Pelling 27 a litinov\u00e9 verze kotl\u016f R25.<\/p>\n","protected":false},"excerpt":{"rendered":"<p>Pro kotle Ling 50, Ling 25, Pelling 27 a litinov\u00e9 verze kotl\u016f R25.<\/p>\n","protected":false},"featured_media":1280,"template":"","meta":[],"product_brand":[],"product_cat":[20],"product_tag":[],"class_list":{"0":"post-100","1":"product","2":"type-product","3":"status-publish","4":"has-post-thumbnail","6":"product_cat-benekov","7":"product_shipping_class-toptrans-cr","8":"thunk-woo-product-list","9":"opn-qv-enable","10":"top-store-woo-hover-","11":"top-store-single-product-tab-horizontal","12":"top-store-shadow-","13":"top-store-shadow-hover-","15":"first","16":"onbackorder","17":"taxable","18":"shipping-taxable","19":"purchasable","20":"product-type-simple"},"_links":{"self":[{"href":"https:\/\/www.topnatechnika.com\/index.php?rest_route=\/wp\/v2\/product\/100","targetHints":{"allow":["GET"]}}],"collection":[{"href":"https:\/\/www.topnatechnika.com\/index.php?rest_route=\/wp\/v2\/product"}],"about":[{"href":"https:\/\/www.topnatechnika.com\/index.php?rest_route=\/wp\/v2\/types\/product"}],"wp:featuredmedia":[{"embeddable":true,"href":"https:\/\/www.topnatechnika.com\/index.php?rest_route=\/wp\/v2\/media\/1280"}],"wp:attachment":[{"href":"https:\/\/www.topnatechnika.com\/index.php?rest_route=%2Fwp%2Fv2%2Fmedia&parent=100"}],"wp:term":[{"taxonomy":"product_brand","embeddable":true,"href":"https:\/\/www.topnatechnika.com\/index.php?rest_route=%2Fwp%2Fv2%2Fproduct_brand&post=100"},{"taxonomy":"product_cat","embeddable":true,"href":"https:\/\/www.topnatechnika.com\/index.php?rest_route=%2Fwp%2Fv2%2Fproduct_cat&post=100"},{"taxonomy":"product_tag","embeddable":true,"href":"https:\/\/www.topnatechnika.com\/index.php?rest_route=%2Fwp%2Fv2%2Fproduct_tag&post=100"}],"curies":[{"name":"wp","href":"https:\/\/api.w.org\/{rel}","templated":true}]}}