{"id":101,"date":"2021-03-12T00:04:37","date_gmt":"2021-03-11T23:04:37","guid":{"rendered":"http:\/\/www.topnatechnika.com\/?product=snekova-hridel-vl25"},"modified":"2023-06-01T07:09:53","modified_gmt":"2023-06-01T06:09:53","slug":"snekova-hridel-vl25","status":"publish","type":"product","link":"https:\/\/www.topnatechnika.com\/?product=snekova-hridel-vl25","title":{"rendered":"Benekov \u0161nekov\u00e1 h\u0159\u00eddel VL25"},"content":{"rendered":"<p>Pro kotle Ling 25 s n\u00e1sypkou 160 litr\u016f a Pelling 27.<\/p>\n<p>(uhl\u00ed, obil\u00ed, pelety)<\/p>\n","protected":false},"excerpt":{"rendered":"<p>Pro kotle Ling 25 s n\u00e1sypkou 160 litr\u016f a Pelling 27.<\/p>\n<p>(uhl\u00ed, obil\u00ed, pelety)<\/p>\n<h1><\/h1>\n<p>&nbsp;<\/p>\n","protected":false},"featured_media":1951,"template":"","meta":[],"product_brand":[],"product_cat":[20],"product_tag":[],"class_list":{"0":"post-101","1":"product","2":"type-product","3":"status-publish","4":"has-post-thumbnail","6":"product_cat-benekov","7":"product_shipping_class-toptrans-cr","8":"thunk-woo-product-list","9":"opn-qv-enable","10":"top-store-woo-hover-","11":"top-store-single-product-tab-horizontal","12":"top-store-shadow-","13":"top-store-shadow-hover-","15":"first","16":"instock","17":"taxable","18":"shipping-taxable","19":"purchasable","20":"product-type-simple"},"_links":{"self":[{"href":"https:\/\/www.topnatechnika.com\/index.php?rest_route=\/wp\/v2\/product\/101","targetHints":{"allow":["GET"]}}],"collection":[{"href":"https:\/\/www.topnatechnika.com\/index.php?rest_route=\/wp\/v2\/product"}],"about":[{"href":"https:\/\/www.topnatechnika.com\/index.php?rest_route=\/wp\/v2\/types\/product"}],"wp:featuredmedia":[{"embeddable":true,"href":"https:\/\/www.topnatechnika.com\/index.php?rest_route=\/wp\/v2\/media\/1951"}],"wp:attachment":[{"href":"https:\/\/www.topnatechnika.com\/index.php?rest_route=%2Fwp%2Fv2%2Fmedia&parent=101"}],"wp:term":[{"taxonomy":"product_brand","embeddable":true,"href":"https:\/\/www.topnatechnika.com\/index.php?rest_route=%2Fwp%2Fv2%2Fproduct_brand&post=101"},{"taxonomy":"product_cat","embeddable":true,"href":"https:\/\/www.topnatechnika.com\/index.php?rest_route=%2Fwp%2Fv2%2Fproduct_cat&post=101"},{"taxonomy":"product_tag","embeddable":true,"href":"https:\/\/www.topnatechnika.com\/index.php?rest_route=%2Fwp%2Fv2%2Fproduct_tag&post=101"}],"curies":[{"name":"wp","href":"https:\/\/api.w.org\/{rel}","templated":true}]}}