{"id":109,"date":"2021-03-12T00:04:37","date_gmt":"2021-03-11T23:04:37","guid":{"rendered":"http:\/\/www.topnatechnika.com\/?product=tesneni-vicka-smesovace-s-otvorem"},"modified":"2025-08-29T10:33:30","modified_gmt":"2025-08-29T08:33:30","slug":"tesneni-vicka-smesovace-s-otvorem","status":"publish","type":"product","link":"https:\/\/www.topnatechnika.com\/?product=tesneni-vicka-smesovace-s-otvorem","title":{"rendered":"Benekov t\u011bsn\u011bn\u00ed v\u00ed\u010dka sm\u011b\u0161ova\u010de od 02\/2003"},"content":{"rendered":"<p>Pro kotle Ling 50 a Ling 25 od v\u00fdroby 2\/2003, Pelling 27, L25, L35, C17,C27 a v\u0161echny kotle \u0159ady R s litinov\u00fdm ho\u0159\u00e1kem.<\/p>\n","protected":false},"excerpt":{"rendered":"<p>Pro kotle Ling 50 a Ling 25 od v\u00fdroby 2\/2003, Pelling 27, L25, L35, C17,C27 a v\u0161echny kotle \u0159ady R s litinov\u00fdm ho\u0159\u00e1kem.<\/p>\n","protected":false},"featured_media":1282,"template":"","meta":[],"product_brand":[],"product_cat":[20],"product_tag":[],"class_list":{"0":"post-109","1":"product","2":"type-product","3":"status-publish","4":"has-post-thumbnail","6":"product_cat-benekov","7":"product_shipping_class-gl","8":"thunk-woo-product-list","9":"opn-qv-enable","10":"top-store-woo-hover-","11":"top-store-single-product-tab-horizontal","12":"top-store-shadow-","13":"top-store-shadow-hover-","15":"first","16":"instock","17":"taxable","18":"shipping-taxable","19":"purchasable","20":"product-type-simple"},"_links":{"self":[{"href":"https:\/\/www.topnatechnika.com\/index.php?rest_route=\/wp\/v2\/product\/109","targetHints":{"allow":["GET"]}}],"collection":[{"href":"https:\/\/www.topnatechnika.com\/index.php?rest_route=\/wp\/v2\/product"}],"about":[{"href":"https:\/\/www.topnatechnika.com\/index.php?rest_route=\/wp\/v2\/types\/product"}],"wp:featuredmedia":[{"embeddable":true,"href":"https:\/\/www.topnatechnika.com\/index.php?rest_route=\/wp\/v2\/media\/1282"}],"wp:attachment":[{"href":"https:\/\/www.topnatechnika.com\/index.php?rest_route=%2Fwp%2Fv2%2Fmedia&parent=109"}],"wp:term":[{"taxonomy":"product_brand","embeddable":true,"href":"https:\/\/www.topnatechnika.com\/index.php?rest_route=%2Fwp%2Fv2%2Fproduct_brand&post=109"},{"taxonomy":"product_cat","embeddable":true,"href":"https:\/\/www.topnatechnika.com\/index.php?rest_route=%2Fwp%2Fv2%2Fproduct_cat&post=109"},{"taxonomy":"product_tag","embeddable":true,"href":"https:\/\/www.topnatechnika.com\/index.php?rest_route=%2Fwp%2Fv2%2Fproduct_tag&post=109"}],"curies":[{"name":"wp","href":"https:\/\/api.w.org\/{rel}","templated":true}]}}