{"id":115,"date":"2021-03-12T00:04:38","date_gmt":"2021-03-11T23:04:38","guid":{"rendered":"http:\/\/www.topnatechnika.com\/?product=tesneni-vika-cisticiho-otvoru-nasypky"},"modified":"2023-03-08T08:24:45","modified_gmt":"2023-03-08T07:24:45","slug":"tesneni-vika-cisticiho-otvoru-nasypky","status":"publish","type":"product","link":"https:\/\/www.topnatechnika.com\/?product=tesneni-vika-cisticiho-otvoru-nasypky","title":{"rendered":"Benekov t\u011bsn\u011bn\u00ed v\u00ed\u010dka \u010distic\u00edho otvoru n\u00e1sypky."},"content":{"rendered":"<p>T\u011bsn\u011bn\u00ed v\u00ed\u010dka \u010distic\u00edho otvoru n\u00e1sypky.<\/p>\n","protected":false},"excerpt":{"rendered":"<p>T\u011bsn\u011bn\u00ed v\u00ed\u010dka \u010distic\u00edho otvoru n\u00e1sypky. (1309242002)<\/p>\n","protected":false},"featured_media":1313,"template":"","meta":[],"product_brand":[],"product_cat":[20],"product_tag":[],"class_list":{"0":"post-115","1":"product","2":"type-product","3":"status-publish","4":"has-post-thumbnail","6":"product_cat-benekov","7":"product_shipping_class-gl","8":"thunk-woo-product-list","9":"opn-qv-enable","10":"top-store-woo-hover-","11":"top-store-single-product-tab-horizontal","12":"top-store-shadow-","13":"top-store-shadow-hover-","15":"first","16":"instock","17":"taxable","18":"shipping-taxable","19":"purchasable","20":"product-type-simple"},"_links":{"self":[{"href":"https:\/\/www.topnatechnika.com\/index.php?rest_route=\/wp\/v2\/product\/115","targetHints":{"allow":["GET"]}}],"collection":[{"href":"https:\/\/www.topnatechnika.com\/index.php?rest_route=\/wp\/v2\/product"}],"about":[{"href":"https:\/\/www.topnatechnika.com\/index.php?rest_route=\/wp\/v2\/types\/product"}],"wp:featuredmedia":[{"embeddable":true,"href":"https:\/\/www.topnatechnika.com\/index.php?rest_route=\/wp\/v2\/media\/1313"}],"wp:attachment":[{"href":"https:\/\/www.topnatechnika.com\/index.php?rest_route=%2Fwp%2Fv2%2Fmedia&parent=115"}],"wp:term":[{"taxonomy":"product_brand","embeddable":true,"href":"https:\/\/www.topnatechnika.com\/index.php?rest_route=%2Fwp%2Fv2%2Fproduct_brand&post=115"},{"taxonomy":"product_cat","embeddable":true,"href":"https:\/\/www.topnatechnika.com\/index.php?rest_route=%2Fwp%2Fv2%2Fproduct_cat&post=115"},{"taxonomy":"product_tag","embeddable":true,"href":"https:\/\/www.topnatechnika.com\/index.php?rest_route=%2Fwp%2Fv2%2Fproduct_tag&post=115"}],"curies":[{"name":"wp","href":"https:\/\/api.w.org\/{rel}","templated":true}]}}