{"id":117,"date":"2021-03-12T00:04:38","date_gmt":"2021-03-11T23:04:38","guid":{"rendered":"http:\/\/www.topnatechnika.com\/?product=dvirka-plastova-rku-1-3"},"modified":"2025-01-26T12:38:16","modified_gmt":"2025-01-26T11:38:16","slug":"dvirka-plastova-rku-1-3","status":"publish","type":"product","link":"https:\/\/www.topnatechnika.com\/?product=dvirka-plastova-rku-1-3","title":{"rendered":"Benekov dv\u00ed\u0159ka plastov\u00e1 RKU 1-3."},"content":{"rendered":"<p>N\u00e1hradn\u00ed dv\u00ed\u0159ka plastov\u00e1 pro regul\u00e1tory RKU3 a RKU1.<\/p>\n","protected":false},"excerpt":{"rendered":"<p>N\u00e1hradn\u00ed dv\u00ed\u0159ka plastov\u00e1 pro regul\u00e1tory RKU3 a RKU1.<\/p>\n","protected":false},"featured_media":2757,"template":"","meta":[],"product_brand":[],"product_cat":[20],"product_tag":[],"class_list":{"0":"post-117","1":"product","2":"type-product","3":"status-publish","4":"has-post-thumbnail","6":"product_cat-benekov","7":"product_shipping_class-gl","8":"thunk-woo-product-list","9":"opn-qv-enable","10":"top-store-woo-hover-","11":"top-store-single-product-tab-horizontal","12":"top-store-shadow-","13":"top-store-shadow-hover-","15":"first","16":"outofstock","17":"taxable","18":"shipping-taxable","19":"purchasable","20":"product-type-simple"},"_links":{"self":[{"href":"https:\/\/www.topnatechnika.com\/index.php?rest_route=\/wp\/v2\/product\/117","targetHints":{"allow":["GET"]}}],"collection":[{"href":"https:\/\/www.topnatechnika.com\/index.php?rest_route=\/wp\/v2\/product"}],"about":[{"href":"https:\/\/www.topnatechnika.com\/index.php?rest_route=\/wp\/v2\/types\/product"}],"wp:featuredmedia":[{"embeddable":true,"href":"https:\/\/www.topnatechnika.com\/index.php?rest_route=\/wp\/v2\/media\/2757"}],"wp:attachment":[{"href":"https:\/\/www.topnatechnika.com\/index.php?rest_route=%2Fwp%2Fv2%2Fmedia&parent=117"}],"wp:term":[{"taxonomy":"product_brand","embeddable":true,"href":"https:\/\/www.topnatechnika.com\/index.php?rest_route=%2Fwp%2Fv2%2Fproduct_brand&post=117"},{"taxonomy":"product_cat","embeddable":true,"href":"https:\/\/www.topnatechnika.com\/index.php?rest_route=%2Fwp%2Fv2%2Fproduct_cat&post=117"},{"taxonomy":"product_tag","embeddable":true,"href":"https:\/\/www.topnatechnika.com\/index.php?rest_route=%2Fwp%2Fv2%2Fproduct_tag&post=117"}],"curies":[{"name":"wp","href":"https:\/\/api.w.org\/{rel}","templated":true}]}}