{"id":121,"date":"2021-03-12T00:04:38","date_gmt":"2021-03-11T23:04:38","guid":{"rendered":"http:\/\/www.topnatechnika.com\/?product=vlozka-tela-podavace-vl-50"},"modified":"2024-02-24T11:05:43","modified_gmt":"2024-02-24T10:05:43","slug":"vlozka-tela-podavace-vl-50","status":"publish","type":"product","link":"https:\/\/www.topnatechnika.com\/?product=vlozka-tela-podavace-vl-50","title":{"rendered":"Benekov vlo\u017eka t\u011bla podava\u010de VL 50"},"content":{"rendered":"<p>Vlo\u017eka t\u011bla podava\u010de paliva VL 50.<\/p>\n","protected":false},"excerpt":{"rendered":"<p>Vlo\u017eka t\u011bla podava\u010de paliva VL 50.<\/p>\n","protected":false},"featured_media":1312,"template":"","meta":[],"product_brand":[],"product_cat":[20],"product_tag":[],"class_list":{"0":"post-121","1":"product","2":"type-product","3":"status-publish","4":"has-post-thumbnail","6":"product_cat-benekov","7":"product_shipping_class-gl","8":"thunk-woo-product-list","9":"opn-qv-enable","10":"top-store-woo-hover-","11":"top-store-single-product-tab-horizontal","12":"top-store-shadow-","13":"top-store-shadow-hover-","15":"first","16":"onbackorder","17":"taxable","18":"shipping-taxable","19":"purchasable","20":"product-type-simple"},"_links":{"self":[{"href":"https:\/\/www.topnatechnika.com\/index.php?rest_route=\/wp\/v2\/product\/121","targetHints":{"allow":["GET"]}}],"collection":[{"href":"https:\/\/www.topnatechnika.com\/index.php?rest_route=\/wp\/v2\/product"}],"about":[{"href":"https:\/\/www.topnatechnika.com\/index.php?rest_route=\/wp\/v2\/types\/product"}],"wp:featuredmedia":[{"embeddable":true,"href":"https:\/\/www.topnatechnika.com\/index.php?rest_route=\/wp\/v2\/media\/1312"}],"wp:attachment":[{"href":"https:\/\/www.topnatechnika.com\/index.php?rest_route=%2Fwp%2Fv2%2Fmedia&parent=121"}],"wp:term":[{"taxonomy":"product_brand","embeddable":true,"href":"https:\/\/www.topnatechnika.com\/index.php?rest_route=%2Fwp%2Fv2%2Fproduct_brand&post=121"},{"taxonomy":"product_cat","embeddable":true,"href":"https:\/\/www.topnatechnika.com\/index.php?rest_route=%2Fwp%2Fv2%2Fproduct_cat&post=121"},{"taxonomy":"product_tag","embeddable":true,"href":"https:\/\/www.topnatechnika.com\/index.php?rest_route=%2Fwp%2Fv2%2Fproduct_tag&post=121"}],"curies":[{"name":"wp","href":"https:\/\/api.w.org\/{rel}","templated":true}]}}