{"id":1302,"date":"2021-03-21T10:52:14","date_gmt":"2021-03-21T09:52:14","guid":{"rendered":"https:\/\/www.topnatechnika.com\/?post_type=product&#038;p=1302"},"modified":"2026-01-28T14:27:00","modified_gmt":"2026-01-28T13:27:00","slug":"pridavny-plech-dvirek-velkych","status":"publish","type":"product","link":"https:\/\/www.topnatechnika.com\/?product=pridavny-plech-dvirek-velkych","title":{"rendered":"Benekov p\u0159\u00eddavn\u00fd plech dv\u00ed\u0159ek (velk\u00fdch)."},"content":{"rendered":"<p>Ur\u010deno pro horn\u00ed dv\u00ed\u0159ka kotl\u016f Pelling 27 a Ling 50.<\/p>\n","protected":false},"excerpt":{"rendered":"<p>Ur\u010deno pro horn\u00ed dv\u00ed\u0159ka kotl\u016f Pelling 27 a Ling 50.<\/p>\n","protected":false},"featured_media":2744,"template":"","meta":[],"product_brand":[],"product_cat":[20],"product_tag":[],"class_list":{"0":"post-1302","1":"product","2":"type-product","3":"status-publish","4":"has-post-thumbnail","6":"product_cat-benekov","7":"product_shipping_class-gl","8":"thunk-woo-product-list","9":"opn-qv-enable","10":"top-store-woo-hover-","11":"top-store-single-product-tab-horizontal","12":"top-store-shadow-","13":"top-store-shadow-hover-","15":"first","16":"instock","17":"taxable","18":"shipping-taxable","19":"purchasable","20":"product-type-simple"},"_links":{"self":[{"href":"https:\/\/www.topnatechnika.com\/index.php?rest_route=\/wp\/v2\/product\/1302","targetHints":{"allow":["GET"]}}],"collection":[{"href":"https:\/\/www.topnatechnika.com\/index.php?rest_route=\/wp\/v2\/product"}],"about":[{"href":"https:\/\/www.topnatechnika.com\/index.php?rest_route=\/wp\/v2\/types\/product"}],"wp:featuredmedia":[{"embeddable":true,"href":"https:\/\/www.topnatechnika.com\/index.php?rest_route=\/wp\/v2\/media\/2744"}],"wp:attachment":[{"href":"https:\/\/www.topnatechnika.com\/index.php?rest_route=%2Fwp%2Fv2%2Fmedia&parent=1302"}],"wp:term":[{"taxonomy":"product_brand","embeddable":true,"href":"https:\/\/www.topnatechnika.com\/index.php?rest_route=%2Fwp%2Fv2%2Fproduct_brand&post=1302"},{"taxonomy":"product_cat","embeddable":true,"href":"https:\/\/www.topnatechnika.com\/index.php?rest_route=%2Fwp%2Fv2%2Fproduct_cat&post=1302"},{"taxonomy":"product_tag","embeddable":true,"href":"https:\/\/www.topnatechnika.com\/index.php?rest_route=%2Fwp%2Fv2%2Fproduct_tag&post=1302"}],"curies":[{"name":"wp","href":"https:\/\/api.w.org\/{rel}","templated":true}]}}