{"id":1328,"date":"2021-03-22T13:05:20","date_gmt":"2021-03-22T12:05:20","guid":{"rendered":"https:\/\/www.topnatechnika.com\/?post_type=product&#038;p=1328"},"modified":"2022-12-29T15:05:20","modified_gmt":"2022-12-29T14:05:20","slug":"kotlovy-kartac","status":"publish","type":"product","link":"https:\/\/www.topnatechnika.com\/?product=kotlovy-kartac","title":{"rendered":"Benekov kotlov\u00fd kart\u00e1\u010d"},"content":{"rendered":"<p>Kotlov\u00fd kart\u00e1\u010d.<\/p>\n","protected":false},"excerpt":{"rendered":"<p>Kotlov\u00fd kart\u00e1\u010d.<\/p>\n","protected":false},"featured_media":1329,"template":"","meta":[],"product_brand":[],"product_cat":[20],"product_tag":[],"class_list":{"0":"post-1328","1":"product","2":"type-product","3":"status-publish","4":"has-post-thumbnail","6":"product_cat-benekov","7":"product_shipping_class-toptrans-cr","8":"thunk-woo-product-list","9":"opn-qv-enable","10":"top-store-woo-hover-","11":"top-store-single-product-tab-horizontal","12":"top-store-shadow-","13":"top-store-shadow-hover-","15":"first","16":"outofstock","17":"taxable","18":"shipping-taxable","19":"purchasable","20":"product-type-simple"},"_links":{"self":[{"href":"https:\/\/www.topnatechnika.com\/index.php?rest_route=\/wp\/v2\/product\/1328","targetHints":{"allow":["GET"]}}],"collection":[{"href":"https:\/\/www.topnatechnika.com\/index.php?rest_route=\/wp\/v2\/product"}],"about":[{"href":"https:\/\/www.topnatechnika.com\/index.php?rest_route=\/wp\/v2\/types\/product"}],"wp:featuredmedia":[{"embeddable":true,"href":"https:\/\/www.topnatechnika.com\/index.php?rest_route=\/wp\/v2\/media\/1329"}],"wp:attachment":[{"href":"https:\/\/www.topnatechnika.com\/index.php?rest_route=%2Fwp%2Fv2%2Fmedia&parent=1328"}],"wp:term":[{"taxonomy":"product_brand","embeddable":true,"href":"https:\/\/www.topnatechnika.com\/index.php?rest_route=%2Fwp%2Fv2%2Fproduct_brand&post=1328"},{"taxonomy":"product_cat","embeddable":true,"href":"https:\/\/www.topnatechnika.com\/index.php?rest_route=%2Fwp%2Fv2%2Fproduct_cat&post=1328"},{"taxonomy":"product_tag","embeddable":true,"href":"https:\/\/www.topnatechnika.com\/index.php?rest_route=%2Fwp%2Fv2%2Fproduct_tag&post=1328"}],"curies":[{"name":"wp","href":"https:\/\/api.w.org\/{rel}","templated":true}]}}