{"id":1357,"date":"2021-03-23T10:33:00","date_gmt":"2021-03-23T09:33:00","guid":{"rendered":"https:\/\/www.topnatechnika.com\/?post_type=product&#038;p=1357"},"modified":"2024-08-11T11:17:19","modified_gmt":"2024-08-11T10:17:19","slug":"tesnici-snura-velkych-dvirek","status":"publish","type":"product","link":"https:\/\/www.topnatechnika.com\/?product=tesnici-snura-velkych-dvirek","title":{"rendered":"Benekov t\u011bsn\u00edc\u00ed \u0161\u0148\u016fra velk\u00fdch dv\u00ed\u0159ek"},"content":{"rendered":"<p>T\u011bsn\u00edc\u00ed \u0161\u0148\u016fra velk\u00fdch (mal\u00fdch) dv\u00ed\u0159ek<\/p>\n<p>Ur\u010deno pro kotle Ling 50, Pelling 27, Ling 25, C 27 lze pou\u017e\u00edt i na mal\u00e1 dv\u00ed\u0159ka.<\/p>\n","protected":false},"excerpt":{"rendered":"<p>T\u011bsn\u00edc\u00ed \u0161\u0148\u016fra velk\u00fdch (mal\u00fdch) dv\u00ed\u0159ek<\/p>\n<p>Ur\u010deno pro kotle Ling 50, Pelling 27, Ling 25, C 27 lze pou\u017e\u00edt i na mal\u00e1 dv\u00ed\u0159ka.<\/p>\n","protected":false},"featured_media":1358,"template":"","meta":[],"product_brand":[],"product_cat":[20],"product_tag":[],"class_list":{"0":"post-1357","1":"product","2":"type-product","3":"status-publish","4":"has-post-thumbnail","6":"product_cat-benekov","7":"product_shipping_class-gl","8":"thunk-woo-product-list","9":"opn-qv-enable","10":"top-store-woo-hover-","11":"top-store-single-product-tab-horizontal","12":"top-store-shadow-","13":"top-store-shadow-hover-","15":"first","16":"instock","17":"taxable","18":"shipping-taxable","19":"purchasable","20":"product-type-simple"},"_links":{"self":[{"href":"https:\/\/www.topnatechnika.com\/index.php?rest_route=\/wp\/v2\/product\/1357","targetHints":{"allow":["GET"]}}],"collection":[{"href":"https:\/\/www.topnatechnika.com\/index.php?rest_route=\/wp\/v2\/product"}],"about":[{"href":"https:\/\/www.topnatechnika.com\/index.php?rest_route=\/wp\/v2\/types\/product"}],"wp:featuredmedia":[{"embeddable":true,"href":"https:\/\/www.topnatechnika.com\/index.php?rest_route=\/wp\/v2\/media\/1358"}],"wp:attachment":[{"href":"https:\/\/www.topnatechnika.com\/index.php?rest_route=%2Fwp%2Fv2%2Fmedia&parent=1357"}],"wp:term":[{"taxonomy":"product_brand","embeddable":true,"href":"https:\/\/www.topnatechnika.com\/index.php?rest_route=%2Fwp%2Fv2%2Fproduct_brand&post=1357"},{"taxonomy":"product_cat","embeddable":true,"href":"https:\/\/www.topnatechnika.com\/index.php?rest_route=%2Fwp%2Fv2%2Fproduct_cat&post=1357"},{"taxonomy":"product_tag","embeddable":true,"href":"https:\/\/www.topnatechnika.com\/index.php?rest_route=%2Fwp%2Fv2%2Fproduct_tag&post=1357"}],"curies":[{"name":"wp","href":"https:\/\/api.w.org\/{rel}","templated":true}]}}