{"id":1367,"date":"2021-03-23T13:38:20","date_gmt":"2021-03-23T12:38:20","guid":{"rendered":"https:\/\/www.topnatechnika.com\/?post_type=product&#038;p=1367"},"modified":"2022-10-04T07:41:53","modified_gmt":"2022-10-04T06:41:53","slug":"tesneni-vika-nasypky-vl-25-160-litru","status":"publish","type":"product","link":"https:\/\/www.topnatechnika.com\/?product=tesneni-vika-nasypky-vl-25-160-litru","title":{"rendered":"Benekov t\u011bsn\u011bn\u00ed v\u00edka z\u00e1sobn\u00edku paliva VL 25 (160 litr\u016f)"},"content":{"rendered":"<h4>\u00a0Ling 25 t\u011bsn\u011bn\u00ed v\u00edka z\u00e1sobn\u00edku paliva, ur\u010deno pro n\u00e1sypku 160l<\/h4>\n","protected":false},"excerpt":{"rendered":"<h4>Ling 25 t\u011bsn\u011bn\u00ed v\u00edka z\u00e1sobn\u00edku paliva\u00a0 (mal\u00e1 n\u00e1sypka).<\/h4>\n","protected":false},"featured_media":1311,"template":"","meta":[],"product_brand":[],"product_cat":[20],"product_tag":[],"class_list":{"0":"post-1367","1":"product","2":"type-product","3":"status-publish","4":"has-post-thumbnail","6":"product_cat-benekov","7":"product_shipping_class-gl","8":"thunk-woo-product-list","9":"opn-qv-enable","10":"top-store-woo-hover-","11":"top-store-single-product-tab-horizontal","12":"top-store-shadow-","13":"top-store-shadow-hover-","15":"first","16":"instock","17":"taxable","18":"shipping-taxable","19":"purchasable","20":"product-type-simple"},"_links":{"self":[{"href":"https:\/\/www.topnatechnika.com\/index.php?rest_route=\/wp\/v2\/product\/1367","targetHints":{"allow":["GET"]}}],"collection":[{"href":"https:\/\/www.topnatechnika.com\/index.php?rest_route=\/wp\/v2\/product"}],"about":[{"href":"https:\/\/www.topnatechnika.com\/index.php?rest_route=\/wp\/v2\/types\/product"}],"wp:featuredmedia":[{"embeddable":true,"href":"https:\/\/www.topnatechnika.com\/index.php?rest_route=\/wp\/v2\/media\/1311"}],"wp:attachment":[{"href":"https:\/\/www.topnatechnika.com\/index.php?rest_route=%2Fwp%2Fv2%2Fmedia&parent=1367"}],"wp:term":[{"taxonomy":"product_brand","embeddable":true,"href":"https:\/\/www.topnatechnika.com\/index.php?rest_route=%2Fwp%2Fv2%2Fproduct_brand&post=1367"},{"taxonomy":"product_cat","embeddable":true,"href":"https:\/\/www.topnatechnika.com\/index.php?rest_route=%2Fwp%2Fv2%2Fproduct_cat&post=1367"},{"taxonomy":"product_tag","embeddable":true,"href":"https:\/\/www.topnatechnika.com\/index.php?rest_route=%2Fwp%2Fv2%2Fproduct_tag&post=1367"}],"curies":[{"name":"wp","href":"https:\/\/api.w.org\/{rel}","templated":true}]}}