{"id":1593,"date":"2021-03-29T12:36:22","date_gmt":"2021-03-29T11:36:22","guid":{"rendered":"https:\/\/www.topnatechnika.com\/?post_type=product&#038;p=1593"},"modified":"2025-11-02T14:07:37","modified_gmt":"2025-11-02T13:07:37","slug":"cerpadlo-pouze-motor-k-cerpadlu-3-025992","status":"publish","type":"product","link":"https:\/\/www.topnatechnika.com\/?product=cerpadlo-pouze-motor-k-cerpadlu-3-025992","title":{"rendered":"\u010cerpadlo &#8211; pouze motor ( k \u010derpadlu 3.025992 )"},"content":{"rendered":"<p>\u010cerpadlo &#8211; pouze motor ( k \u010derpadlu 3.025992 )<\/p>\n<p>VICTRIX EXA 24\/28 ( X )<\/p>\n","protected":false},"excerpt":{"rendered":"<p>\u010cerpadlo &#8211; pouze motor ( k \u010derpadlu 3.025992 ) VICTRIX EXA 24\/28 ( X )<\/p>\n","protected":false},"featured_media":1594,"template":"","meta":[],"product_brand":[],"product_cat":[16],"product_tag":[],"class_list":{"0":"post-1593","1":"product","2":"type-product","3":"status-publish","4":"has-post-thumbnail","6":"product_cat-immergas","7":"product_shipping_class-gl","8":"thunk-woo-product-list","9":"opn-qv-enable","10":"top-store-woo-hover-","11":"top-store-single-product-tab-horizontal","12":"top-store-shadow-","13":"top-store-shadow-hover-","15":"first","16":"onbackorder","17":"taxable","18":"shipping-taxable","19":"purchasable","20":"product-type-simple"},"_links":{"self":[{"href":"https:\/\/www.topnatechnika.com\/index.php?rest_route=\/wp\/v2\/product\/1593","targetHints":{"allow":["GET"]}}],"collection":[{"href":"https:\/\/www.topnatechnika.com\/index.php?rest_route=\/wp\/v2\/product"}],"about":[{"href":"https:\/\/www.topnatechnika.com\/index.php?rest_route=\/wp\/v2\/types\/product"}],"wp:featuredmedia":[{"embeddable":true,"href":"https:\/\/www.topnatechnika.com\/index.php?rest_route=\/wp\/v2\/media\/1594"}],"wp:attachment":[{"href":"https:\/\/www.topnatechnika.com\/index.php?rest_route=%2Fwp%2Fv2%2Fmedia&parent=1593"}],"wp:term":[{"taxonomy":"product_brand","embeddable":true,"href":"https:\/\/www.topnatechnika.com\/index.php?rest_route=%2Fwp%2Fv2%2Fproduct_brand&post=1593"},{"taxonomy":"product_cat","embeddable":true,"href":"https:\/\/www.topnatechnika.com\/index.php?rest_route=%2Fwp%2Fv2%2Fproduct_cat&post=1593"},{"taxonomy":"product_tag","embeddable":true,"href":"https:\/\/www.topnatechnika.com\/index.php?rest_route=%2Fwp%2Fv2%2Fproduct_tag&post=1593"}],"curies":[{"name":"wp","href":"https:\/\/api.w.org\/{rel}","templated":true}]}}