{"id":1650,"date":"2021-04-03T09:32:57","date_gmt":"2021-04-03T08:32:57","guid":{"rendered":"https:\/\/www.topnatechnika.com\/?post_type=product&#038;p=1650"},"modified":"2025-02-16T10:45:51","modified_gmt":"2025-02-16T09:45:51","slug":"ventilator-wpa-117","status":"publish","type":"product","link":"https:\/\/www.topnatechnika.com\/?product=ventilator-wpa-117","title":{"rendered":"Benekov ventil\u00e1tor"},"content":{"rendered":"<p>Pro jednotky RKU1, RKU1.5, RKU 3, EM 250R, EM 800. (117)<\/p>\n<p>Jejich nap\u00e1jec\u00ed nap\u011bt\u00ed je 230VAC.<\/p>\n","protected":false},"excerpt":{"rendered":"<p>Pro jednotky RKU1, RKU1.5, RKU 3, EM 250R, EM 800.<\/p>\n","protected":false},"featured_media":2365,"template":"","meta":[],"product_brand":[],"product_cat":[20],"product_tag":[],"class_list":{"0":"post-1650","1":"product","2":"type-product","3":"status-publish","4":"has-post-thumbnail","6":"product_cat-benekov","7":"product_shipping_class-gl","8":"thunk-woo-product-list","9":"opn-qv-enable","10":"top-store-woo-hover-","11":"top-store-single-product-tab-horizontal","12":"top-store-shadow-","13":"top-store-shadow-hover-","15":"first","16":"instock","17":"taxable","18":"shipping-taxable","19":"purchasable","20":"product-type-simple"},"_links":{"self":[{"href":"https:\/\/www.topnatechnika.com\/index.php?rest_route=\/wp\/v2\/product\/1650","targetHints":{"allow":["GET"]}}],"collection":[{"href":"https:\/\/www.topnatechnika.com\/index.php?rest_route=\/wp\/v2\/product"}],"about":[{"href":"https:\/\/www.topnatechnika.com\/index.php?rest_route=\/wp\/v2\/types\/product"}],"wp:featuredmedia":[{"embeddable":true,"href":"https:\/\/www.topnatechnika.com\/index.php?rest_route=\/wp\/v2\/media\/2365"}],"wp:attachment":[{"href":"https:\/\/www.topnatechnika.com\/index.php?rest_route=%2Fwp%2Fv2%2Fmedia&parent=1650"}],"wp:term":[{"taxonomy":"product_brand","embeddable":true,"href":"https:\/\/www.topnatechnika.com\/index.php?rest_route=%2Fwp%2Fv2%2Fproduct_brand&post=1650"},{"taxonomy":"product_cat","embeddable":true,"href":"https:\/\/www.topnatechnika.com\/index.php?rest_route=%2Fwp%2Fv2%2Fproduct_cat&post=1650"},{"taxonomy":"product_tag","embeddable":true,"href":"https:\/\/www.topnatechnika.com\/index.php?rest_route=%2Fwp%2Fv2%2Fproduct_tag&post=1650"}],"curies":[{"name":"wp","href":"https:\/\/api.w.org\/{rel}","templated":true}]}}