{"id":1698,"date":"2021-04-05T11:22:13","date_gmt":"2021-04-05T10:22:13","guid":{"rendered":"https:\/\/www.topnatechnika.com\/?post_type=product&#038;p=1698"},"modified":"2024-02-24T14:18:34","modified_gmt":"2024-02-24T13:18:34","slug":"benekov-c-27-premium","status":"publish","type":"product","link":"https:\/\/www.topnatechnika.com\/?product=benekov-c-27-premium","title":{"rendered":"Benekov C 27 BIO Premium-lev\u00fd"},"content":{"rendered":"<p>Kotel BENEKOV C 27 je prvn\u00ed \u010desk\u00fd automatick\u00fd kotel na uhl\u00ed v 5. t\u0159\u00edd\u011b, spl\u0148uj\u00edc\u00ed parametry Ekodesignu. Je vhodn\u00fd pro vyt\u00e1p\u011bn\u00ed objekt\u016f jejich\u017e n\u00e1ro\u010dnost na tepeln\u00fd v\u00fdkon nep\u0159esahuje 25 kW. Jedn\u00e1 se o prvot\u0159\u00eddn\u00ed a velmi \u00fasporn\u00fd automatick\u00fd kotel na tuh\u00e1 paliva (uhl\u00ed, d\u0159ev\u011bn\u00e9 pelety).<\/p>\n<p><b class=\"sec\">ilustra\u010dn\u00ed<\/b> foto<\/p>\n<p>114100501 prav\u00fd<\/p>\n","protected":false},"excerpt":{"rendered":"<p>Kotel BENEKOV C 27 je prvn\u00ed \u010desk\u00fd automatick\u00fd kotel na uhl\u00ed v 5. t\u0159\u00edd\u011b, spl\u0148uj\u00edc\u00ed parametry Ekodesignu. Je vhodn\u00fd pro vyt\u00e1p\u011bn\u00ed objekt\u016f jejich\u017e n\u00e1ro\u010dnost na tepeln\u00fd v\u00fdkon nep\u0159esahuje 25 kW. Jedn\u00e1 se o prvot\u0159\u00eddn\u00ed a velmi \u00fasporn\u00fd automatick\u00fd kotel na tuh\u00e1 paliva (uhl\u00ed, d\u0159ev\u011bn\u00e9 pelety).<\/p>\n<p><b class=\"sec\">ilustra\u010dn\u00ed<\/b> foto<\/p>\n<p>114100501 prav\u00fd<\/p>\n","protected":false},"featured_media":1707,"template":"","meta":[],"product_brand":[],"product_cat":[38],"product_tag":[],"class_list":{"0":"post-1698","1":"product","2":"type-product","3":"status-publish","4":"has-post-thumbnail","6":"product_cat-kotle-pro-spalovani-uhli-a-pelet","7":"product_shipping_class-toptrans-cr","8":"thunk-woo-product-list","9":"opn-qv-enable","10":"top-store-woo-hover-","11":"top-store-single-product-tab-horizontal","12":"top-store-shadow-","13":"top-store-shadow-hover-","15":"first","16":"onbackorder","17":"taxable","18":"shipping-taxable","19":"purchasable","20":"product-type-simple"},"_links":{"self":[{"href":"https:\/\/www.topnatechnika.com\/index.php?rest_route=\/wp\/v2\/product\/1698","targetHints":{"allow":["GET"]}}],"collection":[{"href":"https:\/\/www.topnatechnika.com\/index.php?rest_route=\/wp\/v2\/product"}],"about":[{"href":"https:\/\/www.topnatechnika.com\/index.php?rest_route=\/wp\/v2\/types\/product"}],"wp:featuredmedia":[{"embeddable":true,"href":"https:\/\/www.topnatechnika.com\/index.php?rest_route=\/wp\/v2\/media\/1707"}],"wp:attachment":[{"href":"https:\/\/www.topnatechnika.com\/index.php?rest_route=%2Fwp%2Fv2%2Fmedia&parent=1698"}],"wp:term":[{"taxonomy":"product_brand","embeddable":true,"href":"https:\/\/www.topnatechnika.com\/index.php?rest_route=%2Fwp%2Fv2%2Fproduct_brand&post=1698"},{"taxonomy":"product_cat","embeddable":true,"href":"https:\/\/www.topnatechnika.com\/index.php?rest_route=%2Fwp%2Fv2%2Fproduct_cat&post=1698"},{"taxonomy":"product_tag","embeddable":true,"href":"https:\/\/www.topnatechnika.com\/index.php?rest_route=%2Fwp%2Fv2%2Fproduct_tag&post=1698"}],"curies":[{"name":"wp","href":"https:\/\/api.w.org\/{rel}","templated":true}]}}