{"id":1701,"date":"2021-04-05T11:28:25","date_gmt":"2021-04-05T10:28:25","guid":{"rendered":"https:\/\/www.topnatechnika.com\/?post_type=product&#038;p=1701"},"modified":"2024-02-24T14:16:24","modified_gmt":"2024-02-24T13:16:24","slug":"benekov-c-77-exclusive","status":"publish","type":"product","link":"https:\/\/www.topnatechnika.com\/?product=benekov-c-77-exclusive","title":{"rendered":"Benekov C 77 Exclusive"},"content":{"rendered":"<p>Teplovodn\u00ed kotel BENEKOV C77 je ur\u010den pro vyt\u00e1p\u011bn\u00ed st\u0159edn\u011b velk\u00fdch objekt\u016f \u2013 obchod\u016f, \u0161kol, rekrea\u010dn\u00edch za\u0159\u00edzen\u00ed, kancel\u00e1\u0159sk\u00fdch budov, provozoven a jin\u00fdch objekt\u016f, jejich\u017e tepeln\u00e1 ztr\u00e1ta nep\u0159esahuje\u00a075 kW.<\/p>\n","protected":false},"excerpt":{"rendered":"<p>Teplovodn\u00ed kotel BENEKOV C77 je ur\u010den pro vyt\u00e1p\u011bn\u00ed st\u0159edn\u011b velk\u00fdch objekt\u016f \u2013 obchod\u016f, \u0161kol, rekrea\u010dn\u00edch za\u0159\u00edzen\u00ed, kancel\u00e1\u0159sk\u00fdch budov, provozoven a jin\u00fdch objekt\u016f, jejich\u017e tepeln\u00e1 ztr\u00e1ta nep\u0159esahuje\u00a075 kW.<\/p>\n","protected":false},"featured_media":1714,"template":"","meta":[],"product_brand":[],"product_cat":[38],"product_tag":[],"class_list":{"0":"post-1701","1":"product","2":"type-product","3":"status-publish","4":"has-post-thumbnail","6":"product_cat-kotle-pro-spalovani-uhli-a-pelet","7":"product_shipping_class-toptrans-cr","8":"thunk-woo-product-list","9":"opn-qv-enable","10":"top-store-woo-hover-","11":"top-store-single-product-tab-horizontal","12":"top-store-shadow-","13":"top-store-shadow-hover-","15":"first","16":"onbackorder","17":"taxable","18":"shipping-taxable","19":"purchasable","20":"product-type-simple"},"_links":{"self":[{"href":"https:\/\/www.topnatechnika.com\/index.php?rest_route=\/wp\/v2\/product\/1701","targetHints":{"allow":["GET"]}}],"collection":[{"href":"https:\/\/www.topnatechnika.com\/index.php?rest_route=\/wp\/v2\/product"}],"about":[{"href":"https:\/\/www.topnatechnika.com\/index.php?rest_route=\/wp\/v2\/types\/product"}],"wp:featuredmedia":[{"embeddable":true,"href":"https:\/\/www.topnatechnika.com\/index.php?rest_route=\/wp\/v2\/media\/1714"}],"wp:attachment":[{"href":"https:\/\/www.topnatechnika.com\/index.php?rest_route=%2Fwp%2Fv2%2Fmedia&parent=1701"}],"wp:term":[{"taxonomy":"product_brand","embeddable":true,"href":"https:\/\/www.topnatechnika.com\/index.php?rest_route=%2Fwp%2Fv2%2Fproduct_brand&post=1701"},{"taxonomy":"product_cat","embeddable":true,"href":"https:\/\/www.topnatechnika.com\/index.php?rest_route=%2Fwp%2Fv2%2Fproduct_cat&post=1701"},{"taxonomy":"product_tag","embeddable":true,"href":"https:\/\/www.topnatechnika.com\/index.php?rest_route=%2Fwp%2Fv2%2Fproduct_tag&post=1701"}],"curies":[{"name":"wp","href":"https:\/\/api.w.org\/{rel}","templated":true}]}}