{"id":1733,"date":"2021-04-05T12:54:09","date_gmt":"2021-04-05T11:54:09","guid":{"rendered":"https:\/\/www.topnatechnika.com\/?post_type=product&#038;p=1733"},"modified":"2024-02-24T14:14:27","modified_gmt":"2024-02-24T13:14:27","slug":"benekov-k14-standard","status":"publish","type":"product","link":"https:\/\/www.topnatechnika.com\/?product=benekov-k14-standard","title":{"rendered":"BENEKOV K14 STANDARD"},"content":{"rendered":"<p>Teplovodn\u00ed kotel BENEKOV K14 je ide\u00e1ln\u00ed \u0159e\u0161en\u00ed pro vyt\u00e1p\u011bn\u00ed rodinn\u00fdch dom\u016f, kde prob\u011bhlo zateplen\u00ed a v\u00fdm\u011bna oken. Kotel pracuje standardn\u011b v rozsahu 30 a\u017e 100 % jmenovit\u00e9ho v\u00fdkonu, kter\u00fd je u tohoto modelu 15 kW. Ke kotli nen\u00ed nutno pou\u017e\u00edvat akumula\u010dn\u00ed n\u00e1dr\u017e. P\u016fdorysn\u00e9 rozm\u011bry umo\u017e\u0148uj\u00ed pou\u017eit\u00ed i v men\u0161\u00edch koteln\u00e1ch. D\u00edky automatick\u00e9ho zapalov\u00e1n\u00ed je provoz velmi komfortn\u00ed. Nejv\u011bt\u0161\u00ed v\u00fdhodou je mo\u017enost spalov\u00e1n\u00ed r\u016fzn\u00fdch nestandardn\u00edch forem peletizovan\u00e9 biomasy.<\/p>\n","protected":false},"excerpt":{"rendered":"<p>Teplovodn\u00ed kotel BENEKOV K14 je ide\u00e1ln\u00ed \u0159e\u0161en\u00ed pro vyt\u00e1p\u011bn\u00ed rodinn\u00fdch dom\u016f, kde prob\u011bhlo zateplen\u00ed a v\u00fdm\u011bna oken. Kotel pracuje standardn\u011b v rozsahu 30 a\u017e 100 % jmenovit\u00e9ho v\u00fdkonu, kter\u00fd je u tohoto modelu 15 kW. Ke kotli nen\u00ed nutno pou\u017e\u00edvat akumula\u010dn\u00ed n\u00e1dr\u017e. P\u016fdorysn\u00e9 rozm\u011bry umo\u017e\u0148uj\u00ed pou\u017eit\u00ed i v men\u0161\u00edch koteln\u00e1ch. D\u00edky automatick\u00e9ho zapalov\u00e1n\u00ed je provoz &hellip;<\/p>\n<p class=\"read-more\"> <a class=\" thunk-readmore button \" href=\"https:\/\/www.topnatechnika.com\/?product=benekov-k14-standard\"> <span class=\"screen-reader-text\">BENEKOV K14 STANDARD<\/span>V\u00edce<\/a><\/p>\n","protected":false},"featured_media":1734,"template":"","meta":[],"product_brand":[],"product_cat":[40],"product_tag":[],"class_list":{"0":"post-1733","1":"product","2":"type-product","3":"status-publish","4":"has-post-thumbnail","6":"product_cat-kotle-pro-spalovani-drevnich-pelet","7":"product_shipping_class-toptrans-cr","8":"thunk-woo-product-list","9":"opn-qv-enable","10":"top-store-woo-hover-","11":"top-store-single-product-tab-horizontal","12":"top-store-shadow-","13":"top-store-shadow-hover-","15":"first","16":"onbackorder","17":"taxable","18":"shipping-taxable","19":"purchasable","20":"product-type-simple"},"_links":{"self":[{"href":"https:\/\/www.topnatechnika.com\/index.php?rest_route=\/wp\/v2\/product\/1733","targetHints":{"allow":["GET"]}}],"collection":[{"href":"https:\/\/www.topnatechnika.com\/index.php?rest_route=\/wp\/v2\/product"}],"about":[{"href":"https:\/\/www.topnatechnika.com\/index.php?rest_route=\/wp\/v2\/types\/product"}],"wp:featuredmedia":[{"embeddable":true,"href":"https:\/\/www.topnatechnika.com\/index.php?rest_route=\/wp\/v2\/media\/1734"}],"wp:attachment":[{"href":"https:\/\/www.topnatechnika.com\/index.php?rest_route=%2Fwp%2Fv2%2Fmedia&parent=1733"}],"wp:term":[{"taxonomy":"product_brand","embeddable":true,"href":"https:\/\/www.topnatechnika.com\/index.php?rest_route=%2Fwp%2Fv2%2Fproduct_brand&post=1733"},{"taxonomy":"product_cat","embeddable":true,"href":"https:\/\/www.topnatechnika.com\/index.php?rest_route=%2Fwp%2Fv2%2Fproduct_cat&post=1733"},{"taxonomy":"product_tag","embeddable":true,"href":"https:\/\/www.topnatechnika.com\/index.php?rest_route=%2Fwp%2Fv2%2Fproduct_tag&post=1733"}],"curies":[{"name":"wp","href":"https:\/\/api.w.org\/{rel}","templated":true}]}}