{"id":1752,"date":"2021-04-05T13:26:43","date_gmt":"2021-04-05T12:26:43","guid":{"rendered":"https:\/\/www.topnatechnika.com\/?post_type=product&#038;p=1752"},"modified":"2024-02-24T14:09:01","modified_gmt":"2024-02-24T13:09:01","slug":"benekov-c-27-bio-premium","status":"publish","type":"product","link":"https:\/\/www.topnatechnika.com\/?product=benekov-c-27-bio-premium","title":{"rendered":"BENEKOV C 27 BIO &#8211; PREMIUM"},"content":{"rendered":"<p>Automatick\u00fd kotel BENEKOV C 27 BIO na d\u0159evn\u00ed pelety lze pou\u017e\u00edt pro vyt\u00e1p\u011bn\u00ed rodinn\u00fdch dom\u016f, kancel\u00e1\u0159sk\u00fdch budov a jin\u00fdch objekt\u016f jejich\u017e n\u00e1ro\u010dnost na tepeln\u00fd v\u00fdkon nep\u0159esahuje 25 kW.<\/p>\n","protected":false},"excerpt":{"rendered":"<p>Automatick\u00fd kotel BENEKOV C 27 BIO na d\u0159evn\u00ed pelety lze pou\u017e\u00edt pro vyt\u00e1p\u011bn\u00ed rodinn\u00fdch dom\u016f, kancel\u00e1\u0159sk\u00fdch budov a jin\u00fdch objekt\u016f jejich\u017e n\u00e1ro\u010dnost na tepeln\u00fd v\u00fdkon nep\u0159esahuje 25 kW.<\/p>\n","protected":false},"featured_media":1753,"template":"","meta":[],"product_brand":[],"product_cat":[40],"product_tag":[],"class_list":{"0":"post-1752","1":"product","2":"type-product","3":"status-publish","4":"has-post-thumbnail","6":"product_cat-kotle-pro-spalovani-drevnich-pelet","7":"product_shipping_class-toptrans-cr","8":"thunk-woo-product-list","9":"opn-qv-enable","10":"top-store-woo-hover-","11":"top-store-single-product-tab-horizontal","12":"top-store-shadow-","13":"top-store-shadow-hover-","15":"first","16":"onbackorder","17":"taxable","18":"shipping-taxable","19":"purchasable","20":"product-type-simple"},"_links":{"self":[{"href":"https:\/\/www.topnatechnika.com\/index.php?rest_route=\/wp\/v2\/product\/1752","targetHints":{"allow":["GET"]}}],"collection":[{"href":"https:\/\/www.topnatechnika.com\/index.php?rest_route=\/wp\/v2\/product"}],"about":[{"href":"https:\/\/www.topnatechnika.com\/index.php?rest_route=\/wp\/v2\/types\/product"}],"wp:featuredmedia":[{"embeddable":true,"href":"https:\/\/www.topnatechnika.com\/index.php?rest_route=\/wp\/v2\/media\/1753"}],"wp:attachment":[{"href":"https:\/\/www.topnatechnika.com\/index.php?rest_route=%2Fwp%2Fv2%2Fmedia&parent=1752"}],"wp:term":[{"taxonomy":"product_brand","embeddable":true,"href":"https:\/\/www.topnatechnika.com\/index.php?rest_route=%2Fwp%2Fv2%2Fproduct_brand&post=1752"},{"taxonomy":"product_cat","embeddable":true,"href":"https:\/\/www.topnatechnika.com\/index.php?rest_route=%2Fwp%2Fv2%2Fproduct_cat&post=1752"},{"taxonomy":"product_tag","embeddable":true,"href":"https:\/\/www.topnatechnika.com\/index.php?rest_route=%2Fwp%2Fv2%2Fproduct_tag&post=1752"}],"curies":[{"name":"wp","href":"https:\/\/api.w.org\/{rel}","templated":true}]}}