{"id":1763,"date":"2021-04-05T17:26:52","date_gmt":"2021-04-05T16:26:52","guid":{"rendered":"https:\/\/www.topnatechnika.com\/?post_type=product&#038;p=1763"},"modified":"2024-02-24T14:06:29","modified_gmt":"2024-02-24T13:06:29","slug":"benekov-r-101","status":"publish","type":"product","link":"https:\/\/www.topnatechnika.com\/?product=benekov-r-101","title":{"rendered":"BENEKOV R 101"},"content":{"rendered":"<p>Teplovodn\u00ed kotel BENEKOV R101 je ur\u010den pro vyt\u00e1p\u011bn\u00ed st\u0159edn\u011b velk\u00fdch objekt\u016f \u2013 obchod\u016f, \u0161kol, rekrea\u010dn\u00edch za\u0159\u00edzen\u00ed, kancel\u00e1\u0159sk\u00fdch budov, provozoven a jin\u00fdch objekt\u016f, jejich\u017e tepeln\u00e1 ztr\u00e1ta nep\u0159esahuje 98 kW.<\/p>\n","protected":false},"excerpt":{"rendered":"<p>Teplovodn\u00ed kotel BENEKOV R101 je ur\u010den pro vyt\u00e1p\u011bn\u00ed st\u0159edn\u011b velk\u00fdch objekt\u016f \u2013 obchod\u016f, \u0161kol, rekrea\u010dn\u00edch za\u0159\u00edzen\u00ed, kancel\u00e1\u0159sk\u00fdch budov, provozoven a jin\u00fdch objekt\u016f, jejich\u017e tepeln\u00e1 ztr\u00e1ta nep\u0159esahuje 98 kW.<\/p>\n","protected":false},"featured_media":1764,"template":"","meta":[],"product_brand":[],"product_cat":[40],"product_tag":[],"class_list":{"0":"post-1763","1":"product","2":"type-product","3":"status-publish","4":"has-post-thumbnail","6":"product_cat-kotle-pro-spalovani-drevnich-pelet","7":"product_shipping_class-toptrans-cr","8":"thunk-woo-product-list","9":"opn-qv-enable","10":"top-store-woo-hover-","11":"top-store-single-product-tab-horizontal","12":"top-store-shadow-","13":"top-store-shadow-hover-","15":"first","16":"onbackorder","17":"taxable","18":"shipping-taxable","19":"purchasable","20":"product-type-simple"},"_links":{"self":[{"href":"https:\/\/www.topnatechnika.com\/index.php?rest_route=\/wp\/v2\/product\/1763","targetHints":{"allow":["GET"]}}],"collection":[{"href":"https:\/\/www.topnatechnika.com\/index.php?rest_route=\/wp\/v2\/product"}],"about":[{"href":"https:\/\/www.topnatechnika.com\/index.php?rest_route=\/wp\/v2\/types\/product"}],"wp:featuredmedia":[{"embeddable":true,"href":"https:\/\/www.topnatechnika.com\/index.php?rest_route=\/wp\/v2\/media\/1764"}],"wp:attachment":[{"href":"https:\/\/www.topnatechnika.com\/index.php?rest_route=%2Fwp%2Fv2%2Fmedia&parent=1763"}],"wp:term":[{"taxonomy":"product_brand","embeddable":true,"href":"https:\/\/www.topnatechnika.com\/index.php?rest_route=%2Fwp%2Fv2%2Fproduct_brand&post=1763"},{"taxonomy":"product_cat","embeddable":true,"href":"https:\/\/www.topnatechnika.com\/index.php?rest_route=%2Fwp%2Fv2%2Fproduct_cat&post=1763"},{"taxonomy":"product_tag","embeddable":true,"href":"https:\/\/www.topnatechnika.com\/index.php?rest_route=%2Fwp%2Fv2%2Fproduct_tag&post=1763"}],"curies":[{"name":"wp","href":"https:\/\/api.w.org\/{rel}","templated":true}]}}