{"id":1766,"date":"2021-04-05T17:40:06","date_gmt":"2021-04-05T16:40:06","guid":{"rendered":"https:\/\/www.topnatechnika.com\/?post_type=product&#038;p=1766"},"modified":"2022-03-11T11:23:44","modified_gmt":"2022-03-11T10:23:44","slug":"benekov-k25-exclusive","status":"publish","type":"product","link":"https:\/\/www.topnatechnika.com\/?product=benekov-k25-exclusive","title":{"rendered":"BENEKOV K25 EXCLUSIVE"},"content":{"rendered":"<p>Teplovodn\u00ed kotel BENEKOV K25 EXCLUSIVE je ur\u010den pro vyt\u00e1p\u011bn\u00ed rodinn\u00fdch domk\u016f, chat, kancel\u00e1\u0159sk\u00fdch budov, mal\u00fdch provozoven a jin\u00fdch objekt\u016f, jejich\u017e tepeln\u00e1 ztr\u00e1ta nep\u0159esahuje 25 kW.<\/p>\n<ul>\n<li>Nej\u00fasporn\u011bj\u0161\u00ed syst\u00e9m vyt\u00e1p\u011bn\u00ed rodinn\u00fdch dom\u016f d\u0159evn\u00edmi peletami v\u00a0\u010cR.<\/li>\n<li>V\u00a0tomto kotli je mo\u017en\u00e9 spalovat i pelety s\u00a0vy\u0161\u0161\u00edm obsahem k\u016fry a jin\u00e9 formy nestadardn\u00ed peletizovan\u00e9 biomasy.<\/li>\n<li>Kotle \u0159ady K\u00a0vyu\u017e\u00edvaj\u00ed bez\u00fadr\u017ebov\u00fd rota\u010dn\u00ed ho\u0159\u00e1k, kter\u00fd umo\u017e\u0148uje spalov\u00e1n\u00ed m\u00e9n\u011b kvalitn\u00edch pelet.<\/li>\n<li>Ke kotl\u016fm lze zvolit z\u00e1sobn\u00edky r\u016fzn\u00fdch velikost\u00ed. Um\u00edst\u011bn\u00ed z\u00e1sobn\u00edku lze p\u0159izp\u016fsobit rozm\u011br\u016fm kotelny.<\/li>\n<li>\u010ci\u0161t\u011bn\u00ed kotlov\u00e9ho t\u011blesa a vyn\u00e1\u0161en\u00ed popela sta\u010d\u00ed obvykle \u0159e\u0161it jednou za 4 a\u017e 5 t\u00fddn\u016f v z\u00e1vislosti na ro\u010dn\u00edm obdob\u00ed a typu pou\u017eit\u00e9ho paliva.<\/li>\n<li>Sou\u010d\u00e1st\u00ed z\u00e1kladn\u00ed v\u00fdbavy kotle je automatick\u00e9 zapalov\u00e1n\u00ed.<\/li>\n<li>Ke kotl\u016fm lze jednodu\u0161e dopojit p\u0159\u00eddavn\u00fd modul pro ovl\u00e1d\u00e1n\u00ed kotle p\u0159es internet. Modul umo\u017e\u0148uje sledovat historii provozu kotle a vybran\u00fdch hodnot \u0159\u00edd\u00edc\u00ed jednotky.<\/li>\n<li>Kotel je vybaven ob\u011bhov\u00fdm \u010derpadlem Grundfos Alpha 1, 25-40, regula\u010dn\u00ed sadou s t\u0159\u00edcestn\u00fdm sm\u011b\u0161ovac\u00edm ventilem a pohonem &#8211; typ Siemens SXP45.25-6,3\/DC, filtrem 1&#8243;, automatick\u00fdm odvzdu\u0161\u0148ovac\u00edm ventilem 1\/2&#8243; a pojistn\u00fdm ventilem 1\/2&#8243; &#8211; 2 bar.<\/li>\n<li>Z\u00e1kladn\u00ed modul kotle lze doplnit o modul tepeln\u00e9ho \u010derpadla.<\/li>\n<li>\u0160pi\u010dkov\u00e1 \u0159\u00edd\u00edc\u00ed jednotka s dotykov\u00fdm displejem.<\/li>\n<\/ul>\n","protected":false},"excerpt":{"rendered":"<p>Teplovodn\u00ed kotel BENEKOV K25 EXCLUSIVE je ur\u010den pro vyt\u00e1p\u011bn\u00ed rodinn\u00fdch domk\u016f, chat, kancel\u00e1\u0159sk\u00fdch budov, mal\u00fdch provozoven a jin\u00fdch objekt\u016f, jejich\u017e tepeln\u00e1 ztr\u00e1ta nep\u0159esahuje 25 kW.<\/p>\n<ul>\n<li>Nej\u00fasporn\u011bj\u0161\u00ed syst\u00e9m vyt\u00e1p\u011bn\u00ed rodinn\u00fdch dom\u016f d\u0159evn\u00edmi peletami v\u00a0\u010cR.<\/li>\n<li>V\u00a0tomto kotli je mo\u017en\u00e9 spalovat i pelety s\u00a0vy\u0161\u0161\u00edm obsahem k\u016fry a jin\u00e9 formy nestadardn\u00ed peletizovan\u00e9 biomasy.<\/li>\n<li>Kotle \u0159ady K\u00a0vyu\u017e\u00edvaj\u00ed bez\u00fadr\u017ebov\u00fd rota\u010dn\u00ed ho\u0159\u00e1k, kter\u00fd umo\u017e\u0148uje spalov\u00e1n\u00ed m\u00e9n\u011b kvalitn\u00edch pelet.<\/li>\n<li>Ke kotl\u016fm lze zvolit z\u00e1sobn\u00edky r\u016fzn\u00fdch velikost\u00ed. Um\u00edst\u011bn\u00ed z\u00e1sobn\u00edku lze p\u0159izp\u016fsobit rozm\u011br\u016fm kotelny.<\/li>\n<li>\u010ci\u0161t\u011bn\u00ed kotlov\u00e9ho t\u011blesa a vyn\u00e1\u0161en\u00ed popela sta\u010d\u00ed obvykle \u0159e\u0161it jednou za 4 a\u017e 5 t\u00fddn\u016f v z\u00e1vislosti na ro\u010dn\u00edm obdob\u00ed a typu pou\u017eit\u00e9ho paliva.<\/li>\n<li>Sou\u010d\u00e1st\u00ed z\u00e1kladn\u00ed v\u00fdbavy kotle je automatick\u00e9 zapalov\u00e1n\u00ed.<\/li>\n<li>Ke kotl\u016fm lze jednodu\u0161e dopojit p\u0159\u00eddavn\u00fd modul pro ovl\u00e1d\u00e1n\u00ed kotle p\u0159es internet. Modul umo\u017e\u0148uje sledovat historii provozu kotle a vybran\u00fdch hodnot \u0159\u00edd\u00edc\u00ed jednotky.<\/li>\n<li>Kotel je vybaven ob\u011bhov\u00fdm \u010derpadlem Grundfos Alpha 1, 25-40, regula\u010dn\u00ed sadou s t\u0159\u00edcestn\u00fdm sm\u011b\u0161ovac\u00edm ventilem a pohonem &#8211; typ Siemens SXP45.25-6,3\/DC, filtrem 1&#8243;, automatick\u00fdm odvzdu\u0161\u0148ovac\u00edm ventilem 1\/2&#8243; a pojistn\u00fdm ventilem 1\/2&#8243; &#8211; 2 bar.<\/li>\n<li>Z\u00e1kladn\u00ed modul kotle lze doplnit o modul tepeln\u00e9ho \u010derpadla.<\/li>\n<li>\u0160pi\u010dkov\u00e1 \u0159\u00edd\u00edc\u00ed jednotka s dotykov\u00fdm displejem.<\/li>\n<\/ul>\n","protected":false},"featured_media":1767,"template":"","meta":[],"product_brand":[],"product_cat":[41],"product_tag":[],"class_list":{"0":"post-1766","1":"product","2":"type-product","3":"status-publish","4":"has-post-thumbnail","6":"product_cat-hybridni-peletove-kotle","7":"product_shipping_class-toptrans-cr","8":"thunk-woo-product-list","9":"opn-qv-enable","10":"top-store-woo-hover-","11":"top-store-single-product-tab-horizontal","12":"top-store-shadow-","13":"top-store-shadow-hover-","15":"first","16":"onbackorder","17":"taxable","18":"shipping-taxable","19":"purchasable","20":"product-type-simple"},"_links":{"self":[{"href":"https:\/\/www.topnatechnika.com\/index.php?rest_route=\/wp\/v2\/product\/1766","targetHints":{"allow":["GET"]}}],"collection":[{"href":"https:\/\/www.topnatechnika.com\/index.php?rest_route=\/wp\/v2\/product"}],"about":[{"href":"https:\/\/www.topnatechnika.com\/index.php?rest_route=\/wp\/v2\/types\/product"}],"wp:featuredmedia":[{"embeddable":true,"href":"https:\/\/www.topnatechnika.com\/index.php?rest_route=\/wp\/v2\/media\/1767"}],"wp:attachment":[{"href":"https:\/\/www.topnatechnika.com\/index.php?rest_route=%2Fwp%2Fv2%2Fmedia&parent=1766"}],"wp:term":[{"taxonomy":"product_brand","embeddable":true,"href":"https:\/\/www.topnatechnika.com\/index.php?rest_route=%2Fwp%2Fv2%2Fproduct_brand&post=1766"},{"taxonomy":"product_cat","embeddable":true,"href":"https:\/\/www.topnatechnika.com\/index.php?rest_route=%2Fwp%2Fv2%2Fproduct_cat&post=1766"},{"taxonomy":"product_tag","embeddable":true,"href":"https:\/\/www.topnatechnika.com\/index.php?rest_route=%2Fwp%2Fv2%2Fproduct_tag&post=1766"}],"curies":[{"name":"wp","href":"https:\/\/api.w.org\/{rel}","templated":true}]}}