{"id":1785,"date":"2021-04-08T09:00:48","date_gmt":"2021-04-08T08:00:48","guid":{"rendered":"https:\/\/www.topnatechnika.com\/?post_type=product&#038;p=1785"},"modified":"2025-08-18T15:19:06","modified_gmt":"2025-08-18T13:19:06","slug":"tryska-zarobetonova-lac-3-dirova-standartni","status":"publish","type":"product","link":"https:\/\/www.topnatechnika.com\/?product=tryska-zarobetonova-lac-3-dirova-standartni","title":{"rendered":"Cihla \u0161amotov\u00e1 P2"},"content":{"rendered":"<p>Cihla P2 (0105) do teplovzdu\u0161n\u00e9ho kotle rozm\u011br 125x20x250mm.<\/p>\n","protected":false},"excerpt":{"rendered":"<p>Cihla P2 (0105) do teplovzdu\u0161n\u00e9ho kotle rozm\u011br 125x20x250mm.<\/p>\n","protected":false},"featured_media":1788,"template":"","meta":[],"product_brand":[],"product_cat":[42],"product_tag":[],"class_list":{"0":"post-1785","1":"product","2":"type-product","3":"status-publish","4":"has-post-thumbnail","6":"product_cat-nahradni-dily-pro-kotle-vigas","7":"product_shipping_class-toptrans-cr","8":"thunk-woo-product-list","9":"opn-qv-enable","10":"top-store-woo-hover-","11":"top-store-single-product-tab-horizontal","12":"top-store-shadow-","13":"top-store-shadow-hover-","15":"first","16":"instock","17":"taxable","18":"shipping-taxable","19":"purchasable","20":"product-type-simple"},"_links":{"self":[{"href":"https:\/\/www.topnatechnika.com\/index.php?rest_route=\/wp\/v2\/product\/1785","targetHints":{"allow":["GET"]}}],"collection":[{"href":"https:\/\/www.topnatechnika.com\/index.php?rest_route=\/wp\/v2\/product"}],"about":[{"href":"https:\/\/www.topnatechnika.com\/index.php?rest_route=\/wp\/v2\/types\/product"}],"wp:featuredmedia":[{"embeddable":true,"href":"https:\/\/www.topnatechnika.com\/index.php?rest_route=\/wp\/v2\/media\/1788"}],"wp:attachment":[{"href":"https:\/\/www.topnatechnika.com\/index.php?rest_route=%2Fwp%2Fv2%2Fmedia&parent=1785"}],"wp:term":[{"taxonomy":"product_brand","embeddable":true,"href":"https:\/\/www.topnatechnika.com\/index.php?rest_route=%2Fwp%2Fv2%2Fproduct_brand&post=1785"},{"taxonomy":"product_cat","embeddable":true,"href":"https:\/\/www.topnatechnika.com\/index.php?rest_route=%2Fwp%2Fv2%2Fproduct_cat&post=1785"},{"taxonomy":"product_tag","embeddable":true,"href":"https:\/\/www.topnatechnika.com\/index.php?rest_route=%2Fwp%2Fv2%2Fproduct_tag&post=1785"}],"curies":[{"name":"wp","href":"https:\/\/api.w.org\/{rel}","templated":true}]}}