{"id":1791,"date":"2021-04-08T09:15:26","date_gmt":"2021-04-08T08:15:26","guid":{"rendered":"https:\/\/www.topnatechnika.com\/?post_type=product&#038;p=1791"},"modified":"2026-04-15T14:19:58","modified_gmt":"2026-04-15T12:19:58","slug":"regulace-ak4000-displej","status":"publish","type":"product","link":"https:\/\/www.topnatechnika.com\/?product=regulace-ak4000-displej","title":{"rendered":"Regulace AK4000 D Displej"},"content":{"rendered":"<p><strong>Ovl\u00e1dac\u00ed displej AK4000 D pro \u0159\u00eddic\u00ed syst\u00e9m AK4000.<\/strong><\/p>\n","protected":false},"excerpt":{"rendered":"<p><strong>Ovl\u00e1dac\u00ed displej AK4000 D pro \u0159\u00eddic\u00ed syst\u00e9m AK4000.<\/strong><\/p>\n","protected":false},"featured_media":1792,"template":"","meta":[],"product_brand":[],"product_cat":[42],"product_tag":[],"class_list":{"0":"post-1791","1":"product","2":"type-product","3":"status-publish","4":"has-post-thumbnail","6":"product_cat-nahradni-dily-pro-kotle-vigas","7":"product_shipping_class-gl","8":"thunk-woo-product-list","9":"opn-qv-enable","10":"top-store-woo-hover-","11":"top-store-single-product-tab-horizontal","12":"top-store-shadow-","13":"top-store-shadow-hover-","15":"first","16":"instock","17":"taxable","18":"shipping-taxable","19":"purchasable","20":"product-type-simple"},"_links":{"self":[{"href":"https:\/\/www.topnatechnika.com\/index.php?rest_route=\/wp\/v2\/product\/1791","targetHints":{"allow":["GET"]}}],"collection":[{"href":"https:\/\/www.topnatechnika.com\/index.php?rest_route=\/wp\/v2\/product"}],"about":[{"href":"https:\/\/www.topnatechnika.com\/index.php?rest_route=\/wp\/v2\/types\/product"}],"wp:featuredmedia":[{"embeddable":true,"href":"https:\/\/www.topnatechnika.com\/index.php?rest_route=\/wp\/v2\/media\/1792"}],"wp:attachment":[{"href":"https:\/\/www.topnatechnika.com\/index.php?rest_route=%2Fwp%2Fv2%2Fmedia&parent=1791"}],"wp:term":[{"taxonomy":"product_brand","embeddable":true,"href":"https:\/\/www.topnatechnika.com\/index.php?rest_route=%2Fwp%2Fv2%2Fproduct_brand&post=1791"},{"taxonomy":"product_cat","embeddable":true,"href":"https:\/\/www.topnatechnika.com\/index.php?rest_route=%2Fwp%2Fv2%2Fproduct_cat&post=1791"},{"taxonomy":"product_tag","embeddable":true,"href":"https:\/\/www.topnatechnika.com\/index.php?rest_route=%2Fwp%2Fv2%2Fproduct_tag&post=1791"}],"curies":[{"name":"wp","href":"https:\/\/api.w.org\/{rel}","templated":true}]}}