{"id":1793,"date":"2021-04-08T09:18:35","date_gmt":"2021-04-08T08:18:35","guid":{"rendered":"https:\/\/www.topnatechnika.com\/?post_type=product&#038;p=1793"},"modified":"2021-10-24T08:32:02","modified_gmt":"2021-10-24T07:32:02","slug":"regulace-ak4005-s-silova-deska","status":"publish","type":"product","link":"https:\/\/www.topnatechnika.com\/?product=regulace-ak4005-s-silova-deska","title":{"rendered":"Regulace AK4005 S Silov\u00e1 deska"},"content":{"rendered":"<p><strong>Pou\u017e\u00edvan\u00e1 od 20.10.2017.\u00a0 <\/strong><\/p>\n","protected":false},"excerpt":{"rendered":"<p>Pou\u017e\u00edvan\u00e1 od 20.10.2017.\u00a0<\/p>\n","protected":false},"featured_media":1794,"template":"","meta":[],"product_brand":[],"product_cat":[42],"product_tag":[],"class_list":{"0":"post-1793","1":"product","2":"type-product","3":"status-publish","4":"has-post-thumbnail","6":"product_cat-nahradni-dily-pro-kotle-vigas","7":"product_shipping_class-gl","8":"thunk-woo-product-list","9":"opn-qv-enable","10":"top-store-woo-hover-","11":"top-store-single-product-tab-horizontal","12":"top-store-shadow-","13":"top-store-shadow-hover-","15":"first","16":"onbackorder","17":"taxable","18":"shipping-taxable","19":"purchasable","20":"product-type-simple"},"_links":{"self":[{"href":"https:\/\/www.topnatechnika.com\/index.php?rest_route=\/wp\/v2\/product\/1793","targetHints":{"allow":["GET"]}}],"collection":[{"href":"https:\/\/www.topnatechnika.com\/index.php?rest_route=\/wp\/v2\/product"}],"about":[{"href":"https:\/\/www.topnatechnika.com\/index.php?rest_route=\/wp\/v2\/types\/product"}],"wp:featuredmedia":[{"embeddable":true,"href":"https:\/\/www.topnatechnika.com\/index.php?rest_route=\/wp\/v2\/media\/1794"}],"wp:attachment":[{"href":"https:\/\/www.topnatechnika.com\/index.php?rest_route=%2Fwp%2Fv2%2Fmedia&parent=1793"}],"wp:term":[{"taxonomy":"product_brand","embeddable":true,"href":"https:\/\/www.topnatechnika.com\/index.php?rest_route=%2Fwp%2Fv2%2Fproduct_brand&post=1793"},{"taxonomy":"product_cat","embeddable":true,"href":"https:\/\/www.topnatechnika.com\/index.php?rest_route=%2Fwp%2Fv2%2Fproduct_cat&post=1793"},{"taxonomy":"product_tag","embeddable":true,"href":"https:\/\/www.topnatechnika.com\/index.php?rest_route=%2Fwp%2Fv2%2Fproduct_tag&post=1793"}],"curies":[{"name":"wp","href":"https:\/\/api.w.org\/{rel}","templated":true}]}}