{"id":1799,"date":"2021-04-08T09:28:01","date_gmt":"2021-04-08T08:28:01","guid":{"rendered":"https:\/\/www.topnatechnika.com\/?post_type=product&#038;p=1799"},"modified":"2026-02-18T15:45:33","modified_gmt":"2026-02-18T14:45:33","slug":"rele-vigas-25tvz","status":"publish","type":"product","link":"https:\/\/www.topnatechnika.com\/?product=rele-vigas-25tvz","title":{"rendered":"Rel\u00e9 VIGAS 25TVZ"},"content":{"rendered":"<p>Rel\u00e9 VIGAS 25TVZ (teplovzdu\u0161n\u00fd) ,rel\u00e9 \u010derpadla pro regulaci AK3000.<\/p>\n<p>Ilustra\u010dn\u00ed foto.<\/p>\n","protected":false},"excerpt":{"rendered":"<p>Ilustra\u010dn\u00ed foto.<\/p>\n","protected":false},"featured_media":1800,"template":"","meta":[],"product_brand":[],"product_cat":[42],"product_tag":[],"class_list":{"0":"post-1799","1":"product","2":"type-product","3":"status-publish","4":"has-post-thumbnail","6":"product_cat-nahradni-dily-pro-kotle-vigas","7":"product_shipping_class-gl","8":"thunk-woo-product-list","9":"opn-qv-enable","10":"top-store-woo-hover-","11":"top-store-single-product-tab-horizontal","12":"top-store-shadow-","13":"top-store-shadow-hover-","15":"first","16":"instock","17":"taxable","18":"shipping-taxable","19":"purchasable","20":"product-type-simple"},"_links":{"self":[{"href":"https:\/\/www.topnatechnika.com\/index.php?rest_route=\/wp\/v2\/product\/1799","targetHints":{"allow":["GET"]}}],"collection":[{"href":"https:\/\/www.topnatechnika.com\/index.php?rest_route=\/wp\/v2\/product"}],"about":[{"href":"https:\/\/www.topnatechnika.com\/index.php?rest_route=\/wp\/v2\/types\/product"}],"wp:featuredmedia":[{"embeddable":true,"href":"https:\/\/www.topnatechnika.com\/index.php?rest_route=\/wp\/v2\/media\/1800"}],"wp:attachment":[{"href":"https:\/\/www.topnatechnika.com\/index.php?rest_route=%2Fwp%2Fv2%2Fmedia&parent=1799"}],"wp:term":[{"taxonomy":"product_brand","embeddable":true,"href":"https:\/\/www.topnatechnika.com\/index.php?rest_route=%2Fwp%2Fv2%2Fproduct_brand&post=1799"},{"taxonomy":"product_cat","embeddable":true,"href":"https:\/\/www.topnatechnika.com\/index.php?rest_route=%2Fwp%2Fv2%2Fproduct_cat&post=1799"},{"taxonomy":"product_tag","embeddable":true,"href":"https:\/\/www.topnatechnika.com\/index.php?rest_route=%2Fwp%2Fv2%2Fproduct_tag&post=1799"}],"curies":[{"name":"wp","href":"https:\/\/api.w.org\/{rel}","templated":true}]}}