{"id":1809,"date":"2021-04-08T09:57:38","date_gmt":"2021-04-08T08:57:38","guid":{"rendered":"https:\/\/www.topnatechnika.com\/?post_type=product&#038;p=1809"},"modified":"2023-01-25T15:43:55","modified_gmt":"2023-01-25T14:43:55","slug":"kondenzator","status":"publish","type":"product","link":"https:\/\/www.topnatechnika.com\/?product=kondenzator","title":{"rendered":"Kondenz\u00e1tor"},"content":{"rendered":"<p>Kondenz\u00e1tor pro ventil\u00e1tor <strong>VIGAS<\/strong><\/p>\n<p>Hodnota : 3<strong>\u00a0 \u00b5F<\/strong>.<\/p>\n","protected":false},"excerpt":{"rendered":"<p>Kondenz\u00e1tor pro ventil\u00e1tor <strong>VIGAS<\/strong><\/p>\n<p>Hodnota : 3<strong>\u00a0 \u00b5F<\/strong>.<\/p>\n","protected":false},"featured_media":1810,"template":"","meta":[],"product_brand":[],"product_cat":[42],"product_tag":[],"class_list":{"0":"post-1809","1":"product","2":"type-product","3":"status-publish","4":"has-post-thumbnail","6":"product_cat-nahradni-dily-pro-kotle-vigas","7":"product_shipping_class-gl","8":"thunk-woo-product-list","9":"opn-qv-enable","10":"top-store-woo-hover-","11":"top-store-single-product-tab-horizontal","12":"top-store-shadow-","13":"top-store-shadow-hover-","15":"first","16":"instock","17":"taxable","18":"shipping-taxable","19":"purchasable","20":"product-type-simple"},"_links":{"self":[{"href":"https:\/\/www.topnatechnika.com\/index.php?rest_route=\/wp\/v2\/product\/1809","targetHints":{"allow":["GET"]}}],"collection":[{"href":"https:\/\/www.topnatechnika.com\/index.php?rest_route=\/wp\/v2\/product"}],"about":[{"href":"https:\/\/www.topnatechnika.com\/index.php?rest_route=\/wp\/v2\/types\/product"}],"wp:featuredmedia":[{"embeddable":true,"href":"https:\/\/www.topnatechnika.com\/index.php?rest_route=\/wp\/v2\/media\/1810"}],"wp:attachment":[{"href":"https:\/\/www.topnatechnika.com\/index.php?rest_route=%2Fwp%2Fv2%2Fmedia&parent=1809"}],"wp:term":[{"taxonomy":"product_brand","embeddable":true,"href":"https:\/\/www.topnatechnika.com\/index.php?rest_route=%2Fwp%2Fv2%2Fproduct_brand&post=1809"},{"taxonomy":"product_cat","embeddable":true,"href":"https:\/\/www.topnatechnika.com\/index.php?rest_route=%2Fwp%2Fv2%2Fproduct_cat&post=1809"},{"taxonomy":"product_tag","embeddable":true,"href":"https:\/\/www.topnatechnika.com\/index.php?rest_route=%2Fwp%2Fv2%2Fproduct_tag&post=1809"}],"curies":[{"name":"wp","href":"https:\/\/api.w.org\/{rel}","templated":true}]}}