{"id":1817,"date":"2021-04-08T10:09:49","date_gmt":"2021-04-08T09:09:49","guid":{"rendered":"https:\/\/www.topnatechnika.com\/?post_type=product&#038;p=1817"},"modified":"2023-10-12T08:33:58","modified_gmt":"2023-10-12T07:33:58","slug":"cidlo-kotle-2","status":"publish","type":"product","link":"https:\/\/www.topnatechnika.com\/?product=cidlo-kotle-2","title":{"rendered":"\u010cidlo kotle"},"content":{"rendered":"<p>\u010cidlo kotle (typ KTY) s konektorem pro <strong>VIGAS 25 Teplovzdu\u0161n\u00fd<\/strong> s regulac\u00ed <strong>AK2000.<\/strong><\/p>\n","protected":false},"excerpt":{"rendered":"<p>\u010cidlo kotle (typ KTY) s konektorem pro VIGAS 25 Teplovzdu\u0161n\u00fd s regulac\u00ed AK2000.<\/p>\n","protected":false},"featured_media":1818,"template":"","meta":[],"product_brand":[],"product_cat":[42],"product_tag":[],"class_list":{"0":"post-1817","1":"product","2":"type-product","3":"status-publish","4":"has-post-thumbnail","6":"product_cat-nahradni-dily-pro-kotle-vigas","7":"product_shipping_class-gl","8":"thunk-woo-product-list","9":"opn-qv-enable","10":"top-store-woo-hover-","11":"top-store-single-product-tab-horizontal","12":"top-store-shadow-","13":"top-store-shadow-hover-","15":"first","16":"instock","17":"taxable","18":"shipping-taxable","19":"purchasable","20":"product-type-simple"},"_links":{"self":[{"href":"https:\/\/www.topnatechnika.com\/index.php?rest_route=\/wp\/v2\/product\/1817","targetHints":{"allow":["GET"]}}],"collection":[{"href":"https:\/\/www.topnatechnika.com\/index.php?rest_route=\/wp\/v2\/product"}],"about":[{"href":"https:\/\/www.topnatechnika.com\/index.php?rest_route=\/wp\/v2\/types\/product"}],"wp:featuredmedia":[{"embeddable":true,"href":"https:\/\/www.topnatechnika.com\/index.php?rest_route=\/wp\/v2\/media\/1818"}],"wp:attachment":[{"href":"https:\/\/www.topnatechnika.com\/index.php?rest_route=%2Fwp%2Fv2%2Fmedia&parent=1817"}],"wp:term":[{"taxonomy":"product_brand","embeddable":true,"href":"https:\/\/www.topnatechnika.com\/index.php?rest_route=%2Fwp%2Fv2%2Fproduct_brand&post=1817"},{"taxonomy":"product_cat","embeddable":true,"href":"https:\/\/www.topnatechnika.com\/index.php?rest_route=%2Fwp%2Fv2%2Fproduct_cat&post=1817"},{"taxonomy":"product_tag","embeddable":true,"href":"https:\/\/www.topnatechnika.com\/index.php?rest_route=%2Fwp%2Fv2%2Fproduct_tag&post=1817"}],"curies":[{"name":"wp","href":"https:\/\/api.w.org\/{rel}","templated":true}]}}