{"id":1862,"date":"2021-04-13T11:34:46","date_gmt":"2021-04-13T10:34:46","guid":{"rendered":"https:\/\/www.topnatechnika.com\/?post_type=product&#038;p=1862"},"modified":"2025-11-02T14:03:17","modified_gmt":"2025-11-02T13:03:17","slug":"cerpadlo-komplet-s-tricestnym-ventilem","status":"publish","type":"product","link":"https:\/\/www.topnatechnika.com\/?product=cerpadlo-komplet-s-tricestnym-ventilem","title":{"rendered":"\u010cerpadlo &#8211; komplet s t\u0159\u00edcestn\u00fdm ventilem"},"content":{"rendered":"<p>\u010cerpadlo &#8211; komplet s t\u0159\u00edcestn\u00fdm ventilem<\/p>\n<p>ZEUS 28 KW,ZEUS SUPERIOR 28 KW,VICTRIX ZEUS 26 KW<\/p>\n","protected":false},"excerpt":{"rendered":"<p>ZEUS 28 KW,ZEUS SUPERIOR 28 KW,VICTRIX ZEUS 26 KW<\/p>\n","protected":false},"featured_media":1863,"template":"","meta":[],"product_brand":[],"product_cat":[16],"product_tag":[],"class_list":{"0":"post-1862","1":"product","2":"type-product","3":"status-publish","4":"has-post-thumbnail","6":"product_cat-immergas","7":"product_shipping_class-gl","8":"thunk-woo-product-list","9":"opn-qv-enable","10":"top-store-woo-hover-","11":"top-store-single-product-tab-horizontal","12":"top-store-shadow-","13":"top-store-shadow-hover-","15":"first","16":"outofstock","17":"taxable","18":"shipping-taxable","19":"purchasable","20":"product-type-simple"},"_links":{"self":[{"href":"https:\/\/www.topnatechnika.com\/index.php?rest_route=\/wp\/v2\/product\/1862","targetHints":{"allow":["GET"]}}],"collection":[{"href":"https:\/\/www.topnatechnika.com\/index.php?rest_route=\/wp\/v2\/product"}],"about":[{"href":"https:\/\/www.topnatechnika.com\/index.php?rest_route=\/wp\/v2\/types\/product"}],"wp:featuredmedia":[{"embeddable":true,"href":"https:\/\/www.topnatechnika.com\/index.php?rest_route=\/wp\/v2\/media\/1863"}],"wp:attachment":[{"href":"https:\/\/www.topnatechnika.com\/index.php?rest_route=%2Fwp%2Fv2%2Fmedia&parent=1862"}],"wp:term":[{"taxonomy":"product_brand","embeddable":true,"href":"https:\/\/www.topnatechnika.com\/index.php?rest_route=%2Fwp%2Fv2%2Fproduct_brand&post=1862"},{"taxonomy":"product_cat","embeddable":true,"href":"https:\/\/www.topnatechnika.com\/index.php?rest_route=%2Fwp%2Fv2%2Fproduct_cat&post=1862"},{"taxonomy":"product_tag","embeddable":true,"href":"https:\/\/www.topnatechnika.com\/index.php?rest_route=%2Fwp%2Fv2%2Fproduct_tag&post=1862"}],"curies":[{"name":"wp","href":"https:\/\/api.w.org\/{rel}","templated":true}]}}