{"id":1917,"date":"2021-04-15T14:37:27","date_gmt":"2021-04-15T13:37:27","guid":{"rendered":"https:\/\/www.topnatechnika.com\/?post_type=product&#038;p=1917"},"modified":"2021-10-24T09:06:56","modified_gmt":"2021-10-24T08:06:56","slug":"ventil-odvzdusnovaci-automaticky","status":"publish","type":"product","link":"https:\/\/www.topnatechnika.com\/?product=ventil-odvzdusnovaci-automaticky","title":{"rendered":"Ventil odvzdu\u0161\u0148ovac\u00ed &#8211; automatick\u00fd"},"content":{"rendered":"<p>Ventil odvzdu\u0161\u0148ovac\u00ed &#8211; automatick\u00fd<\/p>\n<p>VICTRIX ZEUS 26 KW, HERCULES SOLAR 26 KW<\/p>\n","protected":false},"excerpt":{"rendered":"<p>Ventil odvzdu\u0161\u0148ovac\u00ed &#8211; automatick\u00fd<\/p>\n<p>VICTRIX ZEUS 26 KW, HERCULES SOLAR 26 KW<\/p>\n","protected":false},"featured_media":1918,"template":"","meta":[],"product_brand":[],"product_cat":[16],"product_tag":[],"class_list":{"0":"post-1917","1":"product","2":"type-product","3":"status-publish","4":"has-post-thumbnail","6":"product_cat-immergas","7":"product_shipping_class-gl","8":"thunk-woo-product-list","9":"opn-qv-enable","10":"top-store-woo-hover-","11":"top-store-single-product-tab-horizontal","12":"top-store-shadow-","13":"top-store-shadow-hover-","15":"first","16":"instock","17":"taxable","18":"shipping-taxable","19":"purchasable","20":"product-type-simple"},"_links":{"self":[{"href":"https:\/\/www.topnatechnika.com\/index.php?rest_route=\/wp\/v2\/product\/1917","targetHints":{"allow":["GET"]}}],"collection":[{"href":"https:\/\/www.topnatechnika.com\/index.php?rest_route=\/wp\/v2\/product"}],"about":[{"href":"https:\/\/www.topnatechnika.com\/index.php?rest_route=\/wp\/v2\/types\/product"}],"wp:featuredmedia":[{"embeddable":true,"href":"https:\/\/www.topnatechnika.com\/index.php?rest_route=\/wp\/v2\/media\/1918"}],"wp:attachment":[{"href":"https:\/\/www.topnatechnika.com\/index.php?rest_route=%2Fwp%2Fv2%2Fmedia&parent=1917"}],"wp:term":[{"taxonomy":"product_brand","embeddable":true,"href":"https:\/\/www.topnatechnika.com\/index.php?rest_route=%2Fwp%2Fv2%2Fproduct_brand&post=1917"},{"taxonomy":"product_cat","embeddable":true,"href":"https:\/\/www.topnatechnika.com\/index.php?rest_route=%2Fwp%2Fv2%2Fproduct_cat&post=1917"},{"taxonomy":"product_tag","embeddable":true,"href":"https:\/\/www.topnatechnika.com\/index.php?rest_route=%2Fwp%2Fv2%2Fproduct_tag&post=1917"}],"curies":[{"name":"wp","href":"https:\/\/api.w.org\/{rel}","templated":true}]}}