{"id":1922,"date":"2021-04-16T10:10:59","date_gmt":"2021-04-16T09:10:59","guid":{"rendered":"https:\/\/www.topnatechnika.com\/?post_type=product&#038;p=1922"},"modified":"2025-01-15T09:29:01","modified_gmt":"2025-01-15T08:29:01","slug":"climatix-pol687-00-std","status":"publish","type":"product","link":"https:\/\/www.topnatechnika.com\/?product=climatix-pol687-00-std","title":{"rendered":"Benekov Climatix POL687.00\/STD"},"content":{"rendered":"<p>Ethernetov\u00fd port pro vzd\u00e1lenou nebo m\u00edstn\u00ed slu\u017ebu pomoc\u00ed standardn\u00edho prohl\u00ed\u017ee\u010de<\/p>\n<p>Plnohodnotn\u00fd port modemu RS-232 pro vzd\u00e1lenou slu\u017ebu<\/p>\n<p>Rozhran\u00ed SD karty pro aktualizaci aplikac\u00ed a opera\u010dn\u00edho syst\u00e9mu<\/p>\n<p>\u0158\u00edd\u00edc\u00ed jednotku CLIMATIX POL 687.00 lze pou\u017e\u00edt\u00a0 i pro kotle VULCANUS, HERCULES UNO WEB<br \/>\na VIADRUS A3W WEB.<\/p>\n<p>P\u0159i objedn\u00e1n\u00ed je pot\u0159eba up\u0159esnit typ kotle.<\/p>\n<p>Ur\u010deno pro odbornou mont\u00e1\u017e.<\/p>\n","protected":false},"excerpt":{"rendered":"<p>Ethernetov\u00fd port pro vzd\u00e1lenou nebo m\u00edstn\u00ed slu\u017ebu pomoc\u00ed standardn\u00edho prohl\u00ed\u017ee\u010de<\/p>\n<p>Plnohodnotn\u00fd port modemu RS-232 pro vzd\u00e1lenou slu\u017ebu<\/p>\n<p>Rozhran\u00ed SD karty pro aktualizaci aplikac\u00ed a opera\u010dn\u00edho syst\u00e9mu<\/p>\n<p>\u0158\u00edd\u00edc\u00ed jednotku CLIMATIX POL 687.00 lze pou\u017e\u00edt i pro kotle VULCANUS, HERCULES UNO WEB<br \/>\na VIADRUS A3W WEB.<\/p>\n","protected":false},"featured_media":1923,"template":"","meta":[],"product_brand":[],"product_cat":[20],"product_tag":[],"class_list":{"0":"post-1922","1":"product","2":"type-product","3":"status-publish","4":"has-post-thumbnail","6":"product_cat-benekov","7":"product_shipping_class-gl","8":"thunk-woo-product-list","9":"opn-qv-enable","10":"top-store-woo-hover-","11":"top-store-single-product-tab-horizontal","12":"top-store-shadow-","13":"top-store-shadow-hover-","15":"first","16":"instock","17":"taxable","18":"shipping-taxable","19":"purchasable","20":"product-type-simple"},"_links":{"self":[{"href":"https:\/\/www.topnatechnika.com\/index.php?rest_route=\/wp\/v2\/product\/1922","targetHints":{"allow":["GET"]}}],"collection":[{"href":"https:\/\/www.topnatechnika.com\/index.php?rest_route=\/wp\/v2\/product"}],"about":[{"href":"https:\/\/www.topnatechnika.com\/index.php?rest_route=\/wp\/v2\/types\/product"}],"wp:featuredmedia":[{"embeddable":true,"href":"https:\/\/www.topnatechnika.com\/index.php?rest_route=\/wp\/v2\/media\/1923"}],"wp:attachment":[{"href":"https:\/\/www.topnatechnika.com\/index.php?rest_route=%2Fwp%2Fv2%2Fmedia&parent=1922"}],"wp:term":[{"taxonomy":"product_brand","embeddable":true,"href":"https:\/\/www.topnatechnika.com\/index.php?rest_route=%2Fwp%2Fv2%2Fproduct_brand&post=1922"},{"taxonomy":"product_cat","embeddable":true,"href":"https:\/\/www.topnatechnika.com\/index.php?rest_route=%2Fwp%2Fv2%2Fproduct_cat&post=1922"},{"taxonomy":"product_tag","embeddable":true,"href":"https:\/\/www.topnatechnika.com\/index.php?rest_route=%2Fwp%2Fv2%2Fproduct_tag&post=1922"}],"curies":[{"name":"wp","href":"https:\/\/api.w.org\/{rel}","templated":true}]}}