{"id":1935,"date":"2021-04-17T13:29:17","date_gmt":"2021-04-17T12:29:17","guid":{"rendered":"https:\/\/www.topnatechnika.com\/?post_type=product&#038;p=1935"},"modified":"2021-10-24T09:05:22","modified_gmt":"2021-10-24T08:05:22","slug":"centrala-zapalovaci","status":"publish","type":"product","link":"https:\/\/www.topnatechnika.com\/?product=centrala-zapalovaci","title":{"rendered":"Centr\u00e1la zapalovac\u00ed BRAHMA"},"content":{"rendered":"<p>Centr\u00e1la zapalovac\u00ed &#8211; BRAHMA CM31F<\/p>\n<p>EOLO IONO MAIOR\/@<br \/>\nEOLO IONO MAIOR S\/@<br \/>\nZEUS STANDARD\/MAIOR<br \/>\n(1.018160)<\/p>\n","protected":false},"excerpt":{"rendered":"<p>Centr\u00e1la zapalovac\u00ed &#8211; BRAHMA CM31F<\/p>\n<p>EOLO IONO MAIOR\/@<br \/>\nEOLO IONO MAIOR S\/@<br \/>\nZEUS STANDARD\/MAIOR<br \/>\n(1.018160)<\/p>\n","protected":false},"featured_media":1936,"template":"","meta":[],"product_brand":[],"product_cat":[16],"product_tag":[],"class_list":{"0":"post-1935","1":"product","2":"type-product","3":"status-publish","4":"has-post-thumbnail","6":"product_cat-immergas","7":"product_shipping_class-gl","8":"thunk-woo-product-list","9":"opn-qv-enable","10":"top-store-woo-hover-","11":"top-store-single-product-tab-horizontal","12":"top-store-shadow-","13":"top-store-shadow-hover-","15":"first","16":"instock","17":"taxable","18":"shipping-taxable","19":"purchasable","20":"product-type-simple"},"_links":{"self":[{"href":"https:\/\/www.topnatechnika.com\/index.php?rest_route=\/wp\/v2\/product\/1935","targetHints":{"allow":["GET"]}}],"collection":[{"href":"https:\/\/www.topnatechnika.com\/index.php?rest_route=\/wp\/v2\/product"}],"about":[{"href":"https:\/\/www.topnatechnika.com\/index.php?rest_route=\/wp\/v2\/types\/product"}],"wp:featuredmedia":[{"embeddable":true,"href":"https:\/\/www.topnatechnika.com\/index.php?rest_route=\/wp\/v2\/media\/1936"}],"wp:attachment":[{"href":"https:\/\/www.topnatechnika.com\/index.php?rest_route=%2Fwp%2Fv2%2Fmedia&parent=1935"}],"wp:term":[{"taxonomy":"product_brand","embeddable":true,"href":"https:\/\/www.topnatechnika.com\/index.php?rest_route=%2Fwp%2Fv2%2Fproduct_brand&post=1935"},{"taxonomy":"product_cat","embeddable":true,"href":"https:\/\/www.topnatechnika.com\/index.php?rest_route=%2Fwp%2Fv2%2Fproduct_cat&post=1935"},{"taxonomy":"product_tag","embeddable":true,"href":"https:\/\/www.topnatechnika.com\/index.php?rest_route=%2Fwp%2Fv2%2Fproduct_tag&post=1935"}],"curies":[{"name":"wp","href":"https:\/\/api.w.org\/{rel}","templated":true}]}}