{"id":1957,"date":"2021-04-19T13:28:53","date_gmt":"2021-04-19T12:28:53","guid":{"rendered":"https:\/\/www.topnatechnika.com\/?post_type=product&#038;p=1957"},"modified":"2022-04-05T09:31:31","modified_gmt":"2022-04-05T08:31:31","slug":"regulator-ecomax250r2-pro-lt20-uplny","status":"publish","type":"product","link":"https:\/\/www.topnatechnika.com\/?product=regulator-ecomax250r2-pro-lt20-uplny","title":{"rendered":"Benekov regul\u00e1tor ECOMAX 250 R2 &#8211; \u00fapln\u00fd"},"content":{"rendered":"<p>Regul\u00e1tor ECOMAX 250 R2\u00a0 &#8211; \u00fapln\u00fd (nedod\u00e1v\u00e1 se)<\/p>\n<p>N\u00e1hrada: regul\u00e1tor kotle BENEKOV EM800 R4 je modern\u00ed elektronick\u00e9 za\u0159\u00edzen\u00ed pro \u0159\u00edzen\u00ed pr\u00e1ce kotle na tuh\u00e1 paliva se \u0161nekov\u00fdm podava\u010dem,<\/p>\n<p>tato jednotka je pou\u017eita u kotl\u016f: B14\/B20\/B25\/CosmoTHERM U 26<\/p>\n<p>Sadu lze pou\u017e\u00edt pro z\u00e1m\u011bnu za EM 250 kter\u00e1 se nedod\u00e1v\u00e1. (obsahuje kompletn\u00ed kabel\u00e1\u017ee)<\/p>\n<p>Regul\u00e1tor je multifunk\u010dn\u00ed za\u0159\u00edzen\u00ed, kter\u00e9:<\/p>\n<ul>\n<li>automaticky udr\u017euje \u017e\u00e1danou teplotu kotle t\u00edm, \u017ee \u0159\u00edd\u00ed proces spalov\u00e1n\u00ed,<\/li>\n<li>\u010dasov\u011b reguluje \u0161nekov\u00fd podava\u010d a ventil\u00e1tor,<\/li>\n<li>automaticky udr\u017euje \u017e\u00e1danou teplotu z\u00e1sobn\u00edku TUV<\/li>\n<\/ul>\n<p>&nbsp;<\/p>\n","protected":false},"excerpt":{"rendered":"<p>Regul\u00e1tor ECOMAX 250 R2\u00a0 &#8211; \u00fapln\u00fd (nedod\u00e1v\u00e1 se)<\/p>\n<p>N\u00e1hrada: regul\u00e1tor kotle BENEKOV EM800 R4 je modern\u00ed elektronick\u00e9 za\u0159\u00edzen\u00ed pro \u0159\u00edzen\u00ed pr\u00e1ce kotle na tuh\u00e1 paliva se \u0161nekov\u00fdm podava\u010dem,<\/p>\n<p>tato jednotka je pou\u017eita u kotl\u016f: B14\/B20\/B25\/CosmoTHERM U 26<\/p>\n<p>Sadu lze pou\u017e\u00edt pro z\u00e1m\u011bnu za EM 250 kter\u00e1 se nedod\u00e1v\u00e1. (obsahuje kompletn\u00ed kabel\u00e1\u017ee)<\/p>\n<p>Regul\u00e1tor je multifunk\u010dn\u00ed za\u0159\u00edzen\u00ed, kter\u00e9:<\/p>\n<ul>\n<li>automaticky udr\u017euje \u017e\u00e1danou teplotu kotle t\u00edm, \u017ee \u0159\u00edd\u00ed proces spalov\u00e1n\u00ed,<\/li>\n<li>\u010dasov\u011b reguluje \u0161nekov\u00fd podava\u010d a ventil\u00e1tor,<\/li>\n<li>automaticky udr\u017euje \u017e\u00e1danou teplotu z\u00e1sobn\u00edku TUV<\/li>\n<\/ul>\n<p>&nbsp;<\/p>\n","protected":false},"featured_media":1958,"template":"","meta":[],"product_brand":[],"product_cat":[20],"product_tag":[57],"class_list":{"0":"post-1957","1":"product","2":"type-product","3":"status-publish","4":"has-post-thumbnail","6":"product_cat-benekov","7":"product_tag-57","8":"product_shipping_class-gl","9":"thunk-woo-product-list","10":"opn-qv-enable","11":"top-store-woo-hover-","12":"top-store-single-product-tab-horizontal","13":"top-store-shadow-","14":"top-store-shadow-hover-","16":"first","17":"outofstock","18":"taxable","19":"shipping-taxable","20":"purchasable","21":"product-type-simple"},"_links":{"self":[{"href":"https:\/\/www.topnatechnika.com\/index.php?rest_route=\/wp\/v2\/product\/1957","targetHints":{"allow":["GET"]}}],"collection":[{"href":"https:\/\/www.topnatechnika.com\/index.php?rest_route=\/wp\/v2\/product"}],"about":[{"href":"https:\/\/www.topnatechnika.com\/index.php?rest_route=\/wp\/v2\/types\/product"}],"wp:featuredmedia":[{"embeddable":true,"href":"https:\/\/www.topnatechnika.com\/index.php?rest_route=\/wp\/v2\/media\/1958"}],"wp:attachment":[{"href":"https:\/\/www.topnatechnika.com\/index.php?rest_route=%2Fwp%2Fv2%2Fmedia&parent=1957"}],"wp:term":[{"taxonomy":"product_brand","embeddable":true,"href":"https:\/\/www.topnatechnika.com\/index.php?rest_route=%2Fwp%2Fv2%2Fproduct_brand&post=1957"},{"taxonomy":"product_cat","embeddable":true,"href":"https:\/\/www.topnatechnika.com\/index.php?rest_route=%2Fwp%2Fv2%2Fproduct_cat&post=1957"},{"taxonomy":"product_tag","embeddable":true,"href":"https:\/\/www.topnatechnika.com\/index.php?rest_route=%2Fwp%2Fv2%2Fproduct_tag&post=1957"}],"curies":[{"name":"wp","href":"https:\/\/api.w.org\/{rel}","templated":true}]}}