{"id":1995,"date":"2021-04-22T12:55:53","date_gmt":"2021-04-22T11:55:53","guid":{"rendered":"https:\/\/www.topnatechnika.com\/?post_type=product&#038;p=1995"},"modified":"2022-11-15T12:45:50","modified_gmt":"2022-11-15T11:45:50","slug":"cidlo","status":"publish","type":"product","link":"https:\/\/www.topnatechnika.com\/?product=cidlo","title":{"rendered":"Benekov p\u0159\u00edlo\u017en\u00e9 \u010didlo teploty Siemens QAD 36\/101"},"content":{"rendered":"<p>P\u0159\u00edlo\u017en\u00e9 \u010didlo teploty QAD 36 je ur\u010den\u00e9 pro m\u011b\u0159en\u00ed teploty m\u00e9dia v potrub\u00ed. Svorkov\u00fd p\u00e1s k p\u0159ichycen\u00ed na trubku je sou\u010d\u00e1st\u00ed \u010didla a je vhodn\u00fd pro pr\u016fm\u011bry trubek od 15mm a\u017e do 150mm.<\/p>\n","protected":false},"excerpt":{"rendered":"<p>P\u0159\u00edlo\u017en\u00e9 \u010didlo teploty QAD 36 je ur\u010den\u00e9 pro m\u011b\u0159en\u00ed teploty m\u00e9dia v potrub\u00ed. Svorkov\u00fd p\u00e1s k p\u0159ichycen\u00ed na trubku je sou\u010d\u00e1st\u00ed \u010didla a je vhodn\u00fd pro pr\u016fm\u011bry trubek od 15mm a\u017e do 150mm. Pou\u017eit\u00ed pro kotle Benekov k omezen\u00ed teploty topn\u00e9 vody a omezen\u00ed teploty vratn\u00e9 vody. Doba odezvy 6s.<\/p>\n","protected":false},"featured_media":1996,"template":"","meta":[],"product_brand":[],"product_cat":[20],"product_tag":[],"class_list":{"0":"post-1995","1":"product","2":"type-product","3":"status-publish","4":"has-post-thumbnail","6":"product_cat-benekov","7":"product_shipping_class-gl","8":"thunk-woo-product-list","9":"opn-qv-enable","10":"top-store-woo-hover-","11":"top-store-single-product-tab-horizontal","12":"top-store-shadow-","13":"top-store-shadow-hover-","15":"first","16":"instock","17":"taxable","18":"shipping-taxable","19":"purchasable","20":"product-type-simple"},"_links":{"self":[{"href":"https:\/\/www.topnatechnika.com\/index.php?rest_route=\/wp\/v2\/product\/1995","targetHints":{"allow":["GET"]}}],"collection":[{"href":"https:\/\/www.topnatechnika.com\/index.php?rest_route=\/wp\/v2\/product"}],"about":[{"href":"https:\/\/www.topnatechnika.com\/index.php?rest_route=\/wp\/v2\/types\/product"}],"wp:featuredmedia":[{"embeddable":true,"href":"https:\/\/www.topnatechnika.com\/index.php?rest_route=\/wp\/v2\/media\/1996"}],"wp:attachment":[{"href":"https:\/\/www.topnatechnika.com\/index.php?rest_route=%2Fwp%2Fv2%2Fmedia&parent=1995"}],"wp:term":[{"taxonomy":"product_brand","embeddable":true,"href":"https:\/\/www.topnatechnika.com\/index.php?rest_route=%2Fwp%2Fv2%2Fproduct_brand&post=1995"},{"taxonomy":"product_cat","embeddable":true,"href":"https:\/\/www.topnatechnika.com\/index.php?rest_route=%2Fwp%2Fv2%2Fproduct_cat&post=1995"},{"taxonomy":"product_tag","embeddable":true,"href":"https:\/\/www.topnatechnika.com\/index.php?rest_route=%2Fwp%2Fv2%2Fproduct_tag&post=1995"}],"curies":[{"name":"wp","href":"https:\/\/api.w.org\/{rel}","templated":true}]}}