{"id":2001,"date":"2021-04-24T08:45:16","date_gmt":"2021-04-24T07:45:16","guid":{"rendered":"https:\/\/www.topnatechnika.com\/?post_type=product&#038;p=2001"},"modified":"2025-05-07T09:44:04","modified_gmt":"2025-05-07T08:44:04","slug":"vnitrek-tricestneho-ventilu","status":"publish","type":"product","link":"https:\/\/www.topnatechnika.com\/?product=vnitrek-tricestneho-ventilu","title":{"rendered":"Vnit\u0159ek t\u0159\u00edcestn\u00e9ho ventilu"},"content":{"rendered":"<p>Vnit\u0159ek t\u0159\u00edcestn\u00e9ho ventilu (3.012733 , 3.010994).<\/p>\n","protected":false},"excerpt":{"rendered":"<p>Vnit\u0159ek t\u0159\u00edcestn\u00e9ho ventilu (3.012733 , 3.010994)<\/p>\n","protected":false},"featured_media":2002,"template":"","meta":[],"product_brand":[],"product_cat":[16],"product_tag":[],"class_list":{"0":"post-2001","1":"product","2":"type-product","3":"status-publish","4":"has-post-thumbnail","6":"product_cat-immergas","7":"product_shipping_class-gl","8":"thunk-woo-product-list","9":"opn-qv-enable","10":"top-store-woo-hover-","11":"top-store-single-product-tab-horizontal","12":"top-store-shadow-","13":"top-store-shadow-hover-","15":"first","16":"instock","17":"taxable","18":"shipping-taxable","19":"purchasable","20":"product-type-simple"},"_links":{"self":[{"href":"https:\/\/www.topnatechnika.com\/index.php?rest_route=\/wp\/v2\/product\/2001","targetHints":{"allow":["GET"]}}],"collection":[{"href":"https:\/\/www.topnatechnika.com\/index.php?rest_route=\/wp\/v2\/product"}],"about":[{"href":"https:\/\/www.topnatechnika.com\/index.php?rest_route=\/wp\/v2\/types\/product"}],"wp:featuredmedia":[{"embeddable":true,"href":"https:\/\/www.topnatechnika.com\/index.php?rest_route=\/wp\/v2\/media\/2002"}],"wp:attachment":[{"href":"https:\/\/www.topnatechnika.com\/index.php?rest_route=%2Fwp%2Fv2%2Fmedia&parent=2001"}],"wp:term":[{"taxonomy":"product_brand","embeddable":true,"href":"https:\/\/www.topnatechnika.com\/index.php?rest_route=%2Fwp%2Fv2%2Fproduct_brand&post=2001"},{"taxonomy":"product_cat","embeddable":true,"href":"https:\/\/www.topnatechnika.com\/index.php?rest_route=%2Fwp%2Fv2%2Fproduct_cat&post=2001"},{"taxonomy":"product_tag","embeddable":true,"href":"https:\/\/www.topnatechnika.com\/index.php?rest_route=%2Fwp%2Fv2%2Fproduct_tag&post=2001"}],"curies":[{"name":"wp","href":"https:\/\/api.w.org\/{rel}","templated":true}]}}