{"id":2014,"date":"2021-04-24T10:15:38","date_gmt":"2021-04-24T09:15:38","guid":{"rendered":"https:\/\/www.topnatechnika.com\/?post_type=product&#038;p=2014"},"modified":"2021-10-24T09:00:47","modified_gmt":"2021-10-24T08:00:47","slug":"ventil-pojistny","status":"publish","type":"product","link":"https:\/\/www.topnatechnika.com\/?product=ventil-pojistny","title":{"rendered":"Ventil pojistn\u00fd"},"content":{"rendered":"<p>Ventil pojistn\u00fd topn\u00e9 vody &#8211; 3 bar<\/p>\n<p>VICTRIX X 12, VICTRIX 26 KW<\/p>\n","protected":false},"excerpt":{"rendered":"<p>Ventil pojistn\u00fd topn\u00e9 vody &#8211; 3 bar<\/p>\n<p>VICTRIX X 12, VICTRIX 26 KW<\/p>\n","protected":false},"featured_media":2016,"template":"","meta":[],"product_brand":[],"product_cat":[16],"product_tag":[],"class_list":{"0":"post-2014","1":"product","2":"type-product","3":"status-publish","4":"has-post-thumbnail","6":"product_cat-immergas","7":"product_shipping_class-gl","8":"thunk-woo-product-list","9":"opn-qv-enable","10":"top-store-woo-hover-","11":"top-store-single-product-tab-horizontal","12":"top-store-shadow-","13":"top-store-shadow-hover-","15":"first","16":"instock","17":"taxable","18":"shipping-taxable","19":"purchasable","20":"product-type-simple"},"_links":{"self":[{"href":"https:\/\/www.topnatechnika.com\/index.php?rest_route=\/wp\/v2\/product\/2014","targetHints":{"allow":["GET"]}}],"collection":[{"href":"https:\/\/www.topnatechnika.com\/index.php?rest_route=\/wp\/v2\/product"}],"about":[{"href":"https:\/\/www.topnatechnika.com\/index.php?rest_route=\/wp\/v2\/types\/product"}],"wp:featuredmedia":[{"embeddable":true,"href":"https:\/\/www.topnatechnika.com\/index.php?rest_route=\/wp\/v2\/media\/2016"}],"wp:attachment":[{"href":"https:\/\/www.topnatechnika.com\/index.php?rest_route=%2Fwp%2Fv2%2Fmedia&parent=2014"}],"wp:term":[{"taxonomy":"product_brand","embeddable":true,"href":"https:\/\/www.topnatechnika.com\/index.php?rest_route=%2Fwp%2Fv2%2Fproduct_brand&post=2014"},{"taxonomy":"product_cat","embeddable":true,"href":"https:\/\/www.topnatechnika.com\/index.php?rest_route=%2Fwp%2Fv2%2Fproduct_cat&post=2014"},{"taxonomy":"product_tag","embeddable":true,"href":"https:\/\/www.topnatechnika.com\/index.php?rest_route=%2Fwp%2Fv2%2Fproduct_tag&post=2014"}],"curies":[{"name":"wp","href":"https:\/\/api.w.org\/{rel}","templated":true}]}}