{"id":2024,"date":"2021-04-26T07:53:06","date_gmt":"2021-04-26T06:53:06","guid":{"rendered":"https:\/\/www.topnatechnika.com\/?post_type=product&#038;p=2024"},"modified":"2025-11-26T12:14:38","modified_gmt":"2025-11-26T11:14:38","slug":"reflektor-c17","status":"publish","type":"product","link":"https:\/\/www.topnatechnika.com\/?product=reflektor-c17","title":{"rendered":"Benekov reflektor C17"},"content":{"rendered":"<p>Do kotle BENEKOV C17, pat\u0159\u00ed 4 ks t\u00e9to keramiky. Lze pro kotel B20. Rozm\u011br 325x200x25.<\/p>\n<p><strong>Pro jednu objedn\u00e1vku maxim\u00e1ln\u011b 4 kusy.<\/strong><\/p>\n","protected":false},"excerpt":{"rendered":"<p>Do kotle BENEKOV C17 pat\u0159\u00ed 4 ks t\u00e9to keramiky. Lze pro kotel B20. Rozm\u011br 325x200x25.<\/p>\n<p><strong>Pro jednu objedn\u00e1vku maxim\u00e1ln\u011b 4 kusy.<\/strong><\/p>\n","protected":false},"featured_media":2392,"template":"","meta":[],"product_brand":[],"product_cat":[20],"product_tag":[],"class_list":{"0":"post-2024","1":"product","2":"type-product","3":"status-publish","4":"has-post-thumbnail","6":"product_cat-benekov","7":"product_shipping_class-toptrans-cr","8":"thunk-woo-product-list","9":"opn-qv-enable","10":"top-store-woo-hover-","11":"top-store-single-product-tab-horizontal","12":"top-store-shadow-","13":"top-store-shadow-hover-","15":"first","16":"instock","17":"taxable","18":"shipping-taxable","19":"purchasable","20":"product-type-simple"},"_links":{"self":[{"href":"https:\/\/www.topnatechnika.com\/index.php?rest_route=\/wp\/v2\/product\/2024","targetHints":{"allow":["GET"]}}],"collection":[{"href":"https:\/\/www.topnatechnika.com\/index.php?rest_route=\/wp\/v2\/product"}],"about":[{"href":"https:\/\/www.topnatechnika.com\/index.php?rest_route=\/wp\/v2\/types\/product"}],"wp:featuredmedia":[{"embeddable":true,"href":"https:\/\/www.topnatechnika.com\/index.php?rest_route=\/wp\/v2\/media\/2392"}],"wp:attachment":[{"href":"https:\/\/www.topnatechnika.com\/index.php?rest_route=%2Fwp%2Fv2%2Fmedia&parent=2024"}],"wp:term":[{"taxonomy":"product_brand","embeddable":true,"href":"https:\/\/www.topnatechnika.com\/index.php?rest_route=%2Fwp%2Fv2%2Fproduct_brand&post=2024"},{"taxonomy":"product_cat","embeddable":true,"href":"https:\/\/www.topnatechnika.com\/index.php?rest_route=%2Fwp%2Fv2%2Fproduct_cat&post=2024"},{"taxonomy":"product_tag","embeddable":true,"href":"https:\/\/www.topnatechnika.com\/index.php?rest_route=%2Fwp%2Fv2%2Fproduct_tag&post=2024"}],"curies":[{"name":"wp","href":"https:\/\/api.w.org\/{rel}","templated":true}]}}