{"id":204,"date":"2021-03-12T00:08:23","date_gmt":"2021-03-11T23:08:23","guid":{"rendered":"http:\/\/www.topnatechnika.com\/?product=modulacni-deska-12"},"modified":"2025-10-04T08:31:38","modified_gmt":"2025-10-04T06:31:38","slug":"modulacni-deska-12","status":"publish","type":"product","link":"https:\/\/www.topnatechnika.com\/?product=modulacni-deska-12","title":{"rendered":"Deska modula\u010dn\u00ed"},"content":{"rendered":"<p>Deska modula\u010dn\u00ed a zapalovac\u00ed CAESAR 14 STAR<\/p>\n<p>Ur\u010deno pro odbornou mont\u00e1\u017e.<\/p>\n","protected":false},"excerpt":{"rendered":"<p>Deska modula\u010dn\u00ed a zapalovac\u00ed CAESAR 14 STAR<\/p>\n<p>Ur\u010deno pro odbornou mont\u00e1\u017e.<\/p>\n","protected":false},"featured_media":1482,"template":"","meta":[],"product_brand":[],"product_cat":[16],"product_tag":[],"class_list":{"0":"post-204","1":"product","2":"type-product","3":"status-publish","4":"has-post-thumbnail","6":"product_cat-immergas","7":"product_shipping_class-gl","8":"thunk-woo-product-list","9":"opn-qv-enable","10":"top-store-woo-hover-","11":"top-store-single-product-tab-horizontal","12":"top-store-shadow-","13":"top-store-shadow-hover-","15":"first","16":"instock","17":"taxable","18":"shipping-taxable","19":"purchasable","20":"product-type-simple"},"_links":{"self":[{"href":"https:\/\/www.topnatechnika.com\/index.php?rest_route=\/wp\/v2\/product\/204","targetHints":{"allow":["GET"]}}],"collection":[{"href":"https:\/\/www.topnatechnika.com\/index.php?rest_route=\/wp\/v2\/product"}],"about":[{"href":"https:\/\/www.topnatechnika.com\/index.php?rest_route=\/wp\/v2\/types\/product"}],"wp:featuredmedia":[{"embeddable":true,"href":"https:\/\/www.topnatechnika.com\/index.php?rest_route=\/wp\/v2\/media\/1482"}],"wp:attachment":[{"href":"https:\/\/www.topnatechnika.com\/index.php?rest_route=%2Fwp%2Fv2%2Fmedia&parent=204"}],"wp:term":[{"taxonomy":"product_brand","embeddable":true,"href":"https:\/\/www.topnatechnika.com\/index.php?rest_route=%2Fwp%2Fv2%2Fproduct_brand&post=204"},{"taxonomy":"product_cat","embeddable":true,"href":"https:\/\/www.topnatechnika.com\/index.php?rest_route=%2Fwp%2Fv2%2Fproduct_cat&post=204"},{"taxonomy":"product_tag","embeddable":true,"href":"https:\/\/www.topnatechnika.com\/index.php?rest_route=%2Fwp%2Fv2%2Fproduct_tag&post=204"}],"curies":[{"name":"wp","href":"https:\/\/api.w.org\/{rel}","templated":true}]}}