{"id":2056,"date":"2021-05-01T09:36:37","date_gmt":"2021-05-01T08:36:37","guid":{"rendered":"https:\/\/www.topnatechnika.com\/?post_type=product&#038;p=2056"},"modified":"2022-02-06T09:53:47","modified_gmt":"2022-02-06T08:53:47","slug":"spinac-tlakovy-2","status":"publish","type":"product","link":"https:\/\/www.topnatechnika.com\/?product=spinac-tlakovy-2","title":{"rendered":"Sp\u00edna\u010d tlakov\u00fd"},"content":{"rendered":"<p>Sp\u00edna\u010d tlakov\u00fd<\/p>\n<p>VICTRIX TERA 24 PLUS, VICTRIX OMNIA<\/p>\n","protected":false},"excerpt":{"rendered":"<p>Sp\u00edna\u010d tlakov\u00fd<\/p>\n<p>VICTRIX TERA 24 PLUS, VICTRIX OMNIA<\/p>\n","protected":false},"featured_media":2762,"template":"","meta":[],"product_brand":[],"product_cat":[16],"product_tag":[],"class_list":{"0":"post-2056","1":"product","2":"type-product","3":"status-publish","4":"has-post-thumbnail","6":"product_cat-immergas","7":"product_shipping_class-gl","8":"thunk-woo-product-list","9":"opn-qv-enable","10":"top-store-woo-hover-","11":"top-store-single-product-tab-horizontal","12":"top-store-shadow-","13":"top-store-shadow-hover-","15":"first","16":"instock","17":"taxable","18":"shipping-taxable","19":"purchasable","20":"product-type-simple"},"_links":{"self":[{"href":"https:\/\/www.topnatechnika.com\/index.php?rest_route=\/wp\/v2\/product\/2056","targetHints":{"allow":["GET"]}}],"collection":[{"href":"https:\/\/www.topnatechnika.com\/index.php?rest_route=\/wp\/v2\/product"}],"about":[{"href":"https:\/\/www.topnatechnika.com\/index.php?rest_route=\/wp\/v2\/types\/product"}],"wp:featuredmedia":[{"embeddable":true,"href":"https:\/\/www.topnatechnika.com\/index.php?rest_route=\/wp\/v2\/media\/2762"}],"wp:attachment":[{"href":"https:\/\/www.topnatechnika.com\/index.php?rest_route=%2Fwp%2Fv2%2Fmedia&parent=2056"}],"wp:term":[{"taxonomy":"product_brand","embeddable":true,"href":"https:\/\/www.topnatechnika.com\/index.php?rest_route=%2Fwp%2Fv2%2Fproduct_brand&post=2056"},{"taxonomy":"product_cat","embeddable":true,"href":"https:\/\/www.topnatechnika.com\/index.php?rest_route=%2Fwp%2Fv2%2Fproduct_cat&post=2056"},{"taxonomy":"product_tag","embeddable":true,"href":"https:\/\/www.topnatechnika.com\/index.php?rest_route=%2Fwp%2Fv2%2Fproduct_tag&post=2056"}],"curies":[{"name":"wp","href":"https:\/\/api.w.org\/{rel}","templated":true}]}}