{"id":2105,"date":"2021-05-08T07:17:28","date_gmt":"2021-05-08T06:17:28","guid":{"rendered":"https:\/\/www.topnatechnika.com\/?post_type=product&#038;p=2105"},"modified":"2021-10-24T08:54:51","modified_gmt":"2021-10-24T07:54:51","slug":"vymenik-sekundarni-tuv-5","status":"publish","type":"product","link":"https:\/\/www.topnatechnika.com\/?product=vymenik-sekundarni-tuv-5","title":{"rendered":"V\u00fdm\u011bn\u00edk sekund\u00e1rn\u00ed TUV"},"content":{"rendered":"<p>V\u00fdm\u011bn\u00edk sekund\u00e1rn\u00ed TUV-MINI 24 kW<\/p>\n","protected":false},"excerpt":{"rendered":"<p>V\u00fdm\u011bn\u00edk sekund\u00e1rn\u00ed TUV-MINI 24 kW<\/p>\n","protected":false},"featured_media":2106,"template":"","meta":[],"product_brand":[],"product_cat":[16],"product_tag":[],"class_list":{"0":"post-2105","1":"product","2":"type-product","3":"status-publish","4":"has-post-thumbnail","6":"product_cat-immergas","7":"product_shipping_class-gl","8":"thunk-woo-product-list","9":"opn-qv-enable","10":"top-store-woo-hover-","11":"top-store-single-product-tab-horizontal","12":"top-store-shadow-","13":"top-store-shadow-hover-","15":"first","16":"instock","17":"taxable","18":"shipping-taxable","19":"purchasable","20":"product-type-simple"},"_links":{"self":[{"href":"https:\/\/www.topnatechnika.com\/index.php?rest_route=\/wp\/v2\/product\/2105","targetHints":{"allow":["GET"]}}],"collection":[{"href":"https:\/\/www.topnatechnika.com\/index.php?rest_route=\/wp\/v2\/product"}],"about":[{"href":"https:\/\/www.topnatechnika.com\/index.php?rest_route=\/wp\/v2\/types\/product"}],"wp:featuredmedia":[{"embeddable":true,"href":"https:\/\/www.topnatechnika.com\/index.php?rest_route=\/wp\/v2\/media\/2106"}],"wp:attachment":[{"href":"https:\/\/www.topnatechnika.com\/index.php?rest_route=%2Fwp%2Fv2%2Fmedia&parent=2105"}],"wp:term":[{"taxonomy":"product_brand","embeddable":true,"href":"https:\/\/www.topnatechnika.com\/index.php?rest_route=%2Fwp%2Fv2%2Fproduct_brand&post=2105"},{"taxonomy":"product_cat","embeddable":true,"href":"https:\/\/www.topnatechnika.com\/index.php?rest_route=%2Fwp%2Fv2%2Fproduct_cat&post=2105"},{"taxonomy":"product_tag","embeddable":true,"href":"https:\/\/www.topnatechnika.com\/index.php?rest_route=%2Fwp%2Fv2%2Fproduct_tag&post=2105"}],"curies":[{"name":"wp","href":"https:\/\/api.w.org\/{rel}","templated":true}]}}