{"id":2119,"date":"2021-05-12T11:16:19","date_gmt":"2021-05-12T10:16:19","guid":{"rendered":"https:\/\/www.topnatechnika.com\/?post_type=product&#038;p=2119"},"modified":"2021-10-24T08:38:01","modified_gmt":"2021-10-24T07:38:01","slug":"paket-cislo-13","status":"publish","type":"product","link":"https:\/\/www.topnatechnika.com\/?product=paket-cislo-13","title":{"rendered":"PAKET \u010c\u00cdSLO 13"},"content":{"rendered":"<p>HYDRAULICK\u00c1 SADA PRO ZAPOJEN\u00cd \u010c. 13a KOTL\u016e BENEKOV<br \/>\nekvitermn\u00ed regulace, modulace v\u00fdkonu<br \/>\n(t\u0159\u00edcestn\u00e9 ventily a pohony Siemens)<br \/>\ns \u0159\u00edd\u00edc\u00ed jednotkou Siemens Climatix Premium a Siemens Climatix 2<br \/>\npro 1 sm\u011b\u0161ovan\u00fd topn\u00fd okruh a TV<br \/>\nUr\u010deno pro automatick\u00e9 kotle: BENEKOV C17, C27, C17 BIO, C27 BIO, R16, R26<\/p>\n","protected":false},"excerpt":{"rendered":"<p>HYDRAULICK\u00c1 SADA PRO ZAPOJEN\u00cd \u010c. 13a KOTL\u016e BENEKOV<br \/>\nekvitermn\u00ed regulace, modulace v\u00fdkonu<br \/>\n(t\u0159\u00edcestn\u00e9 ventily a pohony Siemens)<br \/>\ns \u0159\u00edd\u00edc\u00ed jednotkou Siemens Climatix Premium a Siemens Climatix 2<br \/>\npro 1 sm\u011b\u0161ovan\u00fd topn\u00fd okruh a TV<br \/>\nUr\u010deno pro automatick\u00e9 kotle: BENEKOV C17, C27, C17 BIO, C27 BIO, R16, R26<\/p>\n","protected":false},"featured_media":2120,"template":"","meta":[],"product_brand":[],"product_cat":[43],"product_tag":[],"class_list":{"0":"post-2119","1":"product","2":"type-product","3":"status-publish","4":"has-post-thumbnail","6":"product_cat-hydraulicke-pakety","7":"product_shipping_class-toptrans-cr","8":"thunk-woo-product-list","9":"opn-qv-enable","10":"top-store-woo-hover-","11":"top-store-single-product-tab-horizontal","12":"top-store-shadow-","13":"top-store-shadow-hover-","15":"first","16":"onbackorder","17":"taxable","18":"shipping-taxable","19":"purchasable","20":"product-type-simple"},"_links":{"self":[{"href":"https:\/\/www.topnatechnika.com\/index.php?rest_route=\/wp\/v2\/product\/2119","targetHints":{"allow":["GET"]}}],"collection":[{"href":"https:\/\/www.topnatechnika.com\/index.php?rest_route=\/wp\/v2\/product"}],"about":[{"href":"https:\/\/www.topnatechnika.com\/index.php?rest_route=\/wp\/v2\/types\/product"}],"wp:featuredmedia":[{"embeddable":true,"href":"https:\/\/www.topnatechnika.com\/index.php?rest_route=\/wp\/v2\/media\/2120"}],"wp:attachment":[{"href":"https:\/\/www.topnatechnika.com\/index.php?rest_route=%2Fwp%2Fv2%2Fmedia&parent=2119"}],"wp:term":[{"taxonomy":"product_brand","embeddable":true,"href":"https:\/\/www.topnatechnika.com\/index.php?rest_route=%2Fwp%2Fv2%2Fproduct_brand&post=2119"},{"taxonomy":"product_cat","embeddable":true,"href":"https:\/\/www.topnatechnika.com\/index.php?rest_route=%2Fwp%2Fv2%2Fproduct_cat&post=2119"},{"taxonomy":"product_tag","embeddable":true,"href":"https:\/\/www.topnatechnika.com\/index.php?rest_route=%2Fwp%2Fv2%2Fproduct_tag&post=2119"}],"curies":[{"name":"wp","href":"https:\/\/api.w.org\/{rel}","templated":true}]}}