{"id":2125,"date":"2021-05-12T11:31:20","date_gmt":"2021-05-12T10:31:20","guid":{"rendered":"https:\/\/www.topnatechnika.com\/?post_type=product&#038;p=2125"},"modified":"2021-10-24T08:37:16","modified_gmt":"2021-10-24T07:37:16","slug":"paket-16-k-radio","status":"publish","type":"product","link":"https:\/\/www.topnatechnika.com\/?product=paket-16-k-radio","title":{"rendered":"Paket 16 K Radio"},"content":{"rendered":"<p>HYDRAULICK\u00c1 SADA PRO ZAPOJEN\u00cd 16 A 16 K KOTL\u016e BENEKOV<br \/>\nekvitermn\u00ed regulace, bez modulace v\u00fdkonu<br \/>\n(\u010dty\u0159cestn\u00fd ventil a pohon z Regulusu)<br \/>\ns \u0159\u00edd\u00edc\u00ed jednotkou EM 800 R4 BN nebo S.CONTROL pro 1 sm\u011b\u0161ovan\u00fd topn\u00fd okruh a TV<br \/>\nUr\u010deno pro kotle BENEKOV B16, B20, B21, B25, B26, K14, K20, K25, TRINNITY P20\/25<\/p>\n","protected":false},"excerpt":{"rendered":"<p>HYDRAULICK\u00c1 SADA PRO ZAPOJEN\u00cd 16 A 16 K KOTL\u016e BENEKOV<br \/>\nekvitermn\u00ed regulace, bez modulace v\u00fdkonu<br \/>\n(\u010dty\u0159cestn\u00fd ventil a pohon z Regulusu)<br \/>\ns \u0159\u00edd\u00edc\u00ed jednotkou EM 800 R4 BN nebo S.CONTROL pro 1 sm\u011b\u0161ovan\u00fd topn\u00fd okruh a TV<br \/>\nUr\u010deno pro kotle BENEKOV B16, B20, B21, B25, B26, K14, K20, K25, TRINNITY P20\/25<\/p>\n","protected":false},"featured_media":2126,"template":"","meta":[],"product_brand":[],"product_cat":[43],"product_tag":[],"class_list":{"0":"post-2125","1":"product","2":"type-product","3":"status-publish","4":"has-post-thumbnail","6":"product_cat-hydraulicke-pakety","7":"product_shipping_class-toptrans-cr","8":"thunk-woo-product-list","9":"opn-qv-enable","10":"top-store-woo-hover-","11":"top-store-single-product-tab-horizontal","12":"top-store-shadow-","13":"top-store-shadow-hover-","15":"first","16":"instock","17":"taxable","18":"shipping-taxable","19":"purchasable","20":"product-type-simple"},"_links":{"self":[{"href":"https:\/\/www.topnatechnika.com\/index.php?rest_route=\/wp\/v2\/product\/2125","targetHints":{"allow":["GET"]}}],"collection":[{"href":"https:\/\/www.topnatechnika.com\/index.php?rest_route=\/wp\/v2\/product"}],"about":[{"href":"https:\/\/www.topnatechnika.com\/index.php?rest_route=\/wp\/v2\/types\/product"}],"wp:featuredmedia":[{"embeddable":true,"href":"https:\/\/www.topnatechnika.com\/index.php?rest_route=\/wp\/v2\/media\/2126"}],"wp:attachment":[{"href":"https:\/\/www.topnatechnika.com\/index.php?rest_route=%2Fwp%2Fv2%2Fmedia&parent=2125"}],"wp:term":[{"taxonomy":"product_brand","embeddable":true,"href":"https:\/\/www.topnatechnika.com\/index.php?rest_route=%2Fwp%2Fv2%2Fproduct_brand&post=2125"},{"taxonomy":"product_cat","embeddable":true,"href":"https:\/\/www.topnatechnika.com\/index.php?rest_route=%2Fwp%2Fv2%2Fproduct_cat&post=2125"},{"taxonomy":"product_tag","embeddable":true,"href":"https:\/\/www.topnatechnika.com\/index.php?rest_route=%2Fwp%2Fv2%2Fproduct_tag&post=2125"}],"curies":[{"name":"wp","href":"https:\/\/api.w.org\/{rel}","templated":true}]}}