{"id":2154,"date":"2021-05-12T14:52:56","date_gmt":"2021-05-12T13:52:56","guid":{"rendered":"https:\/\/www.topnatechnika.com\/?post_type=product&#038;p=2154"},"modified":"2023-01-05T13:34:59","modified_gmt":"2023-01-05T12:34:59","slug":"motor-tricestneho-ventilu-5","status":"publish","type":"product","link":"https:\/\/www.topnatechnika.com\/?product=motor-tricestneho-ventilu-5","title":{"rendered":"Motor t\u0159\u00edcestn\u00e9ho ventilu"},"content":{"rendered":"<p>Motor t\u0159\u00edcestn\u00e9ho ventilu<\/p>\n<p>VICTRIX 12\/24 ( X ) TT 2 ERP,VICTRIX TERA 28 1 \/ 24 PLUS<\/p>\n","protected":false},"excerpt":{"rendered":"<p>Motor t\u0159\u00edcestn\u00e9ho ventilu<\/p>\n<p>VICTRIX 12\/24 ( X ) TT 2 ERP,VICTRIX TERA 28 1 \/ 24 PLUS<\/p>\n","protected":false},"featured_media":2156,"template":"","meta":[],"product_brand":[],"product_cat":[16],"product_tag":[],"class_list":{"0":"post-2154","1":"product","2":"type-product","3":"status-publish","4":"has-post-thumbnail","6":"product_cat-immergas","7":"product_shipping_class-gl","8":"thunk-woo-product-list","9":"opn-qv-enable","10":"top-store-woo-hover-","11":"top-store-single-product-tab-horizontal","12":"top-store-shadow-","13":"top-store-shadow-hover-","15":"first","16":"onbackorder","17":"taxable","18":"shipping-taxable","19":"purchasable","20":"product-type-simple"},"_links":{"self":[{"href":"https:\/\/www.topnatechnika.com\/index.php?rest_route=\/wp\/v2\/product\/2154","targetHints":{"allow":["GET"]}}],"collection":[{"href":"https:\/\/www.topnatechnika.com\/index.php?rest_route=\/wp\/v2\/product"}],"about":[{"href":"https:\/\/www.topnatechnika.com\/index.php?rest_route=\/wp\/v2\/types\/product"}],"wp:featuredmedia":[{"embeddable":true,"href":"https:\/\/www.topnatechnika.com\/index.php?rest_route=\/wp\/v2\/media\/2156"}],"wp:attachment":[{"href":"https:\/\/www.topnatechnika.com\/index.php?rest_route=%2Fwp%2Fv2%2Fmedia&parent=2154"}],"wp:term":[{"taxonomy":"product_brand","embeddable":true,"href":"https:\/\/www.topnatechnika.com\/index.php?rest_route=%2Fwp%2Fv2%2Fproduct_brand&post=2154"},{"taxonomy":"product_cat","embeddable":true,"href":"https:\/\/www.topnatechnika.com\/index.php?rest_route=%2Fwp%2Fv2%2Fproduct_cat&post=2154"},{"taxonomy":"product_tag","embeddable":true,"href":"https:\/\/www.topnatechnika.com\/index.php?rest_route=%2Fwp%2Fv2%2Fproduct_tag&post=2154"}],"curies":[{"name":"wp","href":"https:\/\/api.w.org\/{rel}","templated":true}]}}