{"id":2194,"date":"2021-05-15T08:32:12","date_gmt":"2021-05-15T07:32:12","guid":{"rendered":"https:\/\/www.topnatechnika.com\/?post_type=product&#038;p=2194"},"modified":"2025-10-04T08:20:08","modified_gmt":"2025-10-04T06:20:08","slug":"deska-modulacni-6","status":"publish","type":"product","link":"https:\/\/www.topnatechnika.com\/?product=deska-modulacni-6","title":{"rendered":"Deska modula\u010dn\u00ed"},"content":{"rendered":"<p>VICTRIX 12\/20 X TT 2 ERP, VICTRIX ZEUS 25<\/p>\n<p>Ur\u010deno pro odbornou mont\u00e1\u017e.<\/p>\n","protected":false},"excerpt":{"rendered":"<p>VICTRIX 12\/20 X TT 2 ERP, VICTRIX ZEUS 25<\/p>\n<p>Ur\u010deno pro odbornou mont\u00e1\u017e.<\/p>\n","protected":false},"featured_media":2195,"template":"","meta":[],"product_brand":[],"product_cat":[16],"product_tag":[],"class_list":{"0":"post-2194","1":"product","2":"type-product","3":"status-publish","4":"has-post-thumbnail","6":"product_cat-immergas","7":"product_shipping_class-gl","8":"thunk-woo-product-list","9":"opn-qv-enable","10":"top-store-woo-hover-","11":"top-store-single-product-tab-horizontal","12":"top-store-shadow-","13":"top-store-shadow-hover-","15":"first","16":"instock","17":"taxable","18":"shipping-taxable","19":"purchasable","20":"product-type-simple"},"_links":{"self":[{"href":"https:\/\/www.topnatechnika.com\/index.php?rest_route=\/wp\/v2\/product\/2194","targetHints":{"allow":["GET"]}}],"collection":[{"href":"https:\/\/www.topnatechnika.com\/index.php?rest_route=\/wp\/v2\/product"}],"about":[{"href":"https:\/\/www.topnatechnika.com\/index.php?rest_route=\/wp\/v2\/types\/product"}],"wp:featuredmedia":[{"embeddable":true,"href":"https:\/\/www.topnatechnika.com\/index.php?rest_route=\/wp\/v2\/media\/2195"}],"wp:attachment":[{"href":"https:\/\/www.topnatechnika.com\/index.php?rest_route=%2Fwp%2Fv2%2Fmedia&parent=2194"}],"wp:term":[{"taxonomy":"product_brand","embeddable":true,"href":"https:\/\/www.topnatechnika.com\/index.php?rest_route=%2Fwp%2Fv2%2Fproduct_brand&post=2194"},{"taxonomy":"product_cat","embeddable":true,"href":"https:\/\/www.topnatechnika.com\/index.php?rest_route=%2Fwp%2Fv2%2Fproduct_cat&post=2194"},{"taxonomy":"product_tag","embeddable":true,"href":"https:\/\/www.topnatechnika.com\/index.php?rest_route=%2Fwp%2Fv2%2Fproduct_tag&post=2194"}],"curies":[{"name":"wp","href":"https:\/\/api.w.org\/{rel}","templated":true}]}}