{"id":2215,"date":"2021-05-17T12:38:37","date_gmt":"2021-05-17T11:38:37","guid":{"rendered":"https:\/\/www.topnatechnika.com\/?post_type=product&#038;p=2215"},"modified":"2023-09-25T13:39:35","modified_gmt":"2023-09-25T12:39:35","slug":"victrix-tera-24-plus","status":"publish","type":"product","link":"https:\/\/www.topnatechnika.com\/?product=victrix-tera-24-plus","title":{"rendered":"VICTRIX TERA 24 PLUS"},"content":{"rendered":"<p>Immergas VICTRIX TERA 24 PLUS je n\u00e1st\u011bnn\u00fd kondenza\u010dn\u00ed kotel s uzav\u0159enou spalovac\u00ed komorou o tepeln\u00fdch v\u00fdkonech 4,3 &#8211; 24,1 kW v re\u017eimu vyt\u00e1p\u011bn\u00ed a 4,3 &#8211; 28,3 kW p\u0159i oh\u0159evu TUV, pokud je instalov\u00e1n nep\u0159\u00edmotopn\u00fd z\u00e1sobn\u00edk TUV. Kotel je\u00a0 ur\u010den k vyt\u00e1p\u011bn\u00ed s mo\u017enost\u00ed oh\u0159evu TUV v nep\u0159\u00edmotopn\u00e9m z\u00e1sobn\u00edku.<br \/>\nKotel VICTRIX TERA 24 PLUS je vybaven modulovan\u00fdm, energeticky \u00fasporn\u00fdm \u010derpadlem. Po dopojen\u00ed venkovn\u00ed sondy (3.014083, voliteln\u00e9 p\u0159\u00edslu\u0161enstv\u00ed) je ekvitermn\u00ed regulace v z\u00e1kladn\u00ed v\u00fdbav\u011b kotle. Nov\u00e1 elektronick\u00e1 v\u00fdbava dovoluje p\u0159ipojit \u0159\u00eddic\u00ed jednotku CAR<sup>V2<\/sup>, kter\u00e1 umo\u017e\u0148uje monitorov\u00e1n\u00ed kotle, d\u00e1lkov\u00e9 ovl\u00e1d\u00e1n\u00ed a regulaci v z\u00e1vislosti na aktu\u00e1ln\u00edch klimatick\u00fdch podm\u00ednk\u00e1ch. D\u00e1le\u00a0 elektronika kotle umo\u017e\u0148uje p\u0159ipojen\u00ed z\u00f3nov\u00fdch jednotek DIM ErP.<br \/>\nTento kotel je zaregistrov\u00e1n do datab\u00e1ze SVT (Seznam v\u00fdrobk\u016f a technologi\u00ed)\u00a0 k\u00a0 Opera\u010dn\u00edmu programu \u017divotn\u00ed prost\u0159ed\u00ed (OP\u017dP) 2014-2020 &#8222;Kotl\u00edkov\u00e9 dotace&#8220;.<\/p>\n<ul>\n<li>T\u0159\u00edda sezonn\u00ed energetick\u00e9 \u00fa\u010dinnosti vyt\u00e1p\u011bn\u00ed &#8211; A<\/li>\n<li>Nerezov\u00e1 spir\u00e1la kondenza\u010dn\u00edho v\u00fdm\u011bn\u00edku<\/li>\n<li>P\u0159ehledn\u00fd digit\u00e1ln\u00ed displej<\/li>\n<li>Energeticky \u00fasporn\u00e9 modulovan\u00e9 \u010derpadlo<\/li>\n<li>Elektrick\u00e9 kryt\u00ed IPX5D<\/li>\n<li>Mo\u017enost p\u0159ipojit nep\u0159\u00edmotopn\u00fd z\u00e1sobn\u00edk &#8211; trojcestn\u00fd ventil v z\u00e1kladn\u00ed v\u00fdbav\u011b<\/li>\n<li>Regulace okruhu TUV je ji\u017e v z\u00e1kladn\u00ed v\u00fdbav\u011b kotle<img loading=\"lazy\" decoding=\"async\" src=\"http:\/\/www.vipsgas.cz\/User_Files\/f\/images\/stories\/kotlikova-dotace-logo.jpg\" alt=\"kotlikova-dotace-logo\" width=\"150\" height=\"130\" \/><\/li>\n<li>Nastaviteln\u00fd by-pass v z\u00e1kladn\u00ed v\u00fdbav\u011b<\/li>\n<li>Ekvitermn\u00ed regulace v z\u00e1kladn\u00ed v\u00fdbav\u011b<\/li>\n<li>Mo\u017enost p\u0159ipojit z\u00f3nov\u00e9 jednotky DIM ErP<sup><br \/>\n<\/sup><\/li>\n<li>Mo\u017enost p\u0159ipojen\u00ed modula\u010dn\u00edho termostatu CAR<sup>V2<br \/>\n<\/sup><\/li>\n<li>Mo\u017enost vzd\u00e1len\u00e9 spr\u00e1vy kotle p\u0159es internet &#8211; DOMINUS<\/li>\n<li>Funkce vysou\u0161en\u00ed podlahy v z\u00e1kladn\u00ed v\u00fdbav\u011b<\/li>\n<li>T\u0159\u00edda NOx &#8211; 6<\/li>\n<li>Kotl\u00edkov\u00e1 dotace &#8211; SVT21964<\/li>\n<\/ul>\n","protected":false},"excerpt":{"rendered":"<p>Immergas VICTRIX TERA 24 PLUS je n\u00e1st\u011bnn\u00fd kondenza\u010dn\u00ed kotel s uzav\u0159enou spalovac\u00ed komorou o tepeln\u00fdch v\u00fdkonech 4,3 &#8211; 24,1 kW v re\u017eimu vyt\u00e1p\u011bn\u00ed a 4,3 &#8211; 28,3 kW p\u0159i oh\u0159evu TUV, pokud je instalov\u00e1n nep\u0159\u00edmotopn\u00fd z\u00e1sobn\u00edk TUV. Kotel je\u00a0 ur\u010den k vyt\u00e1p\u011bn\u00ed s mo\u017enost\u00ed oh\u0159evu TUV v nep\u0159\u00edmotopn\u00e9m z\u00e1sobn\u00edku.<br \/>\nKotel VICTRIX TERA 24 PLUS je vybaven modulovan\u00fdm, energeticky \u00fasporn\u00fdm \u010derpadlem. Po dopojen\u00ed venkovn\u00ed sondy (3.014083, voliteln\u00e9 p\u0159\u00edslu\u0161enstv\u00ed) je ekvitermn\u00ed regulace v z\u00e1kladn\u00ed v\u00fdbav\u011b kotle. Nov\u00e1 elektronick\u00e1 v\u00fdbava dovoluje p\u0159ipojit \u0159\u00eddic\u00ed jednotku CAR<sup>V2<\/sup>, kter\u00e1 umo\u017e\u0148uje monitorov\u00e1n\u00ed kotle, d\u00e1lkov\u00e9 ovl\u00e1d\u00e1n\u00ed a regulaci v z\u00e1vislosti na aktu\u00e1ln\u00edch klimatick\u00fdch podm\u00ednk\u00e1ch. D\u00e1le\u00a0 elektronika kotle umo\u017e\u0148uje p\u0159ipojen\u00ed z\u00f3nov\u00fdch jednotek DIM ErP.<br \/>\nTento kotel je zaregistrov\u00e1n do datab\u00e1ze SVT (Seznam v\u00fdrobk\u016f a technologi\u00ed)\u00a0 k\u00a0 Opera\u010dn\u00edmu programu \u017divotn\u00ed prost\u0159ed\u00ed (OP\u017dP) 2014-2020 &#8222;Kotl\u00edkov\u00e9 dotace&#8220;.<\/p>\n<ul>\n<li>T\u0159\u00edda sezonn\u00ed energetick\u00e9 \u00fa\u010dinnosti vyt\u00e1p\u011bn\u00ed &#8211; A<\/li>\n<li>Nerezov\u00e1 spir\u00e1la kondenza\u010dn\u00edho v\u00fdm\u011bn\u00edku<\/li>\n<li>P\u0159ehledn\u00fd digit\u00e1ln\u00ed displej<\/li>\n<li>Energeticky \u00fasporn\u00e9 modulovan\u00e9 \u010derpadlo<\/li>\n<li>Elektrick\u00e9 kryt\u00ed IPX5D<\/li>\n<li>Mo\u017enost p\u0159ipojit nep\u0159\u00edmotopn\u00fd z\u00e1sobn\u00edk &#8211; trojcestn\u00fd ventil v z\u00e1kladn\u00ed v\u00fdbav\u011b<\/li>\n<li>Regulace okruhu TUV je ji\u017e v z\u00e1kladn\u00ed v\u00fdbav\u011b kotle<img loading=\"lazy\" decoding=\"async\" src=\"http:\/\/www.vipsgas.cz\/User_Files\/f\/images\/stories\/kotlikova-dotace-logo.jpg\" alt=\"kotlikova-dotace-logo\" width=\"150\" height=\"130\" \/><\/li>\n<li>Nastaviteln\u00fd by-pass v z\u00e1kladn\u00ed v\u00fdbav\u011b<\/li>\n<li>Ekvitermn\u00ed regulace v z\u00e1kladn\u00ed v\u00fdbav\u011b<\/li>\n<li>Mo\u017enost p\u0159ipojit z\u00f3nov\u00e9 jednotky DIM ErP<sup><br \/>\n<\/sup><\/li>\n<li>Mo\u017enost p\u0159ipojen\u00ed modula\u010dn\u00edho termostatu CAR<sup>V2<br \/>\n<\/sup><\/li>\n<li>Mo\u017enost vzd\u00e1len\u00e9 spr\u00e1vy kotle p\u0159es internet &#8211; DOMINUS<\/li>\n<li>Funkce vysou\u0161en\u00ed podlahy v z\u00e1kladn\u00ed v\u00fdbav\u011b<\/li>\n<li>T\u0159\u00edda NOx &#8211; 6<\/li>\n<li>Kotl\u00edkov\u00e1 dotace &#8211; SVT21964<\/li>\n<\/ul>\n","protected":false},"featured_media":2216,"template":"","meta":[],"product_brand":[],"product_cat":[47],"product_tag":[],"class_list":{"0":"post-2215","1":"product","2":"type-product","3":"status-publish","4":"has-post-thumbnail","6":"product_cat-pouze-topne","7":"product_shipping_class-toptrans-cr","8":"thunk-woo-product-list","9":"opn-qv-enable","10":"top-store-woo-hover-","11":"top-store-single-product-tab-horizontal","12":"top-store-shadow-","13":"top-store-shadow-hover-","15":"first","16":"instock","17":"taxable","18":"shipping-taxable","19":"purchasable","20":"product-type-simple"},"_links":{"self":[{"href":"https:\/\/www.topnatechnika.com\/index.php?rest_route=\/wp\/v2\/product\/2215","targetHints":{"allow":["GET"]}}],"collection":[{"href":"https:\/\/www.topnatechnika.com\/index.php?rest_route=\/wp\/v2\/product"}],"about":[{"href":"https:\/\/www.topnatechnika.com\/index.php?rest_route=\/wp\/v2\/types\/product"}],"wp:featuredmedia":[{"embeddable":true,"href":"https:\/\/www.topnatechnika.com\/index.php?rest_route=\/wp\/v2\/media\/2216"}],"wp:attachment":[{"href":"https:\/\/www.topnatechnika.com\/index.php?rest_route=%2Fwp%2Fv2%2Fmedia&parent=2215"}],"wp:term":[{"taxonomy":"product_brand","embeddable":true,"href":"https:\/\/www.topnatechnika.com\/index.php?rest_route=%2Fwp%2Fv2%2Fproduct_brand&post=2215"},{"taxonomy":"product_cat","embeddable":true,"href":"https:\/\/www.topnatechnika.com\/index.php?rest_route=%2Fwp%2Fv2%2Fproduct_cat&post=2215"},{"taxonomy":"product_tag","embeddable":true,"href":"https:\/\/www.topnatechnika.com\/index.php?rest_route=%2Fwp%2Fv2%2Fproduct_tag&post=2215"}],"curies":[{"name":"wp","href":"https:\/\/api.w.org\/{rel}","templated":true}]}}