{"id":2244,"date":"2021-05-18T10:18:25","date_gmt":"2021-05-18T09:18:25","guid":{"rendered":"https:\/\/www.topnatechnika.com\/?post_type=product&#038;p=2244"},"modified":"2024-05-15T07:47:18","modified_gmt":"2024-05-15T06:47:18","slug":"victrix-zeus-superior-25","status":"publish","type":"product","link":"https:\/\/www.topnatechnika.com\/?product=victrix-zeus-superior-25","title":{"rendered":"VICTRIX Zeus Superior 25"},"content":{"rendered":"<p>Immergas VICTRIX Zeus Superior 25 je n\u00e1st\u011bnn\u00fd kondenza\u010dn\u00ed kotel se syst\u00e9mem adaptivn\u00edho \u0159\u00edzen\u00ed spalov\u00e1n\u00ed o tepeln\u00e9m v\u00fdkonu 2,3 &#8211; 25,0 kW ur\u010den\u00fd k vyt\u00e1p\u011bn\u00ed a oh\u0159evu TUV ve vestav\u011bn\u00e9m nerezov\u00e9m z\u00e1sobn\u00edku o objemu 54 litr\u016f.<br \/>\nKotel VICTRIX Zeus Superior 25 je vybaven modulovan\u00fdm, energeticky \u00fasporn\u00fdm \u010derpadlem. Po dopojen\u00ed venkovn\u00ed sondy (3.014083, voliteln\u00e9 p\u0159\u00edslu\u0161enstv\u00ed) je ekvitermn\u00ed regulace v z\u00e1kladn\u00ed v\u00fdbav\u011b kotle.<br \/>\nVysp\u011bl\u00e1 elektronika kotle umo\u017e\u0148uje nastaven\u00ed \u010dasov\u00fdch program\u016f pro oh\u0159ev TUV a vyt\u00e1p\u011bn\u00ed bez nutnosti instalace \u0159\u00eddic\u00ed jednotky. Ke kotli lze samoz\u0159ejm\u011b p\u0159ipojit \u0159\u00eddic\u00ed jednotku CAR<sup>V2<\/sup>\u00a0(v dr\u00e1tov\u00e9m \u010di v bezdr\u00e1tov\u00e9m proveden\u00ed) nebo \u0159\u00eddic\u00ed jednotku SMARTECH PLUS s mo\u017enost\u00ed vzd\u00e1len\u00e9ho ovl\u00e1d\u00e1n\u00ed p\u0159es internet. Oba typy modula\u010dn\u00edch \u0159\u00eddic\u00edch jednotek umo\u017e\u0148uj\u00ed monitorov\u00e1n\u00ed kotle a regulaci v z\u00e1vislosti na aktu\u00e1ln\u00edch klimatick\u00fdch podm\u00ednk\u00e1ch.<br \/>\nD\u00e1le je ke kotli je jako p\u0159\u00edslu\u0161enstv\u00ed dostupn\u00fd kompletn\u00ed syst\u00e9m pro z\u00f3nov\u00e9 vyt\u00e1p\u011bn\u00ed, kter\u00fd se skl\u00e1d\u00e1 z bezdr\u00e1tov\u00e9 z\u00f3nov\u00e9 centr\u00e1ly s bezdr\u00e1tov\u00fdmi \u010didly sn\u00edm\u00e1n\u00ed prostorov\u00e9 teploty a hydraulick\u00fdch rozd\u011blova\u010d\u016f DIM ErP (nebo desky rel\u00e9 pro ovl\u00e1d\u00e1n\u00ed z\u00f3nov\u00fdch ventil\u016f\/\u010derpadel).<br \/>\nTento kotel je zaregistrov\u00e1n do datab\u00e1ze SVT (Seznam v\u00fdrobk\u016f a technologi\u00ed)\u00a0 k\u00a0 Opera\u010dn\u00edmu programu \u017divotn\u00ed prost\u0159ed\u00ed (OP\u017dP) 2014-2020 &#8222;Kotl\u00edkov\u00e9 dotace&#8220;.<\/p>\n<ul>\n<li>T\u0159\u00edda sezonn\u00ed energetick\u00e9 \u00fa\u010dinnosti vyt\u00e1p\u011bn\u00ed &#8211; A<\/li>\n<li>T\u0159\u00edda energetick\u00e9 \u00fa\u010dinnosti oh\u0159evu TUV &#8211; A<\/li>\n<li>Deklarovan\u00fd z\u00e1t\u011b\u017eov\u00fd profil &#8211; XL<\/li>\n<li>P\u0159ehledn\u00fd ovl\u00e1dac\u00ed panel s velk\u00fdm displejem<\/li>\n<li>Energeticky \u00fasporn\u00e9 modulovan\u00e9 \u010derpadlo<\/li>\n<li>MENU kotle v \u010de\u0161tin\u011b<\/li>\n<li>Elektrick\u00e9 kryt\u00ed IPX5D<\/li>\n<li>Nerezov\u00fd vestav\u011bn\u00fd bojler TUV<\/li>\n<li>Nerezov\u00e1 spir\u00e1la bojleru TUV<\/li>\n<li>Nerezov\u00e1 spir\u00e1la kondenza\u010dn\u00edho v\u00fdm\u011bn\u00edku<\/li>\n<li>Teplotn\u00ed a \u010dasov\u00e9 \u0159\u00edzen\u00ed VYT\u00c1P\u011aN\u00cd a okruhu TUV v z\u00e1kladn\u00ed v\u00fdbav\u011b<\/li>\n<li>Mo\u017enost p\u0159ipojit bezdr\u00e1tovou z\u00f3novou centr\u00e1lu v\u010detn\u011b prostorov\u00fdch \u010didel<\/li>\n<li>Mo\u017enost cirkulace TUV po instalaci roz\u0161i\u0159uj\u00edc\u00ed sady do kotle<\/li>\n<li>Mo\u017enost p\u0159ipojit z\u00f3nov\u00e9 jednotky DIM ErP<\/li>\n<li>Funkce vysou\u0161en\u00ed podlahy v z\u00e1kladn\u00ed v\u00fdbav\u011b<\/li>\n<li>Ekvitermn\u00ed regulace v z\u00e1kladn\u00ed v\u00fdbav\u011b<\/li>\n<li>T\u0159\u00edda NOx &#8211; 6<\/li>\n<li>Kotl\u00edkov\u00e1 dotace &#8211; SVT26063<\/li>\n<\/ul>\n","protected":false},"excerpt":{"rendered":"<p>Immergas VICTRIX Zeus Superior 25 je n\u00e1st\u011bnn\u00fd kondenza\u010dn\u00ed kotel se syst\u00e9mem adaptivn\u00edho \u0159\u00edzen\u00ed spalov\u00e1n\u00ed o tepeln\u00e9m v\u00fdkonu 2,3 &#8211; 25,0 kW ur\u010den\u00fd k vyt\u00e1p\u011bn\u00ed a oh\u0159evu TUV ve vestav\u011bn\u00e9m nerezov\u00e9m z\u00e1sobn\u00edku o objemu 54 litr\u016f.<br \/>\nKotel VICTRIX Zeus Superior 25 je vybaven modulovan\u00fdm, energeticky \u00fasporn\u00fdm \u010derpadlem. Po dopojen\u00ed venkovn\u00ed sondy (3.014083, voliteln\u00e9 p\u0159\u00edslu\u0161enstv\u00ed) je ekvitermn\u00ed regulace v z\u00e1kladn\u00ed v\u00fdbav\u011b kotle.<br \/>\nVysp\u011bl\u00e1 elektronika kotle umo\u017e\u0148uje nastaven\u00ed \u010dasov\u00fdch program\u016f pro oh\u0159ev TUV a vyt\u00e1p\u011bn\u00ed bez nutnosti instalace \u0159\u00eddic\u00ed jednotky. Ke kotli lze samoz\u0159ejm\u011b p\u0159ipojit \u0159\u00eddic\u00ed jednotku CAR<sup>V2<\/sup>\u00a0(v dr\u00e1tov\u00e9m \u010di v bezdr\u00e1tov\u00e9m proveden\u00ed) nebo \u0159\u00eddic\u00ed jednotku SMARTECH PLUS s mo\u017enost\u00ed vzd\u00e1len\u00e9ho ovl\u00e1d\u00e1n\u00ed p\u0159es internet. Oba typy modula\u010dn\u00edch \u0159\u00eddic\u00edch jednotek umo\u017e\u0148uj\u00ed monitorov\u00e1n\u00ed kotle a regulaci v z\u00e1vislosti na aktu\u00e1ln\u00edch klimatick\u00fdch podm\u00ednk\u00e1ch.<br \/>\nD\u00e1le je ke kotli je jako p\u0159\u00edslu\u0161enstv\u00ed dostupn\u00fd kompletn\u00ed syst\u00e9m pro z\u00f3nov\u00e9 vyt\u00e1p\u011bn\u00ed, kter\u00fd se skl\u00e1d\u00e1 z bezdr\u00e1tov\u00e9 z\u00f3nov\u00e9 centr\u00e1ly s bezdr\u00e1tov\u00fdmi \u010didly sn\u00edm\u00e1n\u00ed prostorov\u00e9 teploty a hydraulick\u00fdch rozd\u011blova\u010d\u016f DIM ErP (nebo desky rel\u00e9 pro ovl\u00e1d\u00e1n\u00ed z\u00f3nov\u00fdch ventil\u016f\/\u010derpadel).<br \/>\nTento kotel je zaregistrov\u00e1n do datab\u00e1ze SVT (Seznam v\u00fdrobk\u016f a technologi\u00ed)\u00a0 k\u00a0 Opera\u010dn\u00edmu programu \u017divotn\u00ed prost\u0159ed\u00ed (OP\u017dP) 2014-2020 &#8222;Kotl\u00edkov\u00e9 dotace&#8220;.<\/p>\n<ul>\n<li>T\u0159\u00edda sezonn\u00ed energetick\u00e9 \u00fa\u010dinnosti vyt\u00e1p\u011bn\u00ed &#8211; A<\/li>\n<li>T\u0159\u00edda energetick\u00e9 \u00fa\u010dinnosti oh\u0159evu TUV &#8211; A<\/li>\n<li>Deklarovan\u00fd z\u00e1t\u011b\u017eov\u00fd profil &#8211; XL<\/li>\n<li>P\u0159ehledn\u00fd ovl\u00e1dac\u00ed panel s velk\u00fdm displejem<\/li>\n<li>Energeticky \u00fasporn\u00e9 modulovan\u00e9 \u010derpadlo<\/li>\n<li>MENU kotle v \u010de\u0161tin\u011b<\/li>\n<li>Elektrick\u00e9 kryt\u00ed IPX5D<\/li>\n<li>Nerezov\u00fd vestav\u011bn\u00fd bojler TUV<\/li>\n<li>Nerezov\u00e1 spir\u00e1la bojleru TUV<\/li>\n<li>Nerezov\u00e1 spir\u00e1la kondenza\u010dn\u00edho v\u00fdm\u011bn\u00edku<\/li>\n<li>Teplotn\u00ed a \u010dasov\u00e9 \u0159\u00edzen\u00ed VYT\u00c1P\u011aN\u00cd a okruhu TUV v z\u00e1kladn\u00ed v\u00fdbav\u011b<\/li>\n<li>Mo\u017enost p\u0159ipojit bezdr\u00e1tovou z\u00f3novou centr\u00e1lu v\u010detn\u011b prostorov\u00fdch \u010didel<\/li>\n<li>Mo\u017enost cirkulace TUV po instalaci roz\u0161i\u0159uj\u00edc\u00ed sady do kotle<\/li>\n<li>Mo\u017enost p\u0159ipojit z\u00f3nov\u00e9 jednotky DIM ErP<\/li>\n<li>Funkce vysou\u0161en\u00ed podlahy v z\u00e1kladn\u00ed v\u00fdbav\u011b<\/li>\n<li>Ekvitermn\u00ed regulace v z\u00e1kladn\u00ed v\u00fdbav\u011b<\/li>\n<li>T\u0159\u00edda NOx &#8211; 6<\/li>\n<li>Kotl\u00edkov\u00e1 dotace &#8211; SVT26063<\/li>\n<\/ul>\n","protected":false},"featured_media":2280,"template":"","meta":[],"product_brand":[],"product_cat":[49],"product_tag":[],"class_list":{"0":"post-2244","1":"product","2":"type-product","3":"status-publish","4":"has-post-thumbnail","6":"product_cat-kombinovane-s-vestavenym-bojlerem","7":"thunk-woo-product-list","8":"opn-qv-enable","9":"top-store-woo-hover-","10":"top-store-single-product-tab-horizontal","11":"top-store-shadow-","12":"top-store-shadow-hover-","14":"first","15":"instock","16":"taxable","17":"shipping-taxable","18":"purchasable","19":"product-type-simple"},"_links":{"self":[{"href":"https:\/\/www.topnatechnika.com\/index.php?rest_route=\/wp\/v2\/product\/2244","targetHints":{"allow":["GET"]}}],"collection":[{"href":"https:\/\/www.topnatechnika.com\/index.php?rest_route=\/wp\/v2\/product"}],"about":[{"href":"https:\/\/www.topnatechnika.com\/index.php?rest_route=\/wp\/v2\/types\/product"}],"wp:featuredmedia":[{"embeddable":true,"href":"https:\/\/www.topnatechnika.com\/index.php?rest_route=\/wp\/v2\/media\/2280"}],"wp:attachment":[{"href":"https:\/\/www.topnatechnika.com\/index.php?rest_route=%2Fwp%2Fv2%2Fmedia&parent=2244"}],"wp:term":[{"taxonomy":"product_brand","embeddable":true,"href":"https:\/\/www.topnatechnika.com\/index.php?rest_route=%2Fwp%2Fv2%2Fproduct_brand&post=2244"},{"taxonomy":"product_cat","embeddable":true,"href":"https:\/\/www.topnatechnika.com\/index.php?rest_route=%2Fwp%2Fv2%2Fproduct_cat&post=2244"},{"taxonomy":"product_tag","embeddable":true,"href":"https:\/\/www.topnatechnika.com\/index.php?rest_route=%2Fwp%2Fv2%2Fproduct_tag&post=2244"}],"curies":[{"name":"wp","href":"https:\/\/api.w.org\/{rel}","templated":true}]}}