{"id":2262,"date":"2021-05-18T12:54:42","date_gmt":"2021-05-18T11:54:42","guid":{"rendered":"https:\/\/www.topnatechnika.com\/?post_type=product&#038;p=2262"},"modified":"2024-05-15T07:31:37","modified_gmt":"2024-05-15T06:31:37","slug":"victrix-pro-35-2-erp","status":"publish","type":"product","link":"https:\/\/www.topnatechnika.com\/?product=victrix-pro-35-2-erp","title":{"rendered":"VICTRIX PRO 35 2 ErP"},"content":{"rendered":"<p>Immergas VICTRIX PRO 35 2 ErP je n\u00e1st\u011bnn\u00fd kondenza\u010dn\u00ed plynov\u00fd kotel s nucen\u00fdm odvodem spalin . Kotel disponuje v\u00fdkonem od 3,4 do 34,0 kW a je ur\u010den k vyt\u00e1p\u011bn\u00ed.<br \/>\nV z\u00e1vislosti na zvolen\u00e9m typu odkou\u0159en\u00ed lze kotel provozovat jako plynov\u00fd spot\u0159ebi\u010d v proveden\u00ed &#8222;B&#8220; \u010di &#8222;C&#8220;.<br \/>\nVICTRIX PRO 35 2 ErP je mo\u017en\u00e9 nainstalovat bu\u010f samostatn\u011b nebo do kask\u00e1dy (max. sestava 8 kotl\u016f). P\u0159i zapojen\u00ed kotl\u016f do kask\u00e1dy je nutn\u00e9 pou\u017e\u00edt vhodnou nad\u0159azenou regulaci nebo regul\u00e1tor THETA, kter\u00fd je vybaven \u0159\u00edzen\u00edm a\u017e 8 kotl\u016f v kask\u00e1d\u011b, 2 sm\u011b\u0161ovan\u00fdmi okruhy, 1 p\u0159\u00edm\u00fdm okruhem a 1 okruhem TUV. D\u00e1le m\u00e1 regul\u00e1tor k dispozici voliteln\u00e9 vstupy a v\u00fdstupy (2+2), kter\u00e9 lze vyu\u017e\u00edt k regulaci \u0161ir\u0161\u00edho regula\u010dn\u00edho celku.<\/p>\n<p>Tento kotel je zaregistrov\u00e1n do datab\u00e1ze SVT (Seznam v\u00fdrobk\u016f a technologi\u00ed)\u00a0 k\u00a0 Opera\u010dn\u00edmu programu \u017divotn\u00ed prost\u0159ed\u00ed (OP\u017dP) 2014-2020 &#8222;Kotl\u00edkov\u00e9 dotace&#8220;.<\/p>\n<ul>\n<li>T\u0159\u00edda sezonn\u00ed energetick\u00e9 \u00fa\u010dinnosti vyt\u00e1p\u011bn\u00ed &#8211; A<\/li>\n<li>Elektronick\u00e9 zapalov\u00e1n\u00ed a hl\u00edd\u00e1n\u00ed plamene<\/li>\n<li>Energeticky \u00fasporn\u00e9 modulovan\u00e9 \u010derpadlo<\/li>\n<li>Mo\u017enost \u0159azen\u00ed kotl\u016f do kask\u00e1dy<\/li>\n<li>Mo\u017enost regulace 0 &#8211; 10 V (teplota\/v\u00fdkon)<\/li>\n<li>Elektrick\u00e9 kryt\u00ed IPX5D<img loading=\"lazy\" decoding=\"async\" src=\"http:\/\/www.vipsgas.cz\/User_Files\/f\/images\/stories\/kotlikova-dotace-logo.jpg\" alt=\"kotlikova-dotace-logo\" width=\"150\" height=\"130\" \/><\/li>\n<li>Mo\u017enost jednoduch\u00e9 kask\u00e1dy 2 kotl\u016f bez nad\u0159azen\u00e9 regulace<\/li>\n<li>Mo\u017enost p\u0159ipojen\u00ed sondy venkovn\u00ed teploty<\/li>\n<li>Mo\u017enost vzd\u00e1len\u00e9 spr\u00e1vy regul\u00e1toru THETA<\/li>\n<li>Ekvitermn\u00ed regulace v z\u00e1kladn\u00ed v\u00fdbav\u011b<\/li>\n<li>T\u0159\u00edda NOx &#8211; 6<\/li>\n<li>Kotl\u00edkov\u00e1 dotace &#8211; SVT20088<\/li>\n<\/ul>\n","protected":false},"excerpt":{"rendered":"<p>Immergas VICTRIX PRO 35 2 ErP je n\u00e1st\u011bnn\u00fd kondenza\u010dn\u00ed plynov\u00fd kotel s nucen\u00fdm odvodem spalin . Kotel disponuje v\u00fdkonem od 3,4 do 34,0 kW a je ur\u010den k vyt\u00e1p\u011bn\u00ed. V z\u00e1vislosti na zvolen\u00e9m typu odkou\u0159en\u00ed lze kotel provozovat jako plynov\u00fd spot\u0159ebi\u010d v proveden\u00ed &#8222;B&#8220; \u010di &#8222;C&#8220;. VICTRIX PRO 35 2 ErP je mo\u017en\u00e9 nainstalovat bu\u010f &hellip;<\/p>\n<p class=\"read-more\"> <a class=\" thunk-readmore button \" href=\"https:\/\/www.topnatechnika.com\/?product=victrix-pro-35-2-erp\"> <span class=\"screen-reader-text\">VICTRIX PRO 35 2 ErP<\/span>V\u00edce<\/a><\/p>\n","protected":false},"featured_media":2263,"template":"","meta":[],"product_brand":[],"product_cat":[47],"product_tag":[],"class_list":{"0":"post-2262","1":"product","2":"type-product","3":"status-publish","4":"has-post-thumbnail","6":"product_cat-pouze-topne","7":"thunk-woo-product-list","8":"opn-qv-enable","9":"top-store-woo-hover-","10":"top-store-single-product-tab-horizontal","11":"top-store-shadow-","12":"top-store-shadow-hover-","14":"first","15":"instock","16":"taxable","17":"shipping-taxable","18":"purchasable","19":"product-type-simple"},"_links":{"self":[{"href":"https:\/\/www.topnatechnika.com\/index.php?rest_route=\/wp\/v2\/product\/2262","targetHints":{"allow":["GET"]}}],"collection":[{"href":"https:\/\/www.topnatechnika.com\/index.php?rest_route=\/wp\/v2\/product"}],"about":[{"href":"https:\/\/www.topnatechnika.com\/index.php?rest_route=\/wp\/v2\/types\/product"}],"wp:featuredmedia":[{"embeddable":true,"href":"https:\/\/www.topnatechnika.com\/index.php?rest_route=\/wp\/v2\/media\/2263"}],"wp:attachment":[{"href":"https:\/\/www.topnatechnika.com\/index.php?rest_route=%2Fwp%2Fv2%2Fmedia&parent=2262"}],"wp:term":[{"taxonomy":"product_brand","embeddable":true,"href":"https:\/\/www.topnatechnika.com\/index.php?rest_route=%2Fwp%2Fv2%2Fproduct_brand&post=2262"},{"taxonomy":"product_cat","embeddable":true,"href":"https:\/\/www.topnatechnika.com\/index.php?rest_route=%2Fwp%2Fv2%2Fproduct_cat&post=2262"},{"taxonomy":"product_tag","embeddable":true,"href":"https:\/\/www.topnatechnika.com\/index.php?rest_route=%2Fwp%2Fv2%2Fproduct_tag&post=2262"}],"curies":[{"name":"wp","href":"https:\/\/api.w.org\/{rel}","templated":true}]}}