{"id":2312,"date":"2021-06-30T12:31:11","date_gmt":"2021-06-30T11:31:11","guid":{"rendered":"https:\/\/www.topnatechnika.com\/?post_type=product&#038;p=2312"},"modified":"2025-10-04T08:18:40","modified_gmt":"2025-10-04T06:18:40","slug":"deska-modulacni-gas-modul","status":"publish","type":"product","link":"https:\/\/www.topnatechnika.com\/?product=deska-modulacni-gas-modul","title":{"rendered":"Deska modula\u010dn\u00ed &#8211; gas modul"},"content":{"rendered":"<ul>\n<li>VICTRIX 50 kW<\/li>\n<li>star\u00fd k\u00f3d :1.019958,1.025819,1.029224,1.029113,1.025821, 1.031597<\/li>\n<li>Ur\u010deno pro odbornou mont\u00e1\u017e.<\/li>\n<\/ul>\n","protected":false},"excerpt":{"rendered":"<p>star\u00fd k\u00f3d &#8211; 1.019958,1.025819,1.029224,1.029113,1.025821, 1.03159716<\/p>\n<p>Ur\u010deno pro odbornou mont\u00e1\u017e.<\/p>\n","protected":false},"featured_media":2313,"template":"","meta":[],"product_brand":[],"product_cat":[16],"product_tag":[],"class_list":{"0":"post-2312","1":"product","2":"type-product","3":"status-publish","4":"has-post-thumbnail","6":"product_cat-immergas","7":"product_shipping_class-gl","8":"thunk-woo-product-list","9":"opn-qv-enable","10":"top-store-woo-hover-","11":"top-store-single-product-tab-horizontal","12":"top-store-shadow-","13":"top-store-shadow-hover-","15":"first","16":"onbackorder","17":"taxable","18":"shipping-taxable","19":"purchasable","20":"product-type-simple"},"_links":{"self":[{"href":"https:\/\/www.topnatechnika.com\/index.php?rest_route=\/wp\/v2\/product\/2312","targetHints":{"allow":["GET"]}}],"collection":[{"href":"https:\/\/www.topnatechnika.com\/index.php?rest_route=\/wp\/v2\/product"}],"about":[{"href":"https:\/\/www.topnatechnika.com\/index.php?rest_route=\/wp\/v2\/types\/product"}],"wp:featuredmedia":[{"embeddable":true,"href":"https:\/\/www.topnatechnika.com\/index.php?rest_route=\/wp\/v2\/media\/2313"}],"wp:attachment":[{"href":"https:\/\/www.topnatechnika.com\/index.php?rest_route=%2Fwp%2Fv2%2Fmedia&parent=2312"}],"wp:term":[{"taxonomy":"product_brand","embeddable":true,"href":"https:\/\/www.topnatechnika.com\/index.php?rest_route=%2Fwp%2Fv2%2Fproduct_brand&post=2312"},{"taxonomy":"product_cat","embeddable":true,"href":"https:\/\/www.topnatechnika.com\/index.php?rest_route=%2Fwp%2Fv2%2Fproduct_cat&post=2312"},{"taxonomy":"product_tag","embeddable":true,"href":"https:\/\/www.topnatechnika.com\/index.php?rest_route=%2Fwp%2Fv2%2Fproduct_tag&post=2312"}],"curies":[{"name":"wp","href":"https:\/\/api.w.org\/{rel}","templated":true}]}}