{"id":2333,"date":"2021-08-17T14:25:24","date_gmt":"2021-08-17T13:25:24","guid":{"rendered":"https:\/\/www.topnatechnika.com\/?post_type=product&#038;p=2333"},"modified":"2021-12-06T10:03:30","modified_gmt":"2021-12-06T09:03:30","slug":"ventilator-4","status":"publish","type":"product","link":"https:\/\/www.topnatechnika.com\/?product=ventilator-4","title":{"rendered":"Ventil\u00e1tor"},"content":{"rendered":"<p>Ventil\u00e1tor teplovzdu\u0161n\u00fd pro <strong>AK4000, AK3000, AK2000.<\/strong><\/p>\n","protected":false},"excerpt":{"rendered":"<p>Ventil\u00e1tor teplovzdu\u0161n\u00fd pro <strong>AK4000, AK3000, AK2000.<\/strong><\/p>\n","protected":false},"featured_media":2334,"template":"","meta":[],"product_brand":[],"product_cat":[42],"product_tag":[],"class_list":{"0":"post-2333","1":"product","2":"type-product","3":"status-publish","4":"has-post-thumbnail","6":"product_cat-nahradni-dily-pro-kotle-vigas","7":"product_shipping_class-toptrans-cr","8":"thunk-woo-product-list","9":"opn-qv-enable","10":"top-store-woo-hover-","11":"top-store-single-product-tab-horizontal","12":"top-store-shadow-","13":"top-store-shadow-hover-","15":"first","16":"onbackorder","17":"taxable","18":"shipping-taxable","19":"purchasable","20":"product-type-simple"},"_links":{"self":[{"href":"https:\/\/www.topnatechnika.com\/index.php?rest_route=\/wp\/v2\/product\/2333","targetHints":{"allow":["GET"]}}],"collection":[{"href":"https:\/\/www.topnatechnika.com\/index.php?rest_route=\/wp\/v2\/product"}],"about":[{"href":"https:\/\/www.topnatechnika.com\/index.php?rest_route=\/wp\/v2\/types\/product"}],"wp:featuredmedia":[{"embeddable":true,"href":"https:\/\/www.topnatechnika.com\/index.php?rest_route=\/wp\/v2\/media\/2334"}],"wp:attachment":[{"href":"https:\/\/www.topnatechnika.com\/index.php?rest_route=%2Fwp%2Fv2%2Fmedia&parent=2333"}],"wp:term":[{"taxonomy":"product_brand","embeddable":true,"href":"https:\/\/www.topnatechnika.com\/index.php?rest_route=%2Fwp%2Fv2%2Fproduct_brand&post=2333"},{"taxonomy":"product_cat","embeddable":true,"href":"https:\/\/www.topnatechnika.com\/index.php?rest_route=%2Fwp%2Fv2%2Fproduct_cat&post=2333"},{"taxonomy":"product_tag","embeddable":true,"href":"https:\/\/www.topnatechnika.com\/index.php?rest_route=%2Fwp%2Fv2%2Fproduct_tag&post=2333"}],"curies":[{"name":"wp","href":"https:\/\/api.w.org\/{rel}","templated":true}]}}