{"id":2349,"date":"2021-08-23T14:36:45","date_gmt":"2021-08-23T13:36:45","guid":{"rendered":"https:\/\/www.topnatechnika.com\/?post_type=product&#038;p=2349"},"modified":"2025-01-15T09:37:57","modified_gmt":"2025-01-15T08:37:57","slug":"keramicke-zhavici-telisko","status":"publish","type":"product","link":"https:\/\/www.topnatechnika.com\/?product=keramicke-zhavici-telisko","title":{"rendered":"Benekov keramick\u00e1 zapalovac\u00ed spir\u00e1la"},"content":{"rendered":"<p>Keramick\u00e1 zapalovac\u00ed spir\u00e1la PSX-2.<\/p>\n<p>Typy kotl\u016f : K14,20,25,35,45 s ho\u0159\u00e1ky KIPI<\/p>\n<p>Tento n\u00e1hradn\u00ed d\u00edl pat\u0159\u00ed mezi spot\u0159ebn\u00ed materi\u00e1l.<br \/>\nV\u00fdrobce na n\u011bj poskytuje zkr\u00e1cenou z\u00e1ru\u010dn\u00ed lh\u016ftu v d\u00e9lce 6 m\u011bs\u00edc\u016f.<\/p>\n<p>Ur\u010deno pro odbornou mont\u00e1\u017e.<\/p>\n","protected":false},"excerpt":{"rendered":"<p>Keramick\u00e1 zapalovac\u00ed spir\u00e1la PSX-2.<\/p>\n<p>Typy kotl\u016f : K14,20,25,35,45 s ho\u0159\u00e1ky KIPI<\/p>\n<p>Tento n\u00e1hradn\u00ed d\u00edl pat\u0159\u00ed mezi spot\u0159ebn\u00ed materi\u00e1l.<br \/>\nV\u00fdrobce na n\u011bj poskytuje zkr\u00e1cenou z\u00e1ru\u010dn\u00ed lh\u016ftu v d\u00e9lce 6 m\u011bs\u00edc\u016f.<\/p>\n","protected":false},"featured_media":2351,"template":"","meta":[],"product_brand":[],"product_cat":[20],"product_tag":[],"class_list":{"0":"post-2349","1":"product","2":"type-product","3":"status-publish","4":"has-post-thumbnail","6":"product_cat-benekov","7":"product_shipping_class-gl","8":"thunk-woo-product-list","9":"opn-qv-enable","10":"top-store-woo-hover-","11":"top-store-single-product-tab-horizontal","12":"top-store-shadow-","13":"top-store-shadow-hover-","15":"first","16":"instock","17":"taxable","18":"shipping-taxable","19":"purchasable","20":"product-type-simple"},"_links":{"self":[{"href":"https:\/\/www.topnatechnika.com\/index.php?rest_route=\/wp\/v2\/product\/2349","targetHints":{"allow":["GET"]}}],"collection":[{"href":"https:\/\/www.topnatechnika.com\/index.php?rest_route=\/wp\/v2\/product"}],"about":[{"href":"https:\/\/www.topnatechnika.com\/index.php?rest_route=\/wp\/v2\/types\/product"}],"wp:featuredmedia":[{"embeddable":true,"href":"https:\/\/www.topnatechnika.com\/index.php?rest_route=\/wp\/v2\/media\/2351"}],"wp:attachment":[{"href":"https:\/\/www.topnatechnika.com\/index.php?rest_route=%2Fwp%2Fv2%2Fmedia&parent=2349"}],"wp:term":[{"taxonomy":"product_brand","embeddable":true,"href":"https:\/\/www.topnatechnika.com\/index.php?rest_route=%2Fwp%2Fv2%2Fproduct_brand&post=2349"},{"taxonomy":"product_cat","embeddable":true,"href":"https:\/\/www.topnatechnika.com\/index.php?rest_route=%2Fwp%2Fv2%2Fproduct_cat&post=2349"},{"taxonomy":"product_tag","embeddable":true,"href":"https:\/\/www.topnatechnika.com\/index.php?rest_route=%2Fwp%2Fv2%2Fproduct_tag&post=2349"}],"curies":[{"name":"wp","href":"https:\/\/api.w.org\/{rel}","templated":true}]}}