{"id":2355,"date":"2021-08-30T10:50:05","date_gmt":"2021-08-30T09:50:05","guid":{"rendered":"https:\/\/www.topnatechnika.com\/?post_type=product&#038;p=2355"},"modified":"2026-03-02T08:55:27","modified_gmt":"2026-03-02T07:55:27","slug":"keramika-horni-do-kotle-viadrus-u22-i-u26-sada","status":"publish","type":"product","link":"https:\/\/www.topnatechnika.com\/?product=keramika-horni-do-kotle-viadrus-u22-i-u26-sada","title":{"rendered":"Benekov keramika horn\u00ed do kotle BENEKOV LT (sada)"},"content":{"rendered":"<p>Pro vlo\u017een\u00ed do horn\u00ed komory kotle.<\/p>\n<p>Dopln\u011bk k p\u0159estavbov\u00fdm set\u016fm pro zv\u00fd\u0161en\u00ed \u00fa\u010dinnosti a v\u00fdkonu. Pouze pro litinov\u00e9 kotle Benekov LT. Pro jeden kotel jsou pot\u0159eba 2ks keramiky. Vhodn\u00fd pro p\u0159estavby litinov\u00fdch kotl\u016f Benekov LT. (cena za sadu)<\/p>\n<p>Ilustra\u010dn\u00ed foto.<\/p>\n","protected":false},"excerpt":{"rendered":"<p>Pro vlo\u017een\u00ed do horn\u00ed komory kotle pro zv\u00fd\u0161en\u00ed \u00fa\u010dinnosti a v\u00fdkonu. Do kotle jsou pot\u0159eba 2ks. Vhodn\u00fd pro p\u0159estavby litinov\u00fdch kotl\u016f Benekov LT. (cena za sadu)<\/p>\n<p>Ilustra\u010dn\u00ed foto<\/p>\n","protected":false},"featured_media":2356,"template":"","meta":[],"product_brand":[],"product_cat":[20],"product_tag":[],"class_list":{"0":"post-2355","1":"product","2":"type-product","3":"status-publish","4":"has-post-thumbnail","6":"product_cat-benekov","7":"product_shipping_class-toptrans-cr","8":"thunk-woo-product-list","9":"opn-qv-enable","10":"top-store-woo-hover-","11":"top-store-single-product-tab-horizontal","12":"top-store-shadow-","13":"top-store-shadow-hover-","15":"first","16":"outofstock","17":"taxable","18":"shipping-taxable","19":"purchasable","20":"product-type-simple"},"_links":{"self":[{"href":"https:\/\/www.topnatechnika.com\/index.php?rest_route=\/wp\/v2\/product\/2355","targetHints":{"allow":["GET"]}}],"collection":[{"href":"https:\/\/www.topnatechnika.com\/index.php?rest_route=\/wp\/v2\/product"}],"about":[{"href":"https:\/\/www.topnatechnika.com\/index.php?rest_route=\/wp\/v2\/types\/product"}],"wp:featuredmedia":[{"embeddable":true,"href":"https:\/\/www.topnatechnika.com\/index.php?rest_route=\/wp\/v2\/media\/2356"}],"wp:attachment":[{"href":"https:\/\/www.topnatechnika.com\/index.php?rest_route=%2Fwp%2Fv2%2Fmedia&parent=2355"}],"wp:term":[{"taxonomy":"product_brand","embeddable":true,"href":"https:\/\/www.topnatechnika.com\/index.php?rest_route=%2Fwp%2Fv2%2Fproduct_brand&post=2355"},{"taxonomy":"product_cat","embeddable":true,"href":"https:\/\/www.topnatechnika.com\/index.php?rest_route=%2Fwp%2Fv2%2Fproduct_cat&post=2355"},{"taxonomy":"product_tag","embeddable":true,"href":"https:\/\/www.topnatechnika.com\/index.php?rest_route=%2Fwp%2Fv2%2Fproduct_tag&post=2355"}],"curies":[{"name":"wp","href":"https:\/\/api.w.org\/{rel}","templated":true}]}}