{"id":2358,"date":"2021-08-30T11:15:50","date_gmt":"2021-08-30T10:15:50","guid":{"rendered":"https:\/\/www.topnatechnika.com\/?post_type=product&#038;p=2358"},"modified":"2026-03-02T08:55:03","modified_gmt":"2026-03-02T07:55:03","slug":"rozrazec-plamene-nad-horak","status":"publish","type":"product","link":"https:\/\/www.topnatechnika.com\/?product=rozrazec-plamene-nad-horak","title":{"rendered":"Benekov rozr\u00e1\u017ee\u010d plamene nad ho\u0159\u00e1k (sada)"},"content":{"rendered":"<p>Dopln\u011bk k p\u0159estavbov\u00fdm set\u016fm pro zv\u00fd\u0161en\u00ed \u00fa\u010dinnosti a pro je\u0161t\u011b ni\u017e\u0161\u00ed emise. Je to n\u00e1hrada za d\u0159\u00edve prod\u00e1van\u00e9 z\u00e1v\u011bsn\u00e9 odrazn\u00e9 klenby. Pro p\u0159estavby litinov\u00fdch kotl\u016f Benekov LT.<\/p>\n<p>Zvy\u0161uje \u00fa\u010dinnost spalov\u00e1n\u00ed a sni\u017euje emise. Vhodn\u00fd pro p\u0159estavby litinov\u00fdch kotl\u016f\u00a0 Benekov LT. (cena za sadu, 2 kusy)<\/p>\n<p>Ilustra\u010dn\u00ed foto<\/p>\n<p>&nbsp;<\/p>\n","protected":false},"excerpt":{"rendered":"<p>Dopln\u011bk k p\u0159estavbov\u00fdm set\u016fm pro zv\u00fd\u0161en\u00ed \u00fa\u010dinnosti a pro je\u0161t\u011b ni\u017e\u0161\u00ed emise. Je to n\u00e1hrada za d\u0159\u00edve prod\u00e1van\u00e9 z\u00e1v\u011bsn\u00e9 odrazn\u00e9 klenby. Pro p\u0159estavby litinov\u00fdch kotl\u016f LT.<\/p>\n<p>Zvy\u0161uje \u00fa\u010dinnost spalov\u00e1n\u00ed a sni\u017euje emise. Vhodn\u00fd pro p\u0159estavby litinov\u00fdch kotl\u016f\u00a0 Benekov LT. (cena za sadu, 2 kusy)<\/p>\n<p>Ilustra\u010dn\u00ed foto<\/p>\n","protected":false},"featured_media":2359,"template":"","meta":[],"product_brand":[],"product_cat":[20],"product_tag":[],"class_list":{"0":"post-2358","1":"product","2":"type-product","3":"status-publish","4":"has-post-thumbnail","6":"product_cat-benekov","7":"product_shipping_class-toptrans-cr","8":"thunk-woo-product-list","9":"opn-qv-enable","10":"top-store-woo-hover-","11":"top-store-single-product-tab-horizontal","12":"top-store-shadow-","13":"top-store-shadow-hover-","15":"first","16":"outofstock","17":"taxable","18":"shipping-taxable","19":"purchasable","20":"product-type-simple"},"_links":{"self":[{"href":"https:\/\/www.topnatechnika.com\/index.php?rest_route=\/wp\/v2\/product\/2358","targetHints":{"allow":["GET"]}}],"collection":[{"href":"https:\/\/www.topnatechnika.com\/index.php?rest_route=\/wp\/v2\/product"}],"about":[{"href":"https:\/\/www.topnatechnika.com\/index.php?rest_route=\/wp\/v2\/types\/product"}],"wp:featuredmedia":[{"embeddable":true,"href":"https:\/\/www.topnatechnika.com\/index.php?rest_route=\/wp\/v2\/media\/2359"}],"wp:attachment":[{"href":"https:\/\/www.topnatechnika.com\/index.php?rest_route=%2Fwp%2Fv2%2Fmedia&parent=2358"}],"wp:term":[{"taxonomy":"product_brand","embeddable":true,"href":"https:\/\/www.topnatechnika.com\/index.php?rest_route=%2Fwp%2Fv2%2Fproduct_brand&post=2358"},{"taxonomy":"product_cat","embeddable":true,"href":"https:\/\/www.topnatechnika.com\/index.php?rest_route=%2Fwp%2Fv2%2Fproduct_cat&post=2358"},{"taxonomy":"product_tag","embeddable":true,"href":"https:\/\/www.topnatechnika.com\/index.php?rest_route=%2Fwp%2Fv2%2Fproduct_tag&post=2358"}],"curies":[{"name":"wp","href":"https:\/\/api.w.org\/{rel}","templated":true}]}}